

{"id":5940,"date":"2026-02-18T14:06:18","date_gmt":"2026-02-18T13:06:18","guid":{"rendered":"https:\/\/picsoo.be\/?post_type=product&#038;p=5940"},"modified":"2026-03-04T15:00:34","modified_gmt":"2026-03-04T14:00:34","slug":"assistance-logiciel-support-technique-180-minutes","status":"publish","type":"product","link":"https:\/\/picsoo.be\/nl\/produit\/assistance-logiciel-support-technique-180-minutes\/","title":{"rendered":"Assistance Privil\u00e8ge 180 minutes"},"content":{"rendered":"<p data-start=\"707\" data-end=\"898\"><strong>Assistance Privil\u00e8ge &#8211; 180 minutes<\/strong><\/p>\n<p data-start=\"707\" data-end=\"898\">L\u2019assistance privil\u00e8ge 180 est une solution compl\u00e8te con\u00e7ue pour vous accompagner efficacement tout au long du d\u00e9ploiement et de l\u2019utilisation quotidienne de vos modules Picsoo et MINDOO.<\/p>\n<p data-start=\"900\" data-end=\"1096\">Gr\u00e2ce \u00e0 votre cr\u00e9dit de 180 minutes, vous b\u00e9n\u00e9ficiez d\u2019un accompagnement d\u00e9di\u00e9 pour r\u00e9pondre \u00e0 vos questions, ajuster certains r\u00e9glages ou encore int\u00e9grer vos donn\u00e9es existantes en toute s\u00e9curit\u00e9.<\/p>\n<ul>\n<li data-start=\"928\" data-end=\"1014\">\n<p data-start=\"930\" data-end=\"1014\"><strong data-start=\"930\" data-end=\"951\">Aide t\u00e9l\u00e9phonique<\/strong> : obtenez des r\u00e9ponses rapides pendant les heures ouvrables.<\/p>\n<\/li>\n<li data-start=\"1015\" data-end=\"1119\">\n<p data-start=\"1017\" data-end=\"1119\"><strong data-start=\"1017\" data-end=\"1044\">Intervention \u00e0 distance<\/strong> : acc\u00e8s \u00e0 votre ordinateur via TeamViewer pour une assistance imm\u00e9diate.<\/p>\n<\/li>\n<li data-start=\"1120\" data-end=\"1199\">\n<p data-start=\"1122\" data-end=\"1199\"><strong data-start=\"1122\" data-end=\"1150\">Configuration sur mesure<\/strong> : ajustement des param\u00e8tres selon vos besoins.<\/p>\n<\/li>\n<li data-start=\"1120\" data-end=\"1199\"><strong>Personnalisation des \u00e9crans<\/strong> : modification des \u00e9crans de saisie ou de consultation.<\/li>\n<li data-start=\"1290\" data-end=\"1370\">\n<p data-start=\"1292\" data-end=\"1370\"><strong data-start=\"1292\" data-end=\"1318\">Int\u00e9gration de donn\u00e9es<\/strong> : import s\u00e9curis\u00e9 de vos informations existantes.<\/p>\n<\/li>\n<li data-start=\"1371\" data-end=\"1461\">\n<p data-start=\"1373\" data-end=\"1461\"><strong data-start=\"1373\" data-end=\"1404\">Explications fonctionnelles<\/strong> : clarification de certaines options ou manipulations.<\/p>\n<\/li>\n<li data-start=\"1462\" data-end=\"1548\">\n<p data-start=\"1464\" data-end=\"1548\"><strong data-start=\"1464\" data-end=\"1486\">Suivi personnalis\u00e9<\/strong> : gestion de vos demandes par appel ou email.<\/p>\n<\/li>\n<\/ul>\n<p>&nbsp;<\/p>\n<p data-start=\"1098\" data-end=\"1327\">Ne perdez plus de temps \u00e0 rechercher une fonctionnalit\u00e9 ou \u00e0 reproduire une manipulation d\u00e9j\u00e0 effectu\u00e9e. Notre \u00e9quipe vous accompagne afin d\u2019optimiser votre utilisation et de garantir le bon fonctionnement de votre environnement.<\/p>\n","protected":false},"excerpt":{"rendered":"<p>Assistance Privil\u00e8ge &#8211; 180 minutes L\u2019assistance privil\u00e8ge 180 est une solution compl\u00e8te con\u00e7ue pour vous accompagner efficacement tout au long du d\u00e9ploiement et de l\u2019utilisation quotidienne de vos modules Picsoo et MINDOO. Gr\u00e2ce \u00e0 votre cr\u00e9dit de 180 minutes, vous b\u00e9n\u00e9ficiez d\u2019un accompagnement d\u00e9di\u00e9 pour r\u00e9pondre \u00e0 vos questions, ajuster certains r\u00e9glages ou encore int\u00e9grer [&hellip;]<\/p>\n","protected":false},"featured_media":0,"comment_status":"closed","ping_status":"closed","template":"","meta":{"_acf_changed":false},"product_brand":[],"product_cat":[17],"product_tag":[],"class_list":{"0":"post-5940","1":"product","2":"type-product","3":"status-publish","5":"product_cat-non-classe","7":"first","8":"instock","9":"virtual","10":"taxable","11":"purchasable","12":"product-type-simple"},"acf":[],"yoast_head":"<!-- This site is optimized with the Yoast SEO plugin v23.9 - https:\/\/yoast.com\/wordpress\/plugins\/seo\/ -->\n<title>Assistance Logiciel \u00e0 Distance\u2013Support Technique &amp; Configuration<\/title>\n<meta name=\"description\" content=\"B\u00e9n\u00e9ficiez de 180 minutes de support logiciel \u00e0 distance pour le param\u00e9trage, l\u2019int\u00e9gration de donn\u00e9es et la maintenance de vos modules Picsoo et MINDOO.\" \/>\n<meta name=\"robots\" content=\"index, follow, max-snippet:-1, max-image-preview:large, max-video-preview:-1\" \/>\n<link rel=\"canonical\" href=\"https:\/\/picsoo.be\/produit\/assistance-logiciel-support-technique-180-minutes\/\" \/>\n<meta property=\"og:locale\" content=\"nl_NL\" \/>\n<meta property=\"og:type\" content=\"article\" \/>\n<meta property=\"og:title\" content=\"Assistance Logiciel \u00e0 Distance\u2013Support Technique &amp; Configuration\" \/>\n<meta property=\"og:description\" content=\"B\u00e9n\u00e9ficiez de 180 minutes de support logiciel \u00e0 distance pour le param\u00e9trage, l\u2019int\u00e9gration de donn\u00e9es et la maintenance de vos modules Picsoo et MINDOO.\" \/>\n<meta property=\"og:url\" content=\"https:\/\/picsoo.be\/produit\/assistance-logiciel-support-technique-180-minutes\/\" \/>\n<meta property=\"article:publisher\" content=\"https:\/\/www.facebook.com\/PicsooAccountingSolution\" \/>\n<meta property=\"article:modified_time\" content=\"2026-03-04T14:00:34+00:00\" \/>\n<meta name=\"twitter:card\" content=\"summary_large_image\" \/>\n<meta name=\"twitter:label1\" content=\"Geschatte leestijd\" \/>\n\t<meta name=\"twitter:data1\" content=\"1 minuut\" \/>\n<script type=\"application\/ld+json\" class=\"yoast-schema-graph\">{\"@context\":\"https:\/\/schema.org\",\"@graph\":[{\"@type\":\"WebPage\",\"@id\":\"https:\/\/picsoo.be\/produit\/assistance-logiciel-support-technique-180-minutes\/\",\"url\":\"https:\/\/picsoo.be\/produit\/assistance-logiciel-support-technique-180-minutes\/\",\"name\":\"Assistance Logiciel \u00e0 Distance\u2013Support Technique & Configuration\",\"isPartOf\":{\"@id\":\"https:\/\/picsoo.be\/#website\"},\"datePublished\":\"2026-02-18T13:06:18+00:00\",\"dateModified\":\"2026-03-04T14:00:34+00:00\",\"description\":\"B\u00e9n\u00e9ficiez de 180 minutes de support logiciel \u00e0 distance pour le param\u00e9trage, l\u2019int\u00e9gration de donn\u00e9es et la maintenance de vos modules Picsoo et MINDOO.\",\"breadcrumb\":{\"@id\":\"https:\/\/picsoo.be\/produit\/assistance-logiciel-support-technique-180-minutes\/#breadcrumb\"},\"inLanguage\":\"nl-NL\",\"potentialAction\":[{\"@type\":\"ReadAction\",\"target\":[\"https:\/\/picsoo.be\/produit\/assistance-logiciel-support-technique-180-minutes\/\"]}]},{\"@type\":\"BreadcrumbList\",\"@id\":\"https:\/\/picsoo.be\/produit\/assistance-logiciel-support-technique-180-minutes\/#breadcrumb\",\"itemListElement\":[{\"@type\":\"ListItem\",\"position\":1,\"name\":\"Accueil\",\"item\":\"https:\/\/picsoo.be\/nl\/\"},{\"@type\":\"ListItem\",\"position\":2,\"name\":\"Winkel\",\"item\":\"https:\/\/picsoo.be\/nl\/winkel\/\"},{\"@type\":\"ListItem\",\"position\":3,\"name\":\"Assistance Privil\u00e8ge 180 minutes\"}]},{\"@type\":\"WebSite\",\"@id\":\"https:\/\/picsoo.be\/#website\",\"url\":\"https:\/\/picsoo.be\/\",\"name\":\"Picsoo\",\"description\":\"Uw oplossing voor facturatie en boekhouding\",\"publisher\":{\"@id\":\"https:\/\/picsoo.be\/#organization\"},\"potentialAction\":[{\"@type\":\"SearchAction\",\"target\":{\"@type\":\"EntryPoint\",\"urlTemplate\":\"https:\/\/picsoo.be\/?s={search_term_string}\"},\"query-input\":{\"@type\":\"PropertyValueSpecification\",\"valueRequired\":true,\"valueName\":\"search_term_string\"}}],\"inLanguage\":\"nl-NL\"},{\"@type\":\"Organization\",\"@id\":\"https:\/\/picsoo.be\/#organization\",\"name\":\"Picsoo\",\"url\":\"https:\/\/picsoo.be\/\",\"logo\":{\"@type\":\"ImageObject\",\"inLanguage\":\"nl-NL\",\"@id\":\"https:\/\/picsoo.be\/#\/schema\/logo\/image\/\",\"url\":\"https:\/\/picsoo.be\/wp-content\/uploads\/2023\/10\/Picsoo-Labels-WebDesign2-1-1.png\",\"contentUrl\":\"https:\/\/picsoo.be\/wp-content\/uploads\/2023\/10\/Picsoo-Labels-WebDesign2-1-1.png\",\"width\":508,\"height\":164,\"caption\":\"Picsoo\"},\"image\":{\"@id\":\"https:\/\/picsoo.be\/#\/schema\/logo\/image\/\"},\"sameAs\":[\"https:\/\/www.facebook.com\/PicsooAccountingSolution\"]}]}<\/script>\n<!-- \/ Yoast SEO plugin. -->","yoast_head_json":{"title":"Assistance Logiciel \u00e0 Distance\u2013Support Technique & Configuration","description":"B\u00e9n\u00e9ficiez de 180 minutes de support logiciel \u00e0 distance pour le param\u00e9trage, l\u2019int\u00e9gration de donn\u00e9es et la maintenance de vos modules Picsoo et MINDOO.","robots":{"index":"index","follow":"follow","max-snippet":"max-snippet:-1","max-image-preview":"max-image-preview:large","max-video-preview":"max-video-preview:-1"},"canonical":"https:\/\/picsoo.be\/produit\/assistance-logiciel-support-technique-180-minutes\/","og_locale":"nl_NL","og_type":"article","og_title":"Assistance Logiciel \u00e0 Distance\u2013Support Technique & Configuration","og_description":"B\u00e9n\u00e9ficiez de 180 minutes de support logiciel \u00e0 distance pour le param\u00e9trage, l\u2019int\u00e9gration de donn\u00e9es et la maintenance de vos modules Picsoo et MINDOO.","og_url":"https:\/\/picsoo.be\/produit\/assistance-logiciel-support-technique-180-minutes\/","article_publisher":"https:\/\/www.facebook.com\/PicsooAccountingSolution","article_modified_time":"2026-03-04T14:00:34+00:00","twitter_card":"summary_large_image","twitter_misc":{"Geschatte leestijd":"1 minuut"},"schema":{"@context":"https:\/\/schema.org","@graph":[{"@type":"WebPage","@id":"https:\/\/picsoo.be\/produit\/assistance-logiciel-support-technique-180-minutes\/","url":"https:\/\/picsoo.be\/produit\/assistance-logiciel-support-technique-180-minutes\/","name":"Assistance Logiciel \u00e0 Distance\u2013Support Technique & Configuration","isPartOf":{"@id":"https:\/\/picsoo.be\/#website"},"datePublished":"2026-02-18T13:06:18+00:00","dateModified":"2026-03-04T14:00:34+00:00","description":"B\u00e9n\u00e9ficiez de 180 minutes de support logiciel \u00e0 distance pour le param\u00e9trage, l\u2019int\u00e9gration de donn\u00e9es et la maintenance de vos modules Picsoo et MINDOO.","breadcrumb":{"@id":"https:\/\/picsoo.be\/produit\/assistance-logiciel-support-technique-180-minutes\/#breadcrumb"},"inLanguage":"nl-NL","potentialAction":[{"@type":"ReadAction","target":["https:\/\/picsoo.be\/produit\/assistance-logiciel-support-technique-180-minutes\/"]}]},{"@type":"BreadcrumbList","@id":"https:\/\/picsoo.be\/produit\/assistance-logiciel-support-technique-180-minutes\/#breadcrumb","itemListElement":[{"@type":"ListItem","position":1,"name":"Accueil","item":"https:\/\/picsoo.be\/nl\/"},{"@type":"ListItem","position":2,"name":"Winkel","item":"https:\/\/picsoo.be\/nl\/winkel\/"},{"@type":"ListItem","position":3,"name":"Assistance Privil\u00e8ge 180 minutes"}]},{"@type":"WebSite","@id":"https:\/\/picsoo.be\/#website","url":"https:\/\/picsoo.be\/","name":"Picsoo","description":"Uw oplossing voor facturatie en boekhouding","publisher":{"@id":"https:\/\/picsoo.be\/#organization"},"potentialAction":[{"@type":"SearchAction","target":{"@type":"EntryPoint","urlTemplate":"https:\/\/picsoo.be\/?s={search_term_string}"},"query-input":{"@type":"PropertyValueSpecification","valueRequired":true,"valueName":"search_term_string"}}],"inLanguage":"nl-NL"},{"@type":"Organization","@id":"https:\/\/picsoo.be\/#organization","name":"Picsoo","url":"https:\/\/picsoo.be\/","logo":{"@type":"ImageObject","inLanguage":"nl-NL","@id":"https:\/\/picsoo.be\/#\/schema\/logo\/image\/","url":"https:\/\/picsoo.be\/wp-content\/uploads\/2023\/10\/Picsoo-Labels-WebDesign2-1-1.png","contentUrl":"https:\/\/picsoo.be\/wp-content\/uploads\/2023\/10\/Picsoo-Labels-WebDesign2-1-1.png","width":508,"height":164,"caption":"Picsoo"},"image":{"@id":"https:\/\/picsoo.be\/#\/schema\/logo\/image\/"},"sameAs":["https:\/\/www.facebook.com\/PicsooAccountingSolution"]}]}},"_links":{"self":[{"href":"https:\/\/picsoo.be\/nl\/wp-json\/wp\/v2\/product\/5940","targetHints":{"allow":["GET"]}}],"collection":[{"href":"https:\/\/picsoo.be\/nl\/wp-json\/wp\/v2\/product"}],"about":[{"href":"https:\/\/picsoo.be\/nl\/wp-json\/wp\/v2\/types\/product"}],"replies":[{"embeddable":true,"href":"https:\/\/picsoo.be\/nl\/wp-json\/wp\/v2\/comments?post=5940"}],"wp:attachment":[{"href":"https:\/\/picsoo.be\/nl\/wp-json\/wp\/v2\/media?parent=5940"}],"wp:term":[{"taxonomy":"product_brand","embeddable":true,"href":"https:\/\/picsoo.be\/nl\/wp-json\/wp\/v2\/product_brand?post=5940"},{"taxonomy":"product_cat","embeddable":true,"href":"https:\/\/picsoo.be\/nl\/wp-json\/wp\/v2\/product_cat?post=5940"},{"taxonomy":"product_tag","embeddable":true,"href":"https:\/\/picsoo.be\/nl\/wp-json\/wp\/v2\/product_tag?post=5940"}],"curies":[{"name":"wp","href":"https:\/\/api.w.org\/{rel}","templated":true}]}}