

{"id":5928,"date":"2026-02-18T10:58:33","date_gmt":"2026-02-18T09:58:33","guid":{"rendered":"https:\/\/picsoo.be\/?post_type=product&#038;p=5928"},"modified":"2026-03-16T12:02:19","modified_gmt":"2026-03-16T11:02:19","slug":"logiciel-gestion-entreprise-tout-en-un-mindoo","status":"publish","type":"product","link":"https:\/\/picsoo.be\/nl\/produit\/logiciel-gestion-entreprise-tout-en-un-mindoo\/","title":{"rendered":"Pack All-in-One MINDOO"},"content":{"rendered":"<p data-start=\"717\" data-end=\"894\"><strong>Pack All-in-One MINDOO\u00a0<\/strong><\/p>\n<p data-start=\"717\" data-end=\"894\">(Comptabilit\u00e9 PRO + Gestion Commerciale PRO)<\/p>\n<p data-start=\"717\" data-end=\"894\">Le pack all in one mindoo est une solution compl\u00e8te con\u00e7ue pour centraliser la gestion de votre activit\u00e9 au quotidien dans un seul environnement intuitif et personnalisable.<\/p>\n<p data-start=\"896\" data-end=\"1065\">Gr\u00e2ce \u00e0 une interface flexible et adapt\u00e9e \u00e0 votre entreprise, vous pouvez g\u00e9rer efficacement vos op\u00e9rations et optimiser votre organisation sans multiplier les outils.<\/p>\n<p data-start=\"896\" data-end=\"1065\"><strong>Avec le Pack All-in-One MINDOO, vous pouvez notamment :<\/strong><\/p>\n<ul>\n<li data-start=\"1133\" data-end=\"1253\">\n<p data-start=\"1135\" data-end=\"1253\"><strong data-start=\"1135\" data-end=\"1156\">G\u00e9rer vos projets<\/strong> : suivi des t\u00e2ches, organisation des activit\u00e9s et \u00e9valuation de la rentabilit\u00e9 de chaque projet.<\/p>\n<\/li>\n<li data-start=\"1255\" data-end=\"1385\">\n<p data-start=\"1257\" data-end=\"1385\"><strong data-start=\"1257\" data-end=\"1286\">Centraliser vos documents<\/strong> : r\u00e9ception et traitement des informations pour un gain de temps significatif dans vos op\u00e9rations.<\/p>\n<\/li>\n<li data-start=\"1387\" data-end=\"1470\">\n<p data-start=\"1389\" data-end=\"1470\"><strong data-start=\"1389\" data-end=\"1422\">Suivre votre temps de travail<\/strong> : gestion et suivi des activit\u00e9s en temps r\u00e9el.<\/p>\n<\/li>\n<li data-start=\"1472\" data-end=\"1585\">\n<p data-start=\"1474\" data-end=\"1585\"><strong data-start=\"1474\" data-end=\"1508\">Enregistrer vos notes de frais<\/strong> : int\u00e9gration rapide via smartphone pour une meilleure gestion des d\u00e9penses.<\/p>\n<\/li>\n<li data-start=\"1587\" data-end=\"1698\">\n<p data-start=\"1589\" data-end=\"1698\"><strong data-start=\"1589\" data-end=\"1615\">Assurer la tra\u00e7abilit\u00e9<\/strong> : gestion des num\u00e9ros de s\u00e9rie et des lots pour un meilleur suivi de vos produits.<\/p>\n<\/li>\n<\/ul>\n","protected":false},"excerpt":{"rendered":"<p>Pack All-in-One MINDOO\u00a0 (Comptabilit\u00e9 PRO + Gestion Commerciale PRO) Le pack all in one mindoo est une solution compl\u00e8te con\u00e7ue pour centraliser la gestion de votre activit\u00e9 au quotidien dans un seul environnement intuitif et personnalisable. Gr\u00e2ce \u00e0 une interface flexible et adapt\u00e9e \u00e0 votre entreprise, vous pouvez g\u00e9rer efficacement vos op\u00e9rations et optimiser votre [&hellip;]<\/p>\n","protected":false},"featured_media":6067,"comment_status":"closed","ping_status":"closed","template":"","meta":{"_acf_changed":false},"product_brand":[],"product_cat":[17],"product_tag":[],"class_list":{"0":"post-5928","1":"product","2":"type-product","3":"status-publish","4":"has-post-thumbnail","6":"product_cat-non-classe","8":"first","9":"instock","10":"virtual","11":"taxable","12":"purchasable","13":"product-type-simple"},"acf":[],"yoast_head":"<!-- This site is optimized with the Yoast SEO plugin v23.9 - https:\/\/yoast.com\/wordpress\/plugins\/seo\/ -->\n<title>Logiciel de Gestion Entreprise Tout-en-Un \u2013 MINDOO<\/title>\n<meta name=\"description\" content=\"Pack All-in-One MINDOO : solution compl\u00e8te pour centraliser vos op\u00e9rations, optimiser vos processus et g\u00e9rer votre activit\u00e9 depuis un seul environnement.\" \/>\n<meta name=\"robots\" content=\"index, follow, max-snippet:-1, max-image-preview:large, max-video-preview:-1\" \/>\n<link rel=\"canonical\" href=\"https:\/\/picsoo.be\/produit\/logiciel-gestion-entreprise-tout-en-un-mindoo\/\" \/>\n<meta property=\"og:locale\" content=\"nl_NL\" \/>\n<meta property=\"og:type\" content=\"article\" \/>\n<meta property=\"og:title\" content=\"Logiciel de Gestion Entreprise Tout-en-Un \u2013 MINDOO\" \/>\n<meta property=\"og:description\" content=\"Pack All-in-One MINDOO : solution compl\u00e8te pour centraliser vos op\u00e9rations, optimiser vos processus et g\u00e9rer votre activit\u00e9 depuis un seul environnement.\" \/>\n<meta property=\"og:url\" content=\"https:\/\/picsoo.be\/produit\/logiciel-gestion-entreprise-tout-en-un-mindoo\/\" \/>\n<meta property=\"article:publisher\" content=\"https:\/\/www.facebook.com\/PicsooAccountingSolution\" \/>\n<meta property=\"article:modified_time\" content=\"2026-03-16T11:02:19+00:00\" \/>\n<meta property=\"og:image\" content=\"https:\/\/picsoo.be\/wp-content\/uploads\/2026\/02\/mindoo-all-in-one-200.png\" \/>\n\t<meta property=\"og:image:width\" content=\"200\" \/>\n\t<meta property=\"og:image:height\" content=\"200\" \/>\n\t<meta property=\"og:image:type\" content=\"image\/png\" \/>\n<meta name=\"twitter:card\" content=\"summary_large_image\" \/>\n<meta name=\"twitter:label1\" content=\"Geschatte leestijd\" \/>\n\t<meta name=\"twitter:data1\" content=\"1 minuut\" \/>\n<script type=\"application\/ld+json\" class=\"yoast-schema-graph\">{\"@context\":\"https:\/\/schema.org\",\"@graph\":[{\"@type\":\"WebPage\",\"@id\":\"https:\/\/picsoo.be\/produit\/logiciel-gestion-entreprise-tout-en-un-mindoo\/\",\"url\":\"https:\/\/picsoo.be\/produit\/logiciel-gestion-entreprise-tout-en-un-mindoo\/\",\"name\":\"Logiciel de Gestion Entreprise Tout-en-Un \u2013 MINDOO\",\"isPartOf\":{\"@id\":\"https:\/\/picsoo.be\/#website\"},\"primaryImageOfPage\":{\"@id\":\"https:\/\/picsoo.be\/produit\/logiciel-gestion-entreprise-tout-en-un-mindoo\/#primaryimage\"},\"image\":{\"@id\":\"https:\/\/picsoo.be\/produit\/logiciel-gestion-entreprise-tout-en-un-mindoo\/#primaryimage\"},\"thumbnailUrl\":\"https:\/\/picsoo.be\/wp-content\/uploads\/2026\/02\/mindoo-all-in-one-200.png\",\"datePublished\":\"2026-02-18T09:58:33+00:00\",\"dateModified\":\"2026-03-16T11:02:19+00:00\",\"description\":\"Pack All-in-One MINDOO : solution compl\u00e8te pour centraliser vos op\u00e9rations, optimiser vos processus et g\u00e9rer votre activit\u00e9 depuis un seul environnement.\",\"breadcrumb\":{\"@id\":\"https:\/\/picsoo.be\/produit\/logiciel-gestion-entreprise-tout-en-un-mindoo\/#breadcrumb\"},\"inLanguage\":\"nl-NL\",\"potentialAction\":[{\"@type\":\"ReadAction\",\"target\":[\"https:\/\/picsoo.be\/produit\/logiciel-gestion-entreprise-tout-en-un-mindoo\/\"]}]},{\"@type\":\"ImageObject\",\"inLanguage\":\"nl-NL\",\"@id\":\"https:\/\/picsoo.be\/produit\/logiciel-gestion-entreprise-tout-en-un-mindoo\/#primaryimage\",\"url\":\"https:\/\/picsoo.be\/wp-content\/uploads\/2026\/02\/mindoo-all-in-one-200.png\",\"contentUrl\":\"https:\/\/picsoo.be\/wp-content\/uploads\/2026\/02\/mindoo-all-in-one-200.png\",\"width\":200,\"height\":200},{\"@type\":\"BreadcrumbList\",\"@id\":\"https:\/\/picsoo.be\/produit\/logiciel-gestion-entreprise-tout-en-un-mindoo\/#breadcrumb\",\"itemListElement\":[{\"@type\":\"ListItem\",\"position\":1,\"name\":\"Accueil\",\"item\":\"https:\/\/picsoo.be\/nl\/\"},{\"@type\":\"ListItem\",\"position\":2,\"name\":\"Winkel\",\"item\":\"https:\/\/picsoo.be\/nl\/winkel\/\"},{\"@type\":\"ListItem\",\"position\":3,\"name\":\"Pack All-in-One MINDOO\"}]},{\"@type\":\"WebSite\",\"@id\":\"https:\/\/picsoo.be\/#website\",\"url\":\"https:\/\/picsoo.be\/\",\"name\":\"Picsoo\",\"description\":\"Uw oplossing voor facturatie en boekhouding\",\"publisher\":{\"@id\":\"https:\/\/picsoo.be\/#organization\"},\"potentialAction\":[{\"@type\":\"SearchAction\",\"target\":{\"@type\":\"EntryPoint\",\"urlTemplate\":\"https:\/\/picsoo.be\/?s={search_term_string}\"},\"query-input\":{\"@type\":\"PropertyValueSpecification\",\"valueRequired\":true,\"valueName\":\"search_term_string\"}}],\"inLanguage\":\"nl-NL\"},{\"@type\":\"Organization\",\"@id\":\"https:\/\/picsoo.be\/#organization\",\"name\":\"Picsoo\",\"url\":\"https:\/\/picsoo.be\/\",\"logo\":{\"@type\":\"ImageObject\",\"inLanguage\":\"nl-NL\",\"@id\":\"https:\/\/picsoo.be\/#\/schema\/logo\/image\/\",\"url\":\"https:\/\/picsoo.be\/wp-content\/uploads\/2023\/10\/Picsoo-Labels-WebDesign2-1-1.png\",\"contentUrl\":\"https:\/\/picsoo.be\/wp-content\/uploads\/2023\/10\/Picsoo-Labels-WebDesign2-1-1.png\",\"width\":508,\"height\":164,\"caption\":\"Picsoo\"},\"image\":{\"@id\":\"https:\/\/picsoo.be\/#\/schema\/logo\/image\/\"},\"sameAs\":[\"https:\/\/www.facebook.com\/PicsooAccountingSolution\"]}]}<\/script>\n<!-- \/ Yoast SEO plugin. -->","yoast_head_json":{"title":"Logiciel de Gestion Entreprise Tout-en-Un \u2013 MINDOO","description":"Pack All-in-One MINDOO : solution compl\u00e8te pour centraliser vos op\u00e9rations, optimiser vos processus et g\u00e9rer votre activit\u00e9 depuis un seul environnement.","robots":{"index":"index","follow":"follow","max-snippet":"max-snippet:-1","max-image-preview":"max-image-preview:large","max-video-preview":"max-video-preview:-1"},"canonical":"https:\/\/picsoo.be\/produit\/logiciel-gestion-entreprise-tout-en-un-mindoo\/","og_locale":"nl_NL","og_type":"article","og_title":"Logiciel de Gestion Entreprise Tout-en-Un \u2013 MINDOO","og_description":"Pack All-in-One MINDOO : solution compl\u00e8te pour centraliser vos op\u00e9rations, optimiser vos processus et g\u00e9rer votre activit\u00e9 depuis un seul environnement.","og_url":"https:\/\/picsoo.be\/produit\/logiciel-gestion-entreprise-tout-en-un-mindoo\/","article_publisher":"https:\/\/www.facebook.com\/PicsooAccountingSolution","article_modified_time":"2026-03-16T11:02:19+00:00","og_image":[{"width":200,"height":200,"url":"https:\/\/picsoo.be\/wp-content\/uploads\/2026\/02\/mindoo-all-in-one-200.png","type":"image\/png"}],"twitter_card":"summary_large_image","twitter_misc":{"Geschatte leestijd":"1 minuut"},"schema":{"@context":"https:\/\/schema.org","@graph":[{"@type":"WebPage","@id":"https:\/\/picsoo.be\/produit\/logiciel-gestion-entreprise-tout-en-un-mindoo\/","url":"https:\/\/picsoo.be\/produit\/logiciel-gestion-entreprise-tout-en-un-mindoo\/","name":"Logiciel de Gestion Entreprise Tout-en-Un \u2013 MINDOO","isPartOf":{"@id":"https:\/\/picsoo.be\/#website"},"primaryImageOfPage":{"@id":"https:\/\/picsoo.be\/produit\/logiciel-gestion-entreprise-tout-en-un-mindoo\/#primaryimage"},"image":{"@id":"https:\/\/picsoo.be\/produit\/logiciel-gestion-entreprise-tout-en-un-mindoo\/#primaryimage"},"thumbnailUrl":"https:\/\/picsoo.be\/wp-content\/uploads\/2026\/02\/mindoo-all-in-one-200.png","datePublished":"2026-02-18T09:58:33+00:00","dateModified":"2026-03-16T11:02:19+00:00","description":"Pack All-in-One MINDOO : solution compl\u00e8te pour centraliser vos op\u00e9rations, optimiser vos processus et g\u00e9rer votre activit\u00e9 depuis un seul environnement.","breadcrumb":{"@id":"https:\/\/picsoo.be\/produit\/logiciel-gestion-entreprise-tout-en-un-mindoo\/#breadcrumb"},"inLanguage":"nl-NL","potentialAction":[{"@type":"ReadAction","target":["https:\/\/picsoo.be\/produit\/logiciel-gestion-entreprise-tout-en-un-mindoo\/"]}]},{"@type":"ImageObject","inLanguage":"nl-NL","@id":"https:\/\/picsoo.be\/produit\/logiciel-gestion-entreprise-tout-en-un-mindoo\/#primaryimage","url":"https:\/\/picsoo.be\/wp-content\/uploads\/2026\/02\/mindoo-all-in-one-200.png","contentUrl":"https:\/\/picsoo.be\/wp-content\/uploads\/2026\/02\/mindoo-all-in-one-200.png","width":200,"height":200},{"@type":"BreadcrumbList","@id":"https:\/\/picsoo.be\/produit\/logiciel-gestion-entreprise-tout-en-un-mindoo\/#breadcrumb","itemListElement":[{"@type":"ListItem","position":1,"name":"Accueil","item":"https:\/\/picsoo.be\/nl\/"},{"@type":"ListItem","position":2,"name":"Winkel","item":"https:\/\/picsoo.be\/nl\/winkel\/"},{"@type":"ListItem","position":3,"name":"Pack All-in-One MINDOO"}]},{"@type":"WebSite","@id":"https:\/\/picsoo.be\/#website","url":"https:\/\/picsoo.be\/","name":"Picsoo","description":"Uw oplossing voor facturatie en boekhouding","publisher":{"@id":"https:\/\/picsoo.be\/#organization"},"potentialAction":[{"@type":"SearchAction","target":{"@type":"EntryPoint","urlTemplate":"https:\/\/picsoo.be\/?s={search_term_string}"},"query-input":{"@type":"PropertyValueSpecification","valueRequired":true,"valueName":"search_term_string"}}],"inLanguage":"nl-NL"},{"@type":"Organization","@id":"https:\/\/picsoo.be\/#organization","name":"Picsoo","url":"https:\/\/picsoo.be\/","logo":{"@type":"ImageObject","inLanguage":"nl-NL","@id":"https:\/\/picsoo.be\/#\/schema\/logo\/image\/","url":"https:\/\/picsoo.be\/wp-content\/uploads\/2023\/10\/Picsoo-Labels-WebDesign2-1-1.png","contentUrl":"https:\/\/picsoo.be\/wp-content\/uploads\/2023\/10\/Picsoo-Labels-WebDesign2-1-1.png","width":508,"height":164,"caption":"Picsoo"},"image":{"@id":"https:\/\/picsoo.be\/#\/schema\/logo\/image\/"},"sameAs":["https:\/\/www.facebook.com\/PicsooAccountingSolution"]}]}},"_links":{"self":[{"href":"https:\/\/picsoo.be\/nl\/wp-json\/wp\/v2\/product\/5928","targetHints":{"allow":["GET"]}}],"collection":[{"href":"https:\/\/picsoo.be\/nl\/wp-json\/wp\/v2\/product"}],"about":[{"href":"https:\/\/picsoo.be\/nl\/wp-json\/wp\/v2\/types\/product"}],"replies":[{"embeddable":true,"href":"https:\/\/picsoo.be\/nl\/wp-json\/wp\/v2\/comments?post=5928"}],"wp:featuredmedia":[{"embeddable":true,"href":"https:\/\/picsoo.be\/nl\/wp-json\/wp\/v2\/media\/6067"}],"wp:attachment":[{"href":"https:\/\/picsoo.be\/nl\/wp-json\/wp\/v2\/media?parent=5928"}],"wp:term":[{"taxonomy":"product_brand","embeddable":true,"href":"https:\/\/picsoo.be\/nl\/wp-json\/wp\/v2\/product_brand?post=5928"},{"taxonomy":"product_cat","embeddable":true,"href":"https:\/\/picsoo.be\/nl\/wp-json\/wp\/v2\/product_cat?post=5928"},{"taxonomy":"product_tag","embeddable":true,"href":"https:\/\/picsoo.be\/nl\/wp-json\/wp\/v2\/product_tag?post=5928"}],"curies":[{"name":"wp","href":"https:\/\/api.w.org\/{rel}","templated":true}]}}