

{"id":5926,"date":"2026-02-18T10:48:13","date_gmt":"2026-02-18T09:48:13","guid":{"rendered":"https:\/\/picsoo.be\/?post_type=product&#038;p=5926"},"modified":"2026-03-04T11:20:25","modified_gmt":"2026-03-04T10:20:25","slug":"logiciel-comptabilite-facturation-entreprise-duo-classique","status":"publish","type":"product","link":"https:\/\/picsoo.be\/nl\/produit\/logiciel-comptabilite-facturation-entreprise-duo-classique\/","title":{"rendered":"Pack DUO classique"},"content":{"rendered":"<p data-start=\"687\" data-end=\"884\"><strong>Pack DUO classique<\/strong><\/p>\n<p data-start=\"687\" data-end=\"884\">\n<p data-start=\"687\" data-end=\"884\">Le pack duo classique est une solution con\u00e7ue pour centraliser la gestion de votre activit\u00e9 et assurer un suivi optimal de vos op\u00e9rations quotidiennes dans un environnement fiable et structur\u00e9.<\/p>\n<p data-start=\"886\" data-end=\"1059\">Gr\u00e2ce \u00e0 ses fonctionnalit\u00e9s avanc\u00e9es, vous pouvez g\u00e9rer efficacement vos documents, vos op\u00e9rations financi\u00e8res et vos obligations administratives sans multiplier les outils.<\/p>\n<p data-start=\"886\" data-end=\"1059\"><strong>Avec le Pack DUO classique, vous pouvez notamment :<\/strong><\/p>\n<ul>\n<li data-start=\"1123\" data-end=\"1205\">\n<p data-start=\"1125\" data-end=\"1205\"><strong data-start=\"1125\" data-end=\"1147\">G\u00e9rer vos fichiers<\/strong> : centralisation des clients, fournisseurs et articles.<\/p>\n<\/li>\n<li data-start=\"1206\" data-end=\"1291\">\n<p data-start=\"1208\" data-end=\"1291\"><strong data-start=\"1208\" data-end=\"1239\">Cr\u00e9er vos devis et factures<\/strong> : g\u00e9n\u00e9ration rapide de vos documents commerciaux.<\/p>\n<\/li>\n<li data-start=\"1292\" data-end=\"1378\">\n<p data-start=\"1294\" data-end=\"1378\"><strong data-start=\"1294\" data-end=\"1329\">Effectuer des imports bancaires<\/strong> : automatisation du traitement des op\u00e9rations.<\/p>\n<\/li>\n<li data-start=\"1379\" data-end=\"1483\">\n<p data-start=\"1381\" data-end=\"1483\"><strong data-start=\"1381\" data-end=\"1419\">Suivre votre comptabilit\u00e9 g\u00e9n\u00e9rale<\/strong> : gestion des \u00e9critures incluant TVA et op\u00e9rations associ\u00e9es.<\/p>\n<\/li>\n<li data-start=\"1484\" data-end=\"1566\">\n<p data-start=\"1486\" data-end=\"1566\"><strong data-start=\"1486\" data-end=\"1515\">G\u00e9rer les immobilisations<\/strong> : suivi et amortissement de vos investissements.<\/p>\n<\/li>\n<li data-start=\"1567\" data-end=\"1660\">\n<p data-start=\"1569\" data-end=\"1660\"><strong data-start=\"1569\" data-end=\"1605\">Assurer le contr\u00f4le de coh\u00e9rence<\/strong> : v\u00e9rification des donn\u00e9es pour limiter les erreurs.<\/p>\n<\/li>\n<li data-start=\"1661\" data-end=\"1741\">\n<p data-start=\"1663\" data-end=\"1741\"><strong data-start=\"1663\" data-end=\"1700\">Traiter les op\u00e9rations sur compte<\/strong> : gestion simplifi\u00e9e des transactions.<\/p>\n<\/li>\n<li data-start=\"1742\" data-end=\"1832\">\n<p data-start=\"1744\" data-end=\"1832\"><strong data-start=\"1744\" data-end=\"1773\">G\u00e9n\u00e9rer vos \u00e9tats fiscaux<\/strong> : pr\u00e9paration facilit\u00e9e des obligations administratives.<\/p>\n<\/li>\n<li data-start=\"1833\" data-end=\"1913\">\n<p data-start=\"1835\" data-end=\"1913\"><strong data-start=\"1835\" data-end=\"1863\">Exporter vos donn\u00e9es BNB<\/strong> : conformit\u00e9 avec les exigences r\u00e9glementaires.<\/p>\n<\/li>\n<\/ul>\n","protected":false},"excerpt":{"rendered":"<p>Pack DUO classique Le pack duo classique est une solution con\u00e7ue pour centraliser la gestion de votre activit\u00e9 et assurer un suivi optimal de vos op\u00e9rations quotidiennes dans un environnement fiable et structur\u00e9. Gr\u00e2ce \u00e0 ses fonctionnalit\u00e9s avanc\u00e9es, vous pouvez g\u00e9rer efficacement vos documents, vos op\u00e9rations financi\u00e8res et vos obligations administratives sans multiplier les outils. [&hellip;]<\/p>\n","protected":false},"featured_media":6069,"comment_status":"closed","ping_status":"closed","template":"","meta":{"_acf_changed":false},"product_brand":[],"product_cat":[17],"product_tag":[],"class_list":{"0":"post-5926","1":"product","2":"type-product","3":"status-publish","4":"has-post-thumbnail","6":"product_cat-non-classe","8":"first","9":"instock","10":"virtual","11":"taxable","12":"purchasable","13":"product-type-simple"},"acf":[],"yoast_head":"<!-- This site is optimized with the Yoast SEO plugin v23.9 - https:\/\/yoast.com\/wordpress\/plugins\/seo\/ -->\n<title>Logiciel Comptabilit\u00e9 &amp; Facturation Entreprise\u2013Pack classique<\/title>\n<meta name=\"description\" content=\"Pack DUO Classique : g\u00e9rez vos op\u00e9rations avec une solution compl\u00e8te incluant devis, factures, comptabilit\u00e9, immobilisations et \u00e9tats fiscaux.\" \/>\n<meta name=\"robots\" content=\"index, follow, max-snippet:-1, max-image-preview:large, max-video-preview:-1\" \/>\n<link rel=\"canonical\" href=\"https:\/\/picsoo.be\/produit\/logiciel-comptabilite-facturation-entreprise-duo-classique\/\" \/>\n<meta property=\"og:locale\" content=\"nl_NL\" \/>\n<meta property=\"og:type\" content=\"article\" \/>\n<meta property=\"og:title\" content=\"Logiciel Comptabilit\u00e9 &amp; Facturation Entreprise\u2013Pack classique\" \/>\n<meta property=\"og:description\" content=\"Pack DUO Classique : g\u00e9rez vos op\u00e9rations avec une solution compl\u00e8te incluant devis, factures, comptabilit\u00e9, immobilisations et \u00e9tats fiscaux.\" \/>\n<meta property=\"og:url\" content=\"https:\/\/picsoo.be\/produit\/logiciel-comptabilite-facturation-entreprise-duo-classique\/\" \/>\n<meta property=\"article:publisher\" content=\"https:\/\/www.facebook.com\/PicsooAccountingSolution\" \/>\n<meta property=\"article:modified_time\" content=\"2026-03-04T10:20:25+00:00\" \/>\n<meta property=\"og:image\" content=\"https:\/\/picsoo.be\/wp-content\/uploads\/2026\/02\/picsoo-duo-classique-200.png\" \/>\n\t<meta property=\"og:image:width\" content=\"200\" \/>\n\t<meta property=\"og:image:height\" content=\"200\" \/>\n\t<meta property=\"og:image:type\" content=\"image\/png\" \/>\n<meta name=\"twitter:card\" content=\"summary_large_image\" \/>\n<meta name=\"twitter:label1\" content=\"Geschatte leestijd\" \/>\n\t<meta name=\"twitter:data1\" content=\"1 minuut\" \/>\n<script type=\"application\/ld+json\" class=\"yoast-schema-graph\">{\"@context\":\"https:\/\/schema.org\",\"@graph\":[{\"@type\":\"WebPage\",\"@id\":\"https:\/\/picsoo.be\/produit\/logiciel-comptabilite-facturation-entreprise-duo-classique\/\",\"url\":\"https:\/\/picsoo.be\/produit\/logiciel-comptabilite-facturation-entreprise-duo-classique\/\",\"name\":\"Logiciel Comptabilit\u00e9 & Facturation Entreprise\u2013Pack classique\",\"isPartOf\":{\"@id\":\"https:\/\/picsoo.be\/#website\"},\"primaryImageOfPage\":{\"@id\":\"https:\/\/picsoo.be\/produit\/logiciel-comptabilite-facturation-entreprise-duo-classique\/#primaryimage\"},\"image\":{\"@id\":\"https:\/\/picsoo.be\/produit\/logiciel-comptabilite-facturation-entreprise-duo-classique\/#primaryimage\"},\"thumbnailUrl\":\"https:\/\/picsoo.be\/wp-content\/uploads\/2026\/02\/picsoo-duo-classique-200.png\",\"datePublished\":\"2026-02-18T09:48:13+00:00\",\"dateModified\":\"2026-03-04T10:20:25+00:00\",\"description\":\"Pack DUO Classique : g\u00e9rez vos op\u00e9rations avec une solution compl\u00e8te incluant devis, factures, comptabilit\u00e9, immobilisations et \u00e9tats fiscaux.\",\"breadcrumb\":{\"@id\":\"https:\/\/picsoo.be\/produit\/logiciel-comptabilite-facturation-entreprise-duo-classique\/#breadcrumb\"},\"inLanguage\":\"nl-NL\",\"potentialAction\":[{\"@type\":\"ReadAction\",\"target\":[\"https:\/\/picsoo.be\/produit\/logiciel-comptabilite-facturation-entreprise-duo-classique\/\"]}]},{\"@type\":\"ImageObject\",\"inLanguage\":\"nl-NL\",\"@id\":\"https:\/\/picsoo.be\/produit\/logiciel-comptabilite-facturation-entreprise-duo-classique\/#primaryimage\",\"url\":\"https:\/\/picsoo.be\/wp-content\/uploads\/2026\/02\/picsoo-duo-classique-200.png\",\"contentUrl\":\"https:\/\/picsoo.be\/wp-content\/uploads\/2026\/02\/picsoo-duo-classique-200.png\",\"width\":200,\"height\":200},{\"@type\":\"BreadcrumbList\",\"@id\":\"https:\/\/picsoo.be\/produit\/logiciel-comptabilite-facturation-entreprise-duo-classique\/#breadcrumb\",\"itemListElement\":[{\"@type\":\"ListItem\",\"position\":1,\"name\":\"Accueil\",\"item\":\"https:\/\/picsoo.be\/nl\/\"},{\"@type\":\"ListItem\",\"position\":2,\"name\":\"Winkel\",\"item\":\"https:\/\/picsoo.be\/nl\/winkel\/\"},{\"@type\":\"ListItem\",\"position\":3,\"name\":\"Pack DUO classique\"}]},{\"@type\":\"WebSite\",\"@id\":\"https:\/\/picsoo.be\/#website\",\"url\":\"https:\/\/picsoo.be\/\",\"name\":\"Picsoo\",\"description\":\"Uw oplossing voor facturatie en boekhouding\",\"publisher\":{\"@id\":\"https:\/\/picsoo.be\/#organization\"},\"potentialAction\":[{\"@type\":\"SearchAction\",\"target\":{\"@type\":\"EntryPoint\",\"urlTemplate\":\"https:\/\/picsoo.be\/?s={search_term_string}\"},\"query-input\":{\"@type\":\"PropertyValueSpecification\",\"valueRequired\":true,\"valueName\":\"search_term_string\"}}],\"inLanguage\":\"nl-NL\"},{\"@type\":\"Organization\",\"@id\":\"https:\/\/picsoo.be\/#organization\",\"name\":\"Picsoo\",\"url\":\"https:\/\/picsoo.be\/\",\"logo\":{\"@type\":\"ImageObject\",\"inLanguage\":\"nl-NL\",\"@id\":\"https:\/\/picsoo.be\/#\/schema\/logo\/image\/\",\"url\":\"https:\/\/picsoo.be\/wp-content\/uploads\/2023\/10\/Picsoo-Labels-WebDesign2-1-1.png\",\"contentUrl\":\"https:\/\/picsoo.be\/wp-content\/uploads\/2023\/10\/Picsoo-Labels-WebDesign2-1-1.png\",\"width\":508,\"height\":164,\"caption\":\"Picsoo\"},\"image\":{\"@id\":\"https:\/\/picsoo.be\/#\/schema\/logo\/image\/\"},\"sameAs\":[\"https:\/\/www.facebook.com\/PicsooAccountingSolution\"]}]}<\/script>\n<!-- \/ Yoast SEO plugin. -->","yoast_head_json":{"title":"Logiciel Comptabilit\u00e9 & Facturation Entreprise\u2013Pack classique","description":"Pack DUO Classique : g\u00e9rez vos op\u00e9rations avec une solution compl\u00e8te incluant devis, factures, comptabilit\u00e9, immobilisations et \u00e9tats fiscaux.","robots":{"index":"index","follow":"follow","max-snippet":"max-snippet:-1","max-image-preview":"max-image-preview:large","max-video-preview":"max-video-preview:-1"},"canonical":"https:\/\/picsoo.be\/produit\/logiciel-comptabilite-facturation-entreprise-duo-classique\/","og_locale":"nl_NL","og_type":"article","og_title":"Logiciel Comptabilit\u00e9 & Facturation Entreprise\u2013Pack classique","og_description":"Pack DUO Classique : g\u00e9rez vos op\u00e9rations avec une solution compl\u00e8te incluant devis, factures, comptabilit\u00e9, immobilisations et \u00e9tats fiscaux.","og_url":"https:\/\/picsoo.be\/produit\/logiciel-comptabilite-facturation-entreprise-duo-classique\/","article_publisher":"https:\/\/www.facebook.com\/PicsooAccountingSolution","article_modified_time":"2026-03-04T10:20:25+00:00","og_image":[{"width":200,"height":200,"url":"https:\/\/picsoo.be\/wp-content\/uploads\/2026\/02\/picsoo-duo-classique-200.png","type":"image\/png"}],"twitter_card":"summary_large_image","twitter_misc":{"Geschatte leestijd":"1 minuut"},"schema":{"@context":"https:\/\/schema.org","@graph":[{"@type":"WebPage","@id":"https:\/\/picsoo.be\/produit\/logiciel-comptabilite-facturation-entreprise-duo-classique\/","url":"https:\/\/picsoo.be\/produit\/logiciel-comptabilite-facturation-entreprise-duo-classique\/","name":"Logiciel Comptabilit\u00e9 & Facturation Entreprise\u2013Pack classique","isPartOf":{"@id":"https:\/\/picsoo.be\/#website"},"primaryImageOfPage":{"@id":"https:\/\/picsoo.be\/produit\/logiciel-comptabilite-facturation-entreprise-duo-classique\/#primaryimage"},"image":{"@id":"https:\/\/picsoo.be\/produit\/logiciel-comptabilite-facturation-entreprise-duo-classique\/#primaryimage"},"thumbnailUrl":"https:\/\/picsoo.be\/wp-content\/uploads\/2026\/02\/picsoo-duo-classique-200.png","datePublished":"2026-02-18T09:48:13+00:00","dateModified":"2026-03-04T10:20:25+00:00","description":"Pack DUO Classique : g\u00e9rez vos op\u00e9rations avec une solution compl\u00e8te incluant devis, factures, comptabilit\u00e9, immobilisations et \u00e9tats fiscaux.","breadcrumb":{"@id":"https:\/\/picsoo.be\/produit\/logiciel-comptabilite-facturation-entreprise-duo-classique\/#breadcrumb"},"inLanguage":"nl-NL","potentialAction":[{"@type":"ReadAction","target":["https:\/\/picsoo.be\/produit\/logiciel-comptabilite-facturation-entreprise-duo-classique\/"]}]},{"@type":"ImageObject","inLanguage":"nl-NL","@id":"https:\/\/picsoo.be\/produit\/logiciel-comptabilite-facturation-entreprise-duo-classique\/#primaryimage","url":"https:\/\/picsoo.be\/wp-content\/uploads\/2026\/02\/picsoo-duo-classique-200.png","contentUrl":"https:\/\/picsoo.be\/wp-content\/uploads\/2026\/02\/picsoo-duo-classique-200.png","width":200,"height":200},{"@type":"BreadcrumbList","@id":"https:\/\/picsoo.be\/produit\/logiciel-comptabilite-facturation-entreprise-duo-classique\/#breadcrumb","itemListElement":[{"@type":"ListItem","position":1,"name":"Accueil","item":"https:\/\/picsoo.be\/nl\/"},{"@type":"ListItem","position":2,"name":"Winkel","item":"https:\/\/picsoo.be\/nl\/winkel\/"},{"@type":"ListItem","position":3,"name":"Pack DUO classique"}]},{"@type":"WebSite","@id":"https:\/\/picsoo.be\/#website","url":"https:\/\/picsoo.be\/","name":"Picsoo","description":"Uw oplossing voor facturatie en boekhouding","publisher":{"@id":"https:\/\/picsoo.be\/#organization"},"potentialAction":[{"@type":"SearchAction","target":{"@type":"EntryPoint","urlTemplate":"https:\/\/picsoo.be\/?s={search_term_string}"},"query-input":{"@type":"PropertyValueSpecification","valueRequired":true,"valueName":"search_term_string"}}],"inLanguage":"nl-NL"},{"@type":"Organization","@id":"https:\/\/picsoo.be\/#organization","name":"Picsoo","url":"https:\/\/picsoo.be\/","logo":{"@type":"ImageObject","inLanguage":"nl-NL","@id":"https:\/\/picsoo.be\/#\/schema\/logo\/image\/","url":"https:\/\/picsoo.be\/wp-content\/uploads\/2023\/10\/Picsoo-Labels-WebDesign2-1-1.png","contentUrl":"https:\/\/picsoo.be\/wp-content\/uploads\/2023\/10\/Picsoo-Labels-WebDesign2-1-1.png","width":508,"height":164,"caption":"Picsoo"},"image":{"@id":"https:\/\/picsoo.be\/#\/schema\/logo\/image\/"},"sameAs":["https:\/\/www.facebook.com\/PicsooAccountingSolution"]}]}},"_links":{"self":[{"href":"https:\/\/picsoo.be\/nl\/wp-json\/wp\/v2\/product\/5926","targetHints":{"allow":["GET"]}}],"collection":[{"href":"https:\/\/picsoo.be\/nl\/wp-json\/wp\/v2\/product"}],"about":[{"href":"https:\/\/picsoo.be\/nl\/wp-json\/wp\/v2\/types\/product"}],"replies":[{"embeddable":true,"href":"https:\/\/picsoo.be\/nl\/wp-json\/wp\/v2\/comments?post=5926"}],"wp:featuredmedia":[{"embeddable":true,"href":"https:\/\/picsoo.be\/nl\/wp-json\/wp\/v2\/media\/6069"}],"wp:attachment":[{"href":"https:\/\/picsoo.be\/nl\/wp-json\/wp\/v2\/media?parent=5926"}],"wp:term":[{"taxonomy":"product_brand","embeddable":true,"href":"https:\/\/picsoo.be\/nl\/wp-json\/wp\/v2\/product_brand?post=5926"},{"taxonomy":"product_cat","embeddable":true,"href":"https:\/\/picsoo.be\/nl\/wp-json\/wp\/v2\/product_cat?post=5926"},{"taxonomy":"product_tag","embeddable":true,"href":"https:\/\/picsoo.be\/nl\/wp-json\/wp\/v2\/product_tag?post=5926"}],"curies":[{"name":"wp","href":"https:\/\/api.w.org\/{rel}","templated":true}]}}