

{"id":5920,"date":"2026-02-18T10:29:46","date_gmt":"2026-02-18T09:29:46","guid":{"rendered":"https:\/\/picsoo.be\/?post_type=product&#038;p=5920"},"modified":"2026-03-04T11:21:44","modified_gmt":"2026-03-04T10:21:44","slug":"logiciel-comptabilite-entreprise-mindoo","status":"publish","type":"product","link":"https:\/\/picsoo.be\/nl\/produit\/logiciel-comptabilite-entreprise-mindoo\/","title":{"rendered":"Comptabilit\u00e9 PRO"},"content":{"rendered":"<p data-start=\"709\" data-end=\"867\"><strong>Comptabilit\u00e9 PRO<\/strong><\/p>\n<p data-start=\"709\" data-end=\"867\">\n<p data-start=\"709\" data-end=\"867\">La comptabilit\u00e9 pro mindoo est une solution con\u00e7ue pour centraliser la gestion de vos op\u00e9rations comptables dans un environnement structur\u00e9 et performant.<\/p>\n<p data-start=\"869\" data-end=\"1024\">Elle vous permet de suivre efficacement vos \u00e9critures comptables, vos obligations fiscales ainsi que l\u2019ensemble de vos op\u00e9rations financi\u00e8res au quotidien.<\/p>\n<p data-start=\"1031\" data-end=\"1091\"><strong>Avec la Comptabilit\u00e9 PRO MINDOO, vous pouvez notamment :<\/strong><\/p>\n<ul data-start=\"1093\" data-end=\"1899\">\n<li data-start=\"1093\" data-end=\"1183\">\n<p data-start=\"1095\" data-end=\"1183\"><strong data-start=\"1095\" data-end=\"1117\">G\u00e9rer vos fichiers<\/strong> : centralisation des clients, fournisseurs et plans comptables.<\/p>\n<\/li>\n<li data-start=\"1184\" data-end=\"1270\">\n<p data-start=\"1186\" data-end=\"1270\"><strong data-start=\"1186\" data-end=\"1221\">Effectuer des imports bancaires<\/strong> : automatisation du traitement des op\u00e9rations.<\/p>\n<\/li>\n<li data-start=\"1271\" data-end=\"1351\">\n<p data-start=\"1273\" data-end=\"1351\"><strong data-start=\"1273\" data-end=\"1311\">Suivre votre comptabilit\u00e9 g\u00e9n\u00e9rale<\/strong> : gestion des \u00e9critures incluant TVA.<\/p>\n<\/li>\n<li data-start=\"1352\" data-end=\"1435\">\n<p data-start=\"1354\" data-end=\"1435\"><strong data-start=\"1354\" data-end=\"1384\">G\u00e9rer vos d\u00e9clarations TVA<\/strong> : envoi \u00e9lectronique et autres listings fiscaux.<\/p>\n<\/li>\n<li data-start=\"1436\" data-end=\"1522\">\n<p data-start=\"1438\" data-end=\"1522\"><strong data-start=\"1438\" data-end=\"1464\">Analyser vos r\u00e9sultats<\/strong> : g\u00e9n\u00e9ration du compte de r\u00e9sultat et du bilan interne.<\/p>\n<\/li>\n<li data-start=\"1523\" data-end=\"1594\">\n<p data-start=\"1525\" data-end=\"1594\"><strong data-start=\"1525\" data-end=\"1555\">Consulter vos transactions<\/strong> : journaux, balances et grand-livre.<\/p>\n<\/li>\n<li data-start=\"1595\" data-end=\"1658\">\n<p data-start=\"1597\" data-end=\"1658\"><strong data-start=\"1597\" data-end=\"1627\">Produire vos \u00e9tats experts<\/strong> : bilans imag\u00e9s et rapports.<\/p>\n<\/li>\n<li data-start=\"1659\" data-end=\"1738\">\n<p data-start=\"1661\" data-end=\"1738\"><strong data-start=\"1661\" data-end=\"1697\">Assurer le contr\u00f4le de coh\u00e9rence<\/strong> : v\u00e9rification des donn\u00e9es comptables.<\/p>\n<\/li>\n<li data-start=\"1739\" data-end=\"1818\">\n<p data-start=\"1741\" data-end=\"1818\"><strong data-start=\"1741\" data-end=\"1770\">G\u00e9rer les immobilisations<\/strong> : suivi et amortissement des investissements.<\/p>\n<\/li>\n<li data-start=\"1819\" data-end=\"1899\">\n<p data-start=\"1821\" data-end=\"1899\"><strong data-start=\"1821\" data-end=\"1849\">Exporter vos donn\u00e9es BNB<\/strong> : conformit\u00e9 avec les exigences r\u00e9glementaires.<\/p>\n<\/li>\n<\/ul>\n","protected":false},"excerpt":{"rendered":"<p>Comptabilit\u00e9 PRO La comptabilit\u00e9 pro mindoo est une solution con\u00e7ue pour centraliser la gestion de vos op\u00e9rations comptables dans un environnement structur\u00e9 et performant. Elle vous permet de suivre efficacement vos \u00e9critures comptables, vos obligations fiscales ainsi que l\u2019ensemble de vos op\u00e9rations financi\u00e8res au quotidien. Avec la Comptabilit\u00e9 PRO MINDOO, vous pouvez notamment : G\u00e9rer [&hellip;]<\/p>\n","protected":false},"featured_media":5921,"comment_status":"closed","ping_status":"closed","template":"","meta":{"_acf_changed":false},"product_brand":[],"product_cat":[17],"product_tag":[],"class_list":{"0":"post-5920","1":"product","2":"type-product","3":"status-publish","4":"has-post-thumbnail","6":"product_cat-non-classe","8":"first","9":"instock","10":"virtual","11":"taxable","12":"purchasable","13":"product-type-simple"},"acf":[],"yoast_head":"<!-- This site is optimized with the Yoast SEO plugin v23.9 - https:\/\/yoast.com\/wordpress\/plugins\/seo\/ -->\n<title>Logiciel de Comptabilit\u00e9 Entreprise \u2013 Module PRO MINDOO<\/title>\n<meta name=\"description\" content=\"Comptabilit\u00e9 PRO MINDOO : g\u00e9rez \u00e9critures, TVA, immobilisations et \u00e9tats fiscaux avec une solution compl\u00e8te int\u00e9grant imports bancaires et contr\u00f4le.\" \/>\n<meta name=\"robots\" content=\"index, follow, max-snippet:-1, max-image-preview:large, max-video-preview:-1\" \/>\n<link rel=\"canonical\" href=\"https:\/\/picsoo.be\/nl\/produit\/logiciel-comptabilite-entreprise-mindoo\/\" \/>\n<meta property=\"og:locale\" content=\"nl_NL\" \/>\n<meta property=\"og:type\" content=\"article\" \/>\n<meta property=\"og:title\" content=\"Logiciel de Comptabilit\u00e9 Entreprise \u2013 Module PRO MINDOO\" \/>\n<meta property=\"og:description\" content=\"Comptabilit\u00e9 PRO MINDOO : g\u00e9rez \u00e9critures, TVA, immobilisations et \u00e9tats fiscaux avec une solution compl\u00e8te int\u00e9grant imports bancaires et contr\u00f4le.\" \/>\n<meta property=\"og:url\" content=\"https:\/\/picsoo.be\/nl\/produit\/logiciel-comptabilite-entreprise-mindoo\/\" \/>\n<meta property=\"article:publisher\" content=\"https:\/\/www.facebook.com\/PicsooAccountingSolution\" \/>\n<meta property=\"article:modified_time\" content=\"2026-03-04T10:21:44+00:00\" \/>\n<meta property=\"og:image\" content=\"https:\/\/picsoo.be\/wp-content\/uploads\/2026\/02\/mindoo-compta-200x200-1.png\" \/>\n\t<meta property=\"og:image:width\" content=\"200\" \/>\n\t<meta property=\"og:image:height\" content=\"200\" \/>\n\t<meta property=\"og:image:type\" content=\"image\/png\" \/>\n<meta name=\"twitter:card\" content=\"summary_large_image\" \/>\n<meta name=\"twitter:label1\" content=\"Geschatte leestijd\" \/>\n\t<meta name=\"twitter:data1\" content=\"1 minuut\" \/>\n<script type=\"application\/ld+json\" class=\"yoast-schema-graph\">{\"@context\":\"https:\/\/schema.org\",\"@graph\":[{\"@type\":\"WebPage\",\"@id\":\"https:\/\/picsoo.be\/nl\/produit\/logiciel-comptabilite-entreprise-mindoo\/\",\"url\":\"https:\/\/picsoo.be\/nl\/produit\/logiciel-comptabilite-entreprise-mindoo\/\",\"name\":\"Logiciel de Comptabilit\u00e9 Entreprise \u2013 Module PRO MINDOO\",\"isPartOf\":{\"@id\":\"https:\/\/picsoo.be\/#website\"},\"primaryImageOfPage\":{\"@id\":\"https:\/\/picsoo.be\/nl\/produit\/logiciel-comptabilite-entreprise-mindoo\/#primaryimage\"},\"image\":{\"@id\":\"https:\/\/picsoo.be\/nl\/produit\/logiciel-comptabilite-entreprise-mindoo\/#primaryimage\"},\"thumbnailUrl\":\"https:\/\/picsoo.be\/wp-content\/uploads\/2026\/02\/mindoo-compta-200x200-1.png\",\"datePublished\":\"2026-02-18T09:29:46+00:00\",\"dateModified\":\"2026-03-04T10:21:44+00:00\",\"description\":\"Comptabilit\u00e9 PRO MINDOO : g\u00e9rez \u00e9critures, TVA, immobilisations et \u00e9tats fiscaux avec une solution compl\u00e8te int\u00e9grant imports bancaires et contr\u00f4le.\",\"breadcrumb\":{\"@id\":\"https:\/\/picsoo.be\/nl\/produit\/logiciel-comptabilite-entreprise-mindoo\/#breadcrumb\"},\"inLanguage\":\"nl-NL\",\"potentialAction\":[{\"@type\":\"ReadAction\",\"target\":[\"https:\/\/picsoo.be\/nl\/produit\/logiciel-comptabilite-entreprise-mindoo\/\"]}]},{\"@type\":\"ImageObject\",\"inLanguage\":\"nl-NL\",\"@id\":\"https:\/\/picsoo.be\/nl\/produit\/logiciel-comptabilite-entreprise-mindoo\/#primaryimage\",\"url\":\"https:\/\/picsoo.be\/wp-content\/uploads\/2026\/02\/mindoo-compta-200x200-1.png\",\"contentUrl\":\"https:\/\/picsoo.be\/wp-content\/uploads\/2026\/02\/mindoo-compta-200x200-1.png\",\"width\":200,\"height\":200},{\"@type\":\"BreadcrumbList\",\"@id\":\"https:\/\/picsoo.be\/nl\/produit\/logiciel-comptabilite-entreprise-mindoo\/#breadcrumb\",\"itemListElement\":[{\"@type\":\"ListItem\",\"position\":1,\"name\":\"Accueil\",\"item\":\"https:\/\/picsoo.be\/nl\/\"},{\"@type\":\"ListItem\",\"position\":2,\"name\":\"Winkel\",\"item\":\"https:\/\/picsoo.be\/nl\/winkel\/\"},{\"@type\":\"ListItem\",\"position\":3,\"name\":\"Comptabilit\u00e9 PRO\"}]},{\"@type\":\"WebSite\",\"@id\":\"https:\/\/picsoo.be\/#website\",\"url\":\"https:\/\/picsoo.be\/\",\"name\":\"Picsoo\",\"description\":\"Uw oplossing voor facturatie en boekhouding\",\"publisher\":{\"@id\":\"https:\/\/picsoo.be\/#organization\"},\"potentialAction\":[{\"@type\":\"SearchAction\",\"target\":{\"@type\":\"EntryPoint\",\"urlTemplate\":\"https:\/\/picsoo.be\/?s={search_term_string}\"},\"query-input\":{\"@type\":\"PropertyValueSpecification\",\"valueRequired\":true,\"valueName\":\"search_term_string\"}}],\"inLanguage\":\"nl-NL\"},{\"@type\":\"Organization\",\"@id\":\"https:\/\/picsoo.be\/#organization\",\"name\":\"Picsoo\",\"url\":\"https:\/\/picsoo.be\/\",\"logo\":{\"@type\":\"ImageObject\",\"inLanguage\":\"nl-NL\",\"@id\":\"https:\/\/picsoo.be\/#\/schema\/logo\/image\/\",\"url\":\"https:\/\/picsoo.be\/wp-content\/uploads\/2023\/10\/Picsoo-Labels-WebDesign2-1-1.png\",\"contentUrl\":\"https:\/\/picsoo.be\/wp-content\/uploads\/2023\/10\/Picsoo-Labels-WebDesign2-1-1.png\",\"width\":508,\"height\":164,\"caption\":\"Picsoo\"},\"image\":{\"@id\":\"https:\/\/picsoo.be\/#\/schema\/logo\/image\/\"},\"sameAs\":[\"https:\/\/www.facebook.com\/PicsooAccountingSolution\"]}]}<\/script>\n<!-- \/ Yoast SEO plugin. -->","yoast_head_json":{"title":"Logiciel de Comptabilit\u00e9 Entreprise \u2013 Module PRO MINDOO","description":"Comptabilit\u00e9 PRO MINDOO : g\u00e9rez \u00e9critures, TVA, immobilisations et \u00e9tats fiscaux avec une solution compl\u00e8te int\u00e9grant imports bancaires et contr\u00f4le.","robots":{"index":"index","follow":"follow","max-snippet":"max-snippet:-1","max-image-preview":"max-image-preview:large","max-video-preview":"max-video-preview:-1"},"canonical":"https:\/\/picsoo.be\/nl\/produit\/logiciel-comptabilite-entreprise-mindoo\/","og_locale":"nl_NL","og_type":"article","og_title":"Logiciel de Comptabilit\u00e9 Entreprise \u2013 Module PRO MINDOO","og_description":"Comptabilit\u00e9 PRO MINDOO : g\u00e9rez \u00e9critures, TVA, immobilisations et \u00e9tats fiscaux avec une solution compl\u00e8te int\u00e9grant imports bancaires et contr\u00f4le.","og_url":"https:\/\/picsoo.be\/nl\/produit\/logiciel-comptabilite-entreprise-mindoo\/","article_publisher":"https:\/\/www.facebook.com\/PicsooAccountingSolution","article_modified_time":"2026-03-04T10:21:44+00:00","og_image":[{"width":200,"height":200,"url":"https:\/\/picsoo.be\/wp-content\/uploads\/2026\/02\/mindoo-compta-200x200-1.png","type":"image\/png"}],"twitter_card":"summary_large_image","twitter_misc":{"Geschatte leestijd":"1 minuut"},"schema":{"@context":"https:\/\/schema.org","@graph":[{"@type":"WebPage","@id":"https:\/\/picsoo.be\/nl\/produit\/logiciel-comptabilite-entreprise-mindoo\/","url":"https:\/\/picsoo.be\/nl\/produit\/logiciel-comptabilite-entreprise-mindoo\/","name":"Logiciel de Comptabilit\u00e9 Entreprise \u2013 Module PRO MINDOO","isPartOf":{"@id":"https:\/\/picsoo.be\/#website"},"primaryImageOfPage":{"@id":"https:\/\/picsoo.be\/nl\/produit\/logiciel-comptabilite-entreprise-mindoo\/#primaryimage"},"image":{"@id":"https:\/\/picsoo.be\/nl\/produit\/logiciel-comptabilite-entreprise-mindoo\/#primaryimage"},"thumbnailUrl":"https:\/\/picsoo.be\/wp-content\/uploads\/2026\/02\/mindoo-compta-200x200-1.png","datePublished":"2026-02-18T09:29:46+00:00","dateModified":"2026-03-04T10:21:44+00:00","description":"Comptabilit\u00e9 PRO MINDOO : g\u00e9rez \u00e9critures, TVA, immobilisations et \u00e9tats fiscaux avec une solution compl\u00e8te int\u00e9grant imports bancaires et contr\u00f4le.","breadcrumb":{"@id":"https:\/\/picsoo.be\/nl\/produit\/logiciel-comptabilite-entreprise-mindoo\/#breadcrumb"},"inLanguage":"nl-NL","potentialAction":[{"@type":"ReadAction","target":["https:\/\/picsoo.be\/nl\/produit\/logiciel-comptabilite-entreprise-mindoo\/"]}]},{"@type":"ImageObject","inLanguage":"nl-NL","@id":"https:\/\/picsoo.be\/nl\/produit\/logiciel-comptabilite-entreprise-mindoo\/#primaryimage","url":"https:\/\/picsoo.be\/wp-content\/uploads\/2026\/02\/mindoo-compta-200x200-1.png","contentUrl":"https:\/\/picsoo.be\/wp-content\/uploads\/2026\/02\/mindoo-compta-200x200-1.png","width":200,"height":200},{"@type":"BreadcrumbList","@id":"https:\/\/picsoo.be\/nl\/produit\/logiciel-comptabilite-entreprise-mindoo\/#breadcrumb","itemListElement":[{"@type":"ListItem","position":1,"name":"Accueil","item":"https:\/\/picsoo.be\/nl\/"},{"@type":"ListItem","position":2,"name":"Winkel","item":"https:\/\/picsoo.be\/nl\/winkel\/"},{"@type":"ListItem","position":3,"name":"Comptabilit\u00e9 PRO"}]},{"@type":"WebSite","@id":"https:\/\/picsoo.be\/#website","url":"https:\/\/picsoo.be\/","name":"Picsoo","description":"Uw oplossing voor facturatie en boekhouding","publisher":{"@id":"https:\/\/picsoo.be\/#organization"},"potentialAction":[{"@type":"SearchAction","target":{"@type":"EntryPoint","urlTemplate":"https:\/\/picsoo.be\/?s={search_term_string}"},"query-input":{"@type":"PropertyValueSpecification","valueRequired":true,"valueName":"search_term_string"}}],"inLanguage":"nl-NL"},{"@type":"Organization","@id":"https:\/\/picsoo.be\/#organization","name":"Picsoo","url":"https:\/\/picsoo.be\/","logo":{"@type":"ImageObject","inLanguage":"nl-NL","@id":"https:\/\/picsoo.be\/#\/schema\/logo\/image\/","url":"https:\/\/picsoo.be\/wp-content\/uploads\/2023\/10\/Picsoo-Labels-WebDesign2-1-1.png","contentUrl":"https:\/\/picsoo.be\/wp-content\/uploads\/2023\/10\/Picsoo-Labels-WebDesign2-1-1.png","width":508,"height":164,"caption":"Picsoo"},"image":{"@id":"https:\/\/picsoo.be\/#\/schema\/logo\/image\/"},"sameAs":["https:\/\/www.facebook.com\/PicsooAccountingSolution"]}]}},"_links":{"self":[{"href":"https:\/\/picsoo.be\/nl\/wp-json\/wp\/v2\/product\/5920","targetHints":{"allow":["GET"]}}],"collection":[{"href":"https:\/\/picsoo.be\/nl\/wp-json\/wp\/v2\/product"}],"about":[{"href":"https:\/\/picsoo.be\/nl\/wp-json\/wp\/v2\/types\/product"}],"replies":[{"embeddable":true,"href":"https:\/\/picsoo.be\/nl\/wp-json\/wp\/v2\/comments?post=5920"}],"wp:featuredmedia":[{"embeddable":true,"href":"https:\/\/picsoo.be\/nl\/wp-json\/wp\/v2\/media\/5921"}],"wp:attachment":[{"href":"https:\/\/picsoo.be\/nl\/wp-json\/wp\/v2\/media?parent=5920"}],"wp:term":[{"taxonomy":"product_brand","embeddable":true,"href":"https:\/\/picsoo.be\/nl\/wp-json\/wp\/v2\/product_brand?post=5920"},{"taxonomy":"product_cat","embeddable":true,"href":"https:\/\/picsoo.be\/nl\/wp-json\/wp\/v2\/product_cat?post=5920"},{"taxonomy":"product_tag","embeddable":true,"href":"https:\/\/picsoo.be\/nl\/wp-json\/wp\/v2\/product_tag?post=5920"}],"curies":[{"name":"wp","href":"https:\/\/api.w.org\/{rel}","templated":true}]}}