

{"id":3645,"date":"2024-10-30T13:41:13","date_gmt":"2024-10-30T12:41:13","guid":{"rendered":"https:\/\/picsoo.be\/?post_type=product&#038;p=3645"},"modified":"2026-03-05T16:58:52","modified_gmt":"2026-03-05T15:58:52","slug":"wordpress","status":"publish","type":"product","link":"https:\/\/picsoo.be\/nl\/produit\/wordpress\/","title":{"rendered":"WordPress"},"content":{"rendered":"<p>Int\u00e9grez et g\u00e9rez les produits et l&#8217;inventaire de votre boutique \u00e0 l&#8217;aide de WooCommerce. Simplifiez la gestion des produits et des coupons tout en am\u00e9liorant les interactions avec les clients pour une exp\u00e9rience WooCommerce optimis\u00e9e. Vous pouvez \u00e9galement ajouter vos produits WooCommerce \u00e0 Bee-box en cliquant sur le bouton situ\u00e9 \u00e0 c\u00f4t\u00e9 du produit.<\/p>\n<p><strong>Simplifier l&#8217;int\u00e9gration de WooCommerce<\/strong><\/p>\n<p>Int\u00e9grez et g\u00e9rez de mani\u00e8re transparente vos articles, vos interactions avec les clients et votre inventaire avec WooCommerce.<\/p>\n<p><strong>Gestion de produits sans effort et contr\u00f4le simplifi\u00e9 des coupons<\/strong><\/p>\n<p>Simplifiez vos op\u00e9rations WooCommerce avec des outils faciles \u00e0 utiliser qui vous aident \u00e0 g\u00e9rer vos produits et votre inventaire de mani\u00e8re transparente. Passez moins de temps sur la logistique et plus de temps \u00e0 d\u00e9velopper votre entreprise. Prenez en charge votre strat\u00e9gie de remise avec notre syst\u00e8me de gestion de coupons intuitif. Cr\u00e9ez, suivez et optimisez les promotions sans effort pour augmenter les ventes et la fid\u00e9lit\u00e9 des clients.<\/p>\n<p><strong>Interaction client am\u00e9lior\u00e9e<\/strong><\/p>\n<p>Am\u00e9liorez votre service client en renfor\u00e7ant vos relations gr\u00e2ce \u00e0 des interactions personnalis\u00e9es. Am\u00e9liorez l&#8217;exp\u00e9rience d&#8217;achat globale, en g\u00e9n\u00e9rant des achats r\u00e9currents et une fid\u00e9lit\u00e9 \u00e0 la marque.<\/p>\n<p>&nbsp;<\/p>\n<p>&nbsp;<\/p>\n","protected":false},"excerpt":{"rendered":"<p>Int\u00e9grez et g\u00e9rez les produits et l&#8217;inventaire de votre boutique \u00e0 l&#8217;aide de WooCommerce. Simplifiez la gestion des produits et des coupons tout en am\u00e9liorant les interactions avec les clients pour une exp\u00e9rience WooCommerce optimis\u00e9e. Vous pouvez \u00e9galement ajouter vos produits WooCommerce \u00e0 Bee-box en cliquant sur le bouton situ\u00e9 \u00e0 c\u00f4t\u00e9 du produit.<\/p>\n","protected":false},"featured_media":0,"comment_status":"open","ping_status":"closed","template":"","meta":{"_acf_changed":false},"product_brand":[],"product_cat":[319],"product_tag":[],"class_list":{"0":"post-3645","1":"product","2":"type-product","3":"status-publish","5":"product_cat-wordpress","7":"first","8":"instock","9":"taxable","10":"shipping-taxable","11":"purchasable","12":"product-type-simple"},"acf":[],"yoast_head":"<!-- This site is optimized with the Yoast SEO plugin v23.9 - https:\/\/yoast.com\/wordpress\/plugins\/seo\/ -->\n<title>WordPress -<\/title>\n<meta name=\"robots\" content=\"index, follow, max-snippet:-1, max-image-preview:large, max-video-preview:-1\" \/>\n<link rel=\"canonical\" href=\"https:\/\/picsoo.be\/produit\/wordpress\/\" \/>\n<meta property=\"og:locale\" content=\"nl_NL\" \/>\n<meta property=\"og:type\" content=\"article\" \/>\n<meta property=\"og:title\" content=\"WordPress -\" \/>\n<meta property=\"og:description\" content=\"Int\u00e9grez et g\u00e9rez les produits et l&#039;inventaire de votre boutique \u00e0 l&#039;aide de WooCommerce. Simplifiez la gestion des produits et des coupons tout en am\u00e9liorant les interactions avec les clients pour une exp\u00e9rience WooCommerce optimis\u00e9e. Vous pouvez \u00e9galement ajouter vos produits WooCommerce \u00e0 Bee-box en cliquant sur le bouton situ\u00e9 \u00e0 c\u00f4t\u00e9 du produit.\" \/>\n<meta property=\"og:url\" content=\"https:\/\/picsoo.be\/produit\/wordpress\/\" \/>\n<meta property=\"article:publisher\" content=\"https:\/\/www.facebook.com\/PicsooAccountingSolution\" \/>\n<meta property=\"article:modified_time\" content=\"2026-03-05T15:58:52+00:00\" \/>\n<meta property=\"og:image\" content=\"https:\/\/picsoo.be\/wp-content\/uploads\/2024\/10\/Picture21-2.png\" \/>\n\t<meta property=\"og:image:width\" content=\"155\" \/>\n\t<meta property=\"og:image:height\" content=\"162\" \/>\n\t<meta property=\"og:image:type\" content=\"image\/png\" \/>\n<meta name=\"twitter:card\" content=\"summary_large_image\" \/>\n<meta name=\"twitter:label1\" content=\"Geschatte leestijd\" \/>\n\t<meta name=\"twitter:data1\" content=\"2 minuten\" \/>\n<script type=\"application\/ld+json\" class=\"yoast-schema-graph\">{\"@context\":\"https:\/\/schema.org\",\"@graph\":[{\"@type\":\"WebPage\",\"@id\":\"https:\/\/picsoo.be\/produit\/wordpress\/\",\"url\":\"https:\/\/picsoo.be\/produit\/wordpress\/\",\"name\":\"WordPress -\",\"isPartOf\":{\"@id\":\"https:\/\/picsoo.be\/#website\"},\"datePublished\":\"2024-10-30T12:41:13+00:00\",\"dateModified\":\"2026-03-05T15:58:52+00:00\",\"breadcrumb\":{\"@id\":\"https:\/\/picsoo.be\/produit\/wordpress\/#breadcrumb\"},\"inLanguage\":\"nl-NL\",\"potentialAction\":[{\"@type\":\"ReadAction\",\"target\":[\"https:\/\/picsoo.be\/produit\/wordpress\/\"]}]},{\"@type\":\"BreadcrumbList\",\"@id\":\"https:\/\/picsoo.be\/produit\/wordpress\/#breadcrumb\",\"itemListElement\":[{\"@type\":\"ListItem\",\"position\":1,\"name\":\"Accueil\",\"item\":\"https:\/\/picsoo.be\/nl\/\"},{\"@type\":\"ListItem\",\"position\":2,\"name\":\"Winkel\",\"item\":\"https:\/\/picsoo.be\/nl\/winkel\/\"},{\"@type\":\"ListItem\",\"position\":3,\"name\":\"WordPress\"}]},{\"@type\":\"WebSite\",\"@id\":\"https:\/\/picsoo.be\/#website\",\"url\":\"https:\/\/picsoo.be\/\",\"name\":\"Picsoo\",\"description\":\"Uw oplossing voor facturatie en boekhouding\",\"publisher\":{\"@id\":\"https:\/\/picsoo.be\/#organization\"},\"potentialAction\":[{\"@type\":\"SearchAction\",\"target\":{\"@type\":\"EntryPoint\",\"urlTemplate\":\"https:\/\/picsoo.be\/?s={search_term_string}\"},\"query-input\":{\"@type\":\"PropertyValueSpecification\",\"valueRequired\":true,\"valueName\":\"search_term_string\"}}],\"inLanguage\":\"nl-NL\"},{\"@type\":\"Organization\",\"@id\":\"https:\/\/picsoo.be\/#organization\",\"name\":\"Picsoo\",\"url\":\"https:\/\/picsoo.be\/\",\"logo\":{\"@type\":\"ImageObject\",\"inLanguage\":\"nl-NL\",\"@id\":\"https:\/\/picsoo.be\/#\/schema\/logo\/image\/\",\"url\":\"https:\/\/picsoo.be\/wp-content\/uploads\/2023\/10\/Picsoo-Labels-WebDesign2-1-1.png\",\"contentUrl\":\"https:\/\/picsoo.be\/wp-content\/uploads\/2023\/10\/Picsoo-Labels-WebDesign2-1-1.png\",\"width\":508,\"height\":164,\"caption\":\"Picsoo\"},\"image\":{\"@id\":\"https:\/\/picsoo.be\/#\/schema\/logo\/image\/\"},\"sameAs\":[\"https:\/\/www.facebook.com\/PicsooAccountingSolution\"]}]}<\/script>\n<!-- \/ Yoast SEO plugin. -->","yoast_head_json":{"title":"WordPress -","robots":{"index":"index","follow":"follow","max-snippet":"max-snippet:-1","max-image-preview":"max-image-preview:large","max-video-preview":"max-video-preview:-1"},"canonical":"https:\/\/picsoo.be\/produit\/wordpress\/","og_locale":"nl_NL","og_type":"article","og_title":"WordPress -","og_description":"Int\u00e9grez et g\u00e9rez les produits et l'inventaire de votre boutique \u00e0 l'aide de WooCommerce. Simplifiez la gestion des produits et des coupons tout en am\u00e9liorant les interactions avec les clients pour une exp\u00e9rience WooCommerce optimis\u00e9e. Vous pouvez \u00e9galement ajouter vos produits WooCommerce \u00e0 Bee-box en cliquant sur le bouton situ\u00e9 \u00e0 c\u00f4t\u00e9 du produit.","og_url":"https:\/\/picsoo.be\/produit\/wordpress\/","article_publisher":"https:\/\/www.facebook.com\/PicsooAccountingSolution","article_modified_time":"2026-03-05T15:58:52+00:00","og_image":[{"width":155,"height":162,"url":"https:\/\/picsoo.be\/wp-content\/uploads\/2024\/10\/Picture21-2.png","type":"image\/png"}],"twitter_card":"summary_large_image","twitter_misc":{"Geschatte leestijd":"2 minuten"},"schema":{"@context":"https:\/\/schema.org","@graph":[{"@type":"WebPage","@id":"https:\/\/picsoo.be\/produit\/wordpress\/","url":"https:\/\/picsoo.be\/produit\/wordpress\/","name":"WordPress -","isPartOf":{"@id":"https:\/\/picsoo.be\/#website"},"datePublished":"2024-10-30T12:41:13+00:00","dateModified":"2026-03-05T15:58:52+00:00","breadcrumb":{"@id":"https:\/\/picsoo.be\/produit\/wordpress\/#breadcrumb"},"inLanguage":"nl-NL","potentialAction":[{"@type":"ReadAction","target":["https:\/\/picsoo.be\/produit\/wordpress\/"]}]},{"@type":"BreadcrumbList","@id":"https:\/\/picsoo.be\/produit\/wordpress\/#breadcrumb","itemListElement":[{"@type":"ListItem","position":1,"name":"Accueil","item":"https:\/\/picsoo.be\/nl\/"},{"@type":"ListItem","position":2,"name":"Winkel","item":"https:\/\/picsoo.be\/nl\/winkel\/"},{"@type":"ListItem","position":3,"name":"WordPress"}]},{"@type":"WebSite","@id":"https:\/\/picsoo.be\/#website","url":"https:\/\/picsoo.be\/","name":"Picsoo","description":"Uw oplossing voor facturatie en boekhouding","publisher":{"@id":"https:\/\/picsoo.be\/#organization"},"potentialAction":[{"@type":"SearchAction","target":{"@type":"EntryPoint","urlTemplate":"https:\/\/picsoo.be\/?s={search_term_string}"},"query-input":{"@type":"PropertyValueSpecification","valueRequired":true,"valueName":"search_term_string"}}],"inLanguage":"nl-NL"},{"@type":"Organization","@id":"https:\/\/picsoo.be\/#organization","name":"Picsoo","url":"https:\/\/picsoo.be\/","logo":{"@type":"ImageObject","inLanguage":"nl-NL","@id":"https:\/\/picsoo.be\/#\/schema\/logo\/image\/","url":"https:\/\/picsoo.be\/wp-content\/uploads\/2023\/10\/Picsoo-Labels-WebDesign2-1-1.png","contentUrl":"https:\/\/picsoo.be\/wp-content\/uploads\/2023\/10\/Picsoo-Labels-WebDesign2-1-1.png","width":508,"height":164,"caption":"Picsoo"},"image":{"@id":"https:\/\/picsoo.be\/#\/schema\/logo\/image\/"},"sameAs":["https:\/\/www.facebook.com\/PicsooAccountingSolution"]}]}},"_links":{"self":[{"href":"https:\/\/picsoo.be\/nl\/wp-json\/wp\/v2\/product\/3645","targetHints":{"allow":["GET"]}}],"collection":[{"href":"https:\/\/picsoo.be\/nl\/wp-json\/wp\/v2\/product"}],"about":[{"href":"https:\/\/picsoo.be\/nl\/wp-json\/wp\/v2\/types\/product"}],"replies":[{"embeddable":true,"href":"https:\/\/picsoo.be\/nl\/wp-json\/wp\/v2\/comments?post=3645"}],"wp:attachment":[{"href":"https:\/\/picsoo.be\/nl\/wp-json\/wp\/v2\/media?parent=3645"}],"wp:term":[{"taxonomy":"product_brand","embeddable":true,"href":"https:\/\/picsoo.be\/nl\/wp-json\/wp\/v2\/product_brand?post=3645"},{"taxonomy":"product_cat","embeddable":true,"href":"https:\/\/picsoo.be\/nl\/wp-json\/wp\/v2\/product_cat?post=3645"},{"taxonomy":"product_tag","embeddable":true,"href":"https:\/\/picsoo.be\/nl\/wp-json\/wp\/v2\/product_tag?post=3645"}],"curies":[{"name":"wp","href":"https:\/\/api.w.org\/{rel}","templated":true}]}}