

{"id":3606,"date":"2024-10-30T13:27:34","date_gmt":"2024-10-30T12:27:34","guid":{"rendered":"https:\/\/picsoo.be\/?post_type=product&#038;p=3606"},"modified":"2026-03-05T17:00:35","modified_gmt":"2026-03-05T16:00:35","slug":"twitter-sign-in","status":"publish","type":"product","link":"https:\/\/picsoo.be\/nl\/produit\/twitter-sign-in\/","title":{"rendered":"Twitter sign-in"},"content":{"rendered":"<p><strong>Exp\u00e9rience utilisateur am\u00e9lior\u00e9e<\/strong><\/p>\n<p>Cette int\u00e9gration am\u00e9liore consid\u00e9rablement l&#8217;exp\u00e9rience utilisateur en fournissant une m\u00e9thode rapide et simple d&#8217;acc\u00e8s \u00e0 Bee-box. En quelques clics, les utilisateurs peuvent authentifier leur identit\u00e9 via Twitter, contournant ainsi les proc\u00e9dures traditionnelles d&#8217;inscription et de connexion. Ce processus simplifi\u00e9 permet non seulement de gagner du temps, mais encourage \u00e9galement une utilisation plus fr\u00e9quente de la plateforme, car les utilisateurs peuvent Sign In et se d\u00e9connecter sans effort selon leurs besoins.<\/p>\n<p><strong>Acc\u00e8s s\u00e9curis\u00e9 et fiable<\/strong><\/p>\n<p>La s\u00e9curit\u00e9 est une priorit\u00e9 absolue avec le module compl\u00e9mentaire Sign In with Twitter. En utilisant le syst\u00e8me d&#8217;authentification robuste de Twitter, Bee-box garantit que les donn\u00e9es des utilisateurs restent prot\u00e9g\u00e9es. Le protocole OAuth de Twitter offre un moyen s\u00e9curis\u00e9 d&#8217;authentifier les utilisateurs sans exposer leurs mots de passe, ajoutant ainsi une couche de s\u00e9curit\u00e9 suppl\u00e9mentaire au processus de connexion. Les utilisateurs peuvent \u00eatre s\u00fbrs que leurs informations sont en s\u00e9curit\u00e9 et que leurs comptes sont s\u00e9curis\u00e9s.<\/p>\n","protected":false},"excerpt":{"rendered":"<p>Le module compl\u00e9mentaire Sign In with Twitter pour Bee-box offre une int\u00e9gration transparente qui permet aux utilisateurs d&#8217;acc\u00e9der rapidement et facilement \u00e0 leurs comptes \u00e0 l&#8217;aide de leurs identifiants Twitter. Cette fonctionnalit\u00e9 \u00e9limine le besoin de m\u00e9moriser un autre nom d&#8217;utilisateur et mot de passe, ce qui rend le processus de connexion fluide et efficace. En tirant parti de la s\u00e9curit\u00e9 et de la familiarit\u00e9 de Twitter, les utilisateurs peuvent \u00eatre s\u00fbrs que leur processus de connexion est \u00e0 la fois fiable et simple<\/p>\n","protected":false},"featured_media":0,"comment_status":"open","ping_status":"closed","template":"","meta":{"_acf_changed":false},"product_brand":[],"product_cat":[314],"product_tag":[],"class_list":{"0":"post-3606","1":"product","2":"type-product","3":"status-publish","5":"product_cat-twitter-sign-in","7":"first","8":"instock","9":"taxable","10":"shipping-taxable","11":"purchasable","12":"product-type-simple"},"acf":[],"yoast_head":"<!-- This site is optimized with the Yoast SEO plugin v23.9 - https:\/\/yoast.com\/wordpress\/plugins\/seo\/ -->\n<title>Twitter sign-in -<\/title>\n<meta name=\"robots\" content=\"index, follow, max-snippet:-1, max-image-preview:large, max-video-preview:-1\" \/>\n<link rel=\"canonical\" href=\"https:\/\/picsoo.be\/produit\/twitter-sign-in\/\" \/>\n<meta property=\"og:locale\" content=\"nl_NL\" \/>\n<meta property=\"og:type\" content=\"article\" \/>\n<meta property=\"og:title\" content=\"Twitter sign-in -\" \/>\n<meta property=\"og:description\" content=\"Le module compl\u00e9mentaire Sign In with Twitter pour Bee-box offre une int\u00e9gration transparente qui permet aux utilisateurs d&#039;acc\u00e9der rapidement et facilement \u00e0 leurs comptes \u00e0 l&#039;aide de leurs identifiants Twitter. Cette fonctionnalit\u00e9 \u00e9limine le besoin de m\u00e9moriser un autre nom d&#039;utilisateur et mot de passe, ce qui rend le processus de connexion fluide et efficace. En tirant parti de la s\u00e9curit\u00e9 et de la familiarit\u00e9 de Twitter, les utilisateurs peuvent \u00eatre s\u00fbrs que leur processus de connexion est \u00e0 la fois fiable et simple\" \/>\n<meta property=\"og:url\" content=\"https:\/\/picsoo.be\/produit\/twitter-sign-in\/\" \/>\n<meta property=\"article:publisher\" content=\"https:\/\/www.facebook.com\/PicsooAccountingSolution\" \/>\n<meta property=\"article:modified_time\" content=\"2026-03-05T16:00:35+00:00\" \/>\n<meta property=\"og:image\" content=\"https:\/\/picsoo.be\/wp-content\/uploads\/2024\/10\/Picture159.png\" \/>\n\t<meta property=\"og:image:width\" content=\"192\" \/>\n\t<meta property=\"og:image:height\" content=\"186\" \/>\n\t<meta property=\"og:image:type\" content=\"image\/png\" \/>\n<meta name=\"twitter:card\" content=\"summary_large_image\" \/>\n<meta name=\"twitter:label1\" content=\"Geschatte leestijd\" \/>\n\t<meta name=\"twitter:data1\" content=\"1 minuut\" \/>\n<script type=\"application\/ld+json\" class=\"yoast-schema-graph\">{\"@context\":\"https:\/\/schema.org\",\"@graph\":[{\"@type\":\"WebPage\",\"@id\":\"https:\/\/picsoo.be\/produit\/twitter-sign-in\/\",\"url\":\"https:\/\/picsoo.be\/produit\/twitter-sign-in\/\",\"name\":\"Twitter sign-in -\",\"isPartOf\":{\"@id\":\"https:\/\/picsoo.be\/#website\"},\"datePublished\":\"2024-10-30T12:27:34+00:00\",\"dateModified\":\"2026-03-05T16:00:35+00:00\",\"breadcrumb\":{\"@id\":\"https:\/\/picsoo.be\/produit\/twitter-sign-in\/#breadcrumb\"},\"inLanguage\":\"nl-NL\",\"potentialAction\":[{\"@type\":\"ReadAction\",\"target\":[\"https:\/\/picsoo.be\/produit\/twitter-sign-in\/\"]}]},{\"@type\":\"BreadcrumbList\",\"@id\":\"https:\/\/picsoo.be\/produit\/twitter-sign-in\/#breadcrumb\",\"itemListElement\":[{\"@type\":\"ListItem\",\"position\":1,\"name\":\"Accueil\",\"item\":\"https:\/\/picsoo.be\/nl\/\"},{\"@type\":\"ListItem\",\"position\":2,\"name\":\"Winkel\",\"item\":\"https:\/\/picsoo.be\/nl\/winkel\/\"},{\"@type\":\"ListItem\",\"position\":3,\"name\":\"Twitter sign-in\"}]},{\"@type\":\"WebSite\",\"@id\":\"https:\/\/picsoo.be\/#website\",\"url\":\"https:\/\/picsoo.be\/\",\"name\":\"Picsoo\",\"description\":\"Uw oplossing voor facturatie en boekhouding\",\"publisher\":{\"@id\":\"https:\/\/picsoo.be\/#organization\"},\"potentialAction\":[{\"@type\":\"SearchAction\",\"target\":{\"@type\":\"EntryPoint\",\"urlTemplate\":\"https:\/\/picsoo.be\/?s={search_term_string}\"},\"query-input\":{\"@type\":\"PropertyValueSpecification\",\"valueRequired\":true,\"valueName\":\"search_term_string\"}}],\"inLanguage\":\"nl-NL\"},{\"@type\":\"Organization\",\"@id\":\"https:\/\/picsoo.be\/#organization\",\"name\":\"Picsoo\",\"url\":\"https:\/\/picsoo.be\/\",\"logo\":{\"@type\":\"ImageObject\",\"inLanguage\":\"nl-NL\",\"@id\":\"https:\/\/picsoo.be\/#\/schema\/logo\/image\/\",\"url\":\"https:\/\/picsoo.be\/wp-content\/uploads\/2023\/10\/Picsoo-Labels-WebDesign2-1-1.png\",\"contentUrl\":\"https:\/\/picsoo.be\/wp-content\/uploads\/2023\/10\/Picsoo-Labels-WebDesign2-1-1.png\",\"width\":508,\"height\":164,\"caption\":\"Picsoo\"},\"image\":{\"@id\":\"https:\/\/picsoo.be\/#\/schema\/logo\/image\/\"},\"sameAs\":[\"https:\/\/www.facebook.com\/PicsooAccountingSolution\"]}]}<\/script>\n<!-- \/ Yoast SEO plugin. -->","yoast_head_json":{"title":"Twitter sign-in -","robots":{"index":"index","follow":"follow","max-snippet":"max-snippet:-1","max-image-preview":"max-image-preview:large","max-video-preview":"max-video-preview:-1"},"canonical":"https:\/\/picsoo.be\/produit\/twitter-sign-in\/","og_locale":"nl_NL","og_type":"article","og_title":"Twitter sign-in -","og_description":"Le module compl\u00e9mentaire Sign In with Twitter pour Bee-box offre une int\u00e9gration transparente qui permet aux utilisateurs d'acc\u00e9der rapidement et facilement \u00e0 leurs comptes \u00e0 l'aide de leurs identifiants Twitter. Cette fonctionnalit\u00e9 \u00e9limine le besoin de m\u00e9moriser un autre nom d'utilisateur et mot de passe, ce qui rend le processus de connexion fluide et efficace. En tirant parti de la s\u00e9curit\u00e9 et de la familiarit\u00e9 de Twitter, les utilisateurs peuvent \u00eatre s\u00fbrs que leur processus de connexion est \u00e0 la fois fiable et simple","og_url":"https:\/\/picsoo.be\/produit\/twitter-sign-in\/","article_publisher":"https:\/\/www.facebook.com\/PicsooAccountingSolution","article_modified_time":"2026-03-05T16:00:35+00:00","og_image":[{"width":192,"height":186,"url":"https:\/\/picsoo.be\/wp-content\/uploads\/2024\/10\/Picture159.png","type":"image\/png"}],"twitter_card":"summary_large_image","twitter_misc":{"Geschatte leestijd":"1 minuut"},"schema":{"@context":"https:\/\/schema.org","@graph":[{"@type":"WebPage","@id":"https:\/\/picsoo.be\/produit\/twitter-sign-in\/","url":"https:\/\/picsoo.be\/produit\/twitter-sign-in\/","name":"Twitter sign-in -","isPartOf":{"@id":"https:\/\/picsoo.be\/#website"},"datePublished":"2024-10-30T12:27:34+00:00","dateModified":"2026-03-05T16:00:35+00:00","breadcrumb":{"@id":"https:\/\/picsoo.be\/produit\/twitter-sign-in\/#breadcrumb"},"inLanguage":"nl-NL","potentialAction":[{"@type":"ReadAction","target":["https:\/\/picsoo.be\/produit\/twitter-sign-in\/"]}]},{"@type":"BreadcrumbList","@id":"https:\/\/picsoo.be\/produit\/twitter-sign-in\/#breadcrumb","itemListElement":[{"@type":"ListItem","position":1,"name":"Accueil","item":"https:\/\/picsoo.be\/nl\/"},{"@type":"ListItem","position":2,"name":"Winkel","item":"https:\/\/picsoo.be\/nl\/winkel\/"},{"@type":"ListItem","position":3,"name":"Twitter sign-in"}]},{"@type":"WebSite","@id":"https:\/\/picsoo.be\/#website","url":"https:\/\/picsoo.be\/","name":"Picsoo","description":"Uw oplossing voor facturatie en boekhouding","publisher":{"@id":"https:\/\/picsoo.be\/#organization"},"potentialAction":[{"@type":"SearchAction","target":{"@type":"EntryPoint","urlTemplate":"https:\/\/picsoo.be\/?s={search_term_string}"},"query-input":{"@type":"PropertyValueSpecification","valueRequired":true,"valueName":"search_term_string"}}],"inLanguage":"nl-NL"},{"@type":"Organization","@id":"https:\/\/picsoo.be\/#organization","name":"Picsoo","url":"https:\/\/picsoo.be\/","logo":{"@type":"ImageObject","inLanguage":"nl-NL","@id":"https:\/\/picsoo.be\/#\/schema\/logo\/image\/","url":"https:\/\/picsoo.be\/wp-content\/uploads\/2023\/10\/Picsoo-Labels-WebDesign2-1-1.png","contentUrl":"https:\/\/picsoo.be\/wp-content\/uploads\/2023\/10\/Picsoo-Labels-WebDesign2-1-1.png","width":508,"height":164,"caption":"Picsoo"},"image":{"@id":"https:\/\/picsoo.be\/#\/schema\/logo\/image\/"},"sameAs":["https:\/\/www.facebook.com\/PicsooAccountingSolution"]}]}},"_links":{"self":[{"href":"https:\/\/picsoo.be\/nl\/wp-json\/wp\/v2\/product\/3606","targetHints":{"allow":["GET"]}}],"collection":[{"href":"https:\/\/picsoo.be\/nl\/wp-json\/wp\/v2\/product"}],"about":[{"href":"https:\/\/picsoo.be\/nl\/wp-json\/wp\/v2\/types\/product"}],"replies":[{"embeddable":true,"href":"https:\/\/picsoo.be\/nl\/wp-json\/wp\/v2\/comments?post=3606"}],"wp:attachment":[{"href":"https:\/\/picsoo.be\/nl\/wp-json\/wp\/v2\/media?parent=3606"}],"wp:term":[{"taxonomy":"product_brand","embeddable":true,"href":"https:\/\/picsoo.be\/nl\/wp-json\/wp\/v2\/product_brand?post=3606"},{"taxonomy":"product_cat","embeddable":true,"href":"https:\/\/picsoo.be\/nl\/wp-json\/wp\/v2\/product_cat?post=3606"},{"taxonomy":"product_tag","embeddable":true,"href":"https:\/\/picsoo.be\/nl\/wp-json\/wp\/v2\/product_tag?post=3606"}],"curies":[{"name":"wp","href":"https:\/\/api.w.org\/{rel}","templated":true}]}}