

{"id":3590,"date":"2024-10-30T13:21:35","date_gmt":"2024-10-30T12:21:35","guid":{"rendered":"https:\/\/picsoo.be\/?post_type=product&#038;p=3590"},"modified":"2026-03-05T17:16:24","modified_gmt":"2026-03-05T16:16:24","slug":"zoom-meeting","status":"publish","type":"product","link":"https:\/\/picsoo.be\/nl\/produit\/zoom-meeting\/","title":{"rendered":"Zoom meeting"},"content":{"rendered":"<p><strong>Comment utiliser Zoom Meeting ?<\/strong><\/p>\n<p>Saisissez la cl\u00e9 API Zoom et la cl\u00e9 secr\u00e8te API et cr\u00e9ez une r\u00e9union Zoom. Dans la r\u00e9union Zoom, vous pouvez g\u00e9rer les utilisateurs, la date, la dur\u00e9e, le mot de passe. Et une fois cr\u00e9\u00e9, vous verrez l&#8217;URL de la r\u00e9union via laquelle vous pourrez rejoindre la r\u00e9union.<\/p>\n<p><strong>A quoi sert une r\u00e9union Zoom ?<\/strong><\/p>\n<p>Zoom est une plateforme de visioconf\u00e9rence et de r\u00e9union en ligne tr\u00e8s appr\u00e9ci\u00e9e qui propose une gamme de fonctionnalit\u00e9s con\u00e7ues pour faciliter la communication, la collaboration et l&#8217;interaction entre les participants. L&#8217;utilisation principale des r\u00e9unions Zoom est de permettre aux individus, aux \u00e9quipes et aux organisations de Sign In virtuellement, quel que soit leur emplacement physique.<\/p>\n","protected":false},"excerpt":{"rendered":"<p>Simplifiez votre flux de travail en planifiant sans effort des r\u00e9unions Zoom et en synchronisant de mani\u00e8re transparente toutes les informations de r\u00e9union et les d\u00e9tails des participants avec votre calendrier. Cette int\u00e9gration garantit une exp\u00e9rience de conf\u00e9rence fluide. Avec l&#8217;int\u00e9gration Zoom, cr\u00e9er une r\u00e9union est un jeu d&#8217;enfant. Il vous suffit de fournir des d\u00e9tails essentiels tels que le client, les utilisateurs, l&#8217;heure et la dur\u00e9e de la r\u00e9union, et un lien de r\u00e9union pratique est g\u00e9n\u00e9r\u00e9 pour que les participants puissent se joindre \u00e0 la r\u00e9union. G\u00e9rez vos r\u00e9unions sans effort gr\u00e2ce \u00e0 des options permettant de cr\u00e9er, d&#8217;afficher, de d\u00e9marrer et de supprimer des r\u00e9unions.<\/p>\n","protected":false},"featured_media":0,"comment_status":"open","ping_status":"closed","template":"","meta":{"_acf_changed":false},"product_brand":[],"product_cat":[310],"product_tag":[],"class_list":{"0":"post-3590","1":"product","2":"type-product","3":"status-publish","5":"product_cat-zoom-meeting","7":"first","8":"instock","9":"taxable","10":"shipping-taxable","11":"purchasable","12":"product-type-simple"},"acf":[],"yoast_head":"<!-- This site is optimized with the Yoast SEO plugin v23.9 - https:\/\/yoast.com\/wordpress\/plugins\/seo\/ -->\n<title>Zoom meeting -<\/title>\n<meta name=\"robots\" content=\"index, follow, max-snippet:-1, max-image-preview:large, max-video-preview:-1\" \/>\n<link rel=\"canonical\" href=\"https:\/\/picsoo.be\/produit\/zoom-meeting\/\" \/>\n<meta property=\"og:locale\" content=\"nl_NL\" \/>\n<meta property=\"og:type\" content=\"article\" \/>\n<meta property=\"og:title\" content=\"Zoom meeting -\" \/>\n<meta property=\"og:description\" content=\"Simplifiez votre flux de travail en planifiant sans effort des r\u00e9unions Zoom et en synchronisant de mani\u00e8re transparente toutes les informations de r\u00e9union et les d\u00e9tails des participants avec votre calendrier. Cette int\u00e9gration garantit une exp\u00e9rience de conf\u00e9rence fluide. Avec l&#039;int\u00e9gration Zoom, cr\u00e9er une r\u00e9union est un jeu d&#039;enfant. Il vous suffit de fournir des d\u00e9tails essentiels tels que le client, les utilisateurs, l&#039;heure et la dur\u00e9e de la r\u00e9union, et un lien de r\u00e9union pratique est g\u00e9n\u00e9r\u00e9 pour que les participants puissent se joindre \u00e0 la r\u00e9union. G\u00e9rez vos r\u00e9unions sans effort gr\u00e2ce \u00e0 des options permettant de cr\u00e9er, d&#039;afficher, de d\u00e9marrer et de supprimer des r\u00e9unions.\" \/>\n<meta property=\"og:url\" content=\"https:\/\/picsoo.be\/produit\/zoom-meeting\/\" \/>\n<meta property=\"article:publisher\" content=\"https:\/\/www.facebook.com\/PicsooAccountingSolution\" \/>\n<meta property=\"article:modified_time\" content=\"2026-03-05T16:16:24+00:00\" \/>\n<meta property=\"og:image\" content=\"https:\/\/picsoo.be\/wp-content\/uploads\/2024\/10\/Picture152.png\" \/>\n\t<meta property=\"og:image:width\" content=\"193\" \/>\n\t<meta property=\"og:image:height\" content=\"195\" \/>\n\t<meta property=\"og:image:type\" content=\"image\/png\" \/>\n<meta name=\"twitter:card\" content=\"summary_large_image\" \/>\n<meta name=\"twitter:label1\" content=\"Geschatte leestijd\" \/>\n\t<meta name=\"twitter:data1\" content=\"1 minuut\" \/>\n<script type=\"application\/ld+json\" class=\"yoast-schema-graph\">{\"@context\":\"https:\/\/schema.org\",\"@graph\":[{\"@type\":\"WebPage\",\"@id\":\"https:\/\/picsoo.be\/produit\/zoom-meeting\/\",\"url\":\"https:\/\/picsoo.be\/produit\/zoom-meeting\/\",\"name\":\"Zoom meeting -\",\"isPartOf\":{\"@id\":\"https:\/\/picsoo.be\/#website\"},\"datePublished\":\"2024-10-30T12:21:35+00:00\",\"dateModified\":\"2026-03-05T16:16:24+00:00\",\"breadcrumb\":{\"@id\":\"https:\/\/picsoo.be\/produit\/zoom-meeting\/#breadcrumb\"},\"inLanguage\":\"nl-NL\",\"potentialAction\":[{\"@type\":\"ReadAction\",\"target\":[\"https:\/\/picsoo.be\/produit\/zoom-meeting\/\"]}]},{\"@type\":\"BreadcrumbList\",\"@id\":\"https:\/\/picsoo.be\/produit\/zoom-meeting\/#breadcrumb\",\"itemListElement\":[{\"@type\":\"ListItem\",\"position\":1,\"name\":\"Accueil\",\"item\":\"https:\/\/picsoo.be\/nl\/facturering-en-boekhoudsoftware\/\"},{\"@type\":\"ListItem\",\"position\":2,\"name\":\"Winkel\",\"item\":\"https:\/\/picsoo.be\/nl\/winkel\/\"},{\"@type\":\"ListItem\",\"position\":3,\"name\":\"Zoom meeting\"}]},{\"@type\":\"WebSite\",\"@id\":\"https:\/\/picsoo.be\/#website\",\"url\":\"https:\/\/picsoo.be\/\",\"name\":\"Picsoo\",\"description\":\"Uw oplossing voor facturatie en boekhouding\",\"publisher\":{\"@id\":\"https:\/\/picsoo.be\/#organization\"},\"potentialAction\":[{\"@type\":\"SearchAction\",\"target\":{\"@type\":\"EntryPoint\",\"urlTemplate\":\"https:\/\/picsoo.be\/?s={search_term_string}\"},\"query-input\":{\"@type\":\"PropertyValueSpecification\",\"valueRequired\":true,\"valueName\":\"search_term_string\"}}],\"inLanguage\":\"nl-NL\"},{\"@type\":\"Organization\",\"@id\":\"https:\/\/picsoo.be\/#organization\",\"name\":\"Picsoo\",\"url\":\"https:\/\/picsoo.be\/\",\"logo\":{\"@type\":\"ImageObject\",\"inLanguage\":\"nl-NL\",\"@id\":\"https:\/\/picsoo.be\/#\/schema\/logo\/image\/\",\"url\":\"https:\/\/picsoo.be\/wp-content\/uploads\/2023\/10\/Picsoo-Labels-WebDesign2-1-1.png\",\"contentUrl\":\"https:\/\/picsoo.be\/wp-content\/uploads\/2023\/10\/Picsoo-Labels-WebDesign2-1-1.png\",\"width\":508,\"height\":164,\"caption\":\"Picsoo\"},\"image\":{\"@id\":\"https:\/\/picsoo.be\/#\/schema\/logo\/image\/\"},\"sameAs\":[\"https:\/\/www.facebook.com\/PicsooAccountingSolution\"]}]}<\/script>\n<!-- \/ Yoast SEO plugin. -->","yoast_head_json":{"title":"Zoom meeting -","robots":{"index":"index","follow":"follow","max-snippet":"max-snippet:-1","max-image-preview":"max-image-preview:large","max-video-preview":"max-video-preview:-1"},"canonical":"https:\/\/picsoo.be\/produit\/zoom-meeting\/","og_locale":"nl_NL","og_type":"article","og_title":"Zoom meeting -","og_description":"Simplifiez votre flux de travail en planifiant sans effort des r\u00e9unions Zoom et en synchronisant de mani\u00e8re transparente toutes les informations de r\u00e9union et les d\u00e9tails des participants avec votre calendrier. Cette int\u00e9gration garantit une exp\u00e9rience de conf\u00e9rence fluide. Avec l'int\u00e9gration Zoom, cr\u00e9er une r\u00e9union est un jeu d'enfant. Il vous suffit de fournir des d\u00e9tails essentiels tels que le client, les utilisateurs, l'heure et la dur\u00e9e de la r\u00e9union, et un lien de r\u00e9union pratique est g\u00e9n\u00e9r\u00e9 pour que les participants puissent se joindre \u00e0 la r\u00e9union. G\u00e9rez vos r\u00e9unions sans effort gr\u00e2ce \u00e0 des options permettant de cr\u00e9er, d'afficher, de d\u00e9marrer et de supprimer des r\u00e9unions.","og_url":"https:\/\/picsoo.be\/produit\/zoom-meeting\/","article_publisher":"https:\/\/www.facebook.com\/PicsooAccountingSolution","article_modified_time":"2026-03-05T16:16:24+00:00","og_image":[{"width":193,"height":195,"url":"https:\/\/picsoo.be\/wp-content\/uploads\/2024\/10\/Picture152.png","type":"image\/png"}],"twitter_card":"summary_large_image","twitter_misc":{"Geschatte leestijd":"1 minuut"},"schema":{"@context":"https:\/\/schema.org","@graph":[{"@type":"WebPage","@id":"https:\/\/picsoo.be\/produit\/zoom-meeting\/","url":"https:\/\/picsoo.be\/produit\/zoom-meeting\/","name":"Zoom meeting -","isPartOf":{"@id":"https:\/\/picsoo.be\/#website"},"datePublished":"2024-10-30T12:21:35+00:00","dateModified":"2026-03-05T16:16:24+00:00","breadcrumb":{"@id":"https:\/\/picsoo.be\/produit\/zoom-meeting\/#breadcrumb"},"inLanguage":"nl-NL","potentialAction":[{"@type":"ReadAction","target":["https:\/\/picsoo.be\/produit\/zoom-meeting\/"]}]},{"@type":"BreadcrumbList","@id":"https:\/\/picsoo.be\/produit\/zoom-meeting\/#breadcrumb","itemListElement":[{"@type":"ListItem","position":1,"name":"Accueil","item":"https:\/\/picsoo.be\/nl\/facturering-en-boekhoudsoftware\/"},{"@type":"ListItem","position":2,"name":"Winkel","item":"https:\/\/picsoo.be\/nl\/winkel\/"},{"@type":"ListItem","position":3,"name":"Zoom meeting"}]},{"@type":"WebSite","@id":"https:\/\/picsoo.be\/#website","url":"https:\/\/picsoo.be\/","name":"Picsoo","description":"Uw oplossing voor facturatie en boekhouding","publisher":{"@id":"https:\/\/picsoo.be\/#organization"},"potentialAction":[{"@type":"SearchAction","target":{"@type":"EntryPoint","urlTemplate":"https:\/\/picsoo.be\/?s={search_term_string}"},"query-input":{"@type":"PropertyValueSpecification","valueRequired":true,"valueName":"search_term_string"}}],"inLanguage":"nl-NL"},{"@type":"Organization","@id":"https:\/\/picsoo.be\/#organization","name":"Picsoo","url":"https:\/\/picsoo.be\/","logo":{"@type":"ImageObject","inLanguage":"nl-NL","@id":"https:\/\/picsoo.be\/#\/schema\/logo\/image\/","url":"https:\/\/picsoo.be\/wp-content\/uploads\/2023\/10\/Picsoo-Labels-WebDesign2-1-1.png","contentUrl":"https:\/\/picsoo.be\/wp-content\/uploads\/2023\/10\/Picsoo-Labels-WebDesign2-1-1.png","width":508,"height":164,"caption":"Picsoo"},"image":{"@id":"https:\/\/picsoo.be\/#\/schema\/logo\/image\/"},"sameAs":["https:\/\/www.facebook.com\/PicsooAccountingSolution"]}]}},"_links":{"self":[{"href":"https:\/\/picsoo.be\/nl\/wp-json\/wp\/v2\/product\/3590","targetHints":{"allow":["GET"]}}],"collection":[{"href":"https:\/\/picsoo.be\/nl\/wp-json\/wp\/v2\/product"}],"about":[{"href":"https:\/\/picsoo.be\/nl\/wp-json\/wp\/v2\/types\/product"}],"replies":[{"embeddable":true,"href":"https:\/\/picsoo.be\/nl\/wp-json\/wp\/v2\/comments?post=3590"}],"wp:attachment":[{"href":"https:\/\/picsoo.be\/nl\/wp-json\/wp\/v2\/media?parent=3590"}],"wp:term":[{"taxonomy":"product_brand","embeddable":true,"href":"https:\/\/picsoo.be\/nl\/wp-json\/wp\/v2\/product_brand?post=3590"},{"taxonomy":"product_cat","embeddable":true,"href":"https:\/\/picsoo.be\/nl\/wp-json\/wp\/v2\/product_cat?post=3590"},{"taxonomy":"product_tag","embeddable":true,"href":"https:\/\/picsoo.be\/nl\/wp-json\/wp\/v2\/product_tag?post=3590"}],"curies":[{"name":"wp","href":"https:\/\/api.w.org\/{rel}","templated":true}]}}