

{"id":3444,"date":"2024-10-30T12:26:55","date_gmt":"2024-10-30T11:26:55","guid":{"rendered":"https:\/\/picsoo.be\/?post_type=product&#038;p=3444"},"modified":"2026-03-05T17:04:40","modified_gmt":"2026-03-05T16:04:40","slug":"whats-app-twilio","status":"publish","type":"product","link":"https:\/\/picsoo.be\/nl\/produit\/whats-app-twilio\/","title":{"rendered":"What\u2019s app (Twilio)"},"content":{"rendered":"<p><strong>Configurer les notifications WhatsApp (Twillio)\u00a0:<\/strong><\/p>\n<p>Cr\u00e9ez un compte Twilio sur https:\/\/www.twilio.com\/. Obtenez le SID du compte et le jeton d&#8217;authentification \u00e0 partir de la console Twilio. Faites une demande via Twilio pour acc\u00e9der \u00e0 l&#8217;API WhatsApp Business. Suivez le processus et obtenez l&#8217;approbation de WhatsApp. Enregistrez un num\u00e9ro WhatsApp Business sur Twilio. Acc\u00e9dez \u00e0 la page de configuration de votre produit. Une fois cela fait, vos notifications WhatsApp Twilio sont pr\u00eates pour une communication utilisateur efficace.<\/p>\n<p><strong>Notifications WhatsApp (Twillio)\u00a0:<\/strong><\/p>\n<p>Une fois que vous avez termin\u00e9 tous les param\u00e8tres de la page de configuration, vous pouvez travailler en toute transparence sur n&#8217;importe quel module de votre produit. Chaque fois que des actions sp\u00e9cifiques sont effectu\u00e9es, telles que la cr\u00e9ation d&#8217;un nouvel utilisateur, la g\u00e9n\u00e9ration d&#8217;une facture ou le lancement d&#8217;un projet, vos utilisateurs recevront automatiquement des notifications via WhatsApp Twilio. Cela garantit des mises \u00e0 jour rapides et une communication efficace, am\u00e9liorant l&#8217;engagement des utilisateurs et l&#8217;exp\u00e9rience globale de l&#8217;utilisateur.<\/p>\n","protected":false},"excerpt":{"rendered":"<p>WhatsApp avec Twilio fait r\u00e9f\u00e9rence \u00e0 l&#8217;int\u00e9gration de la plateforme de communication cloud de Twilio avec le service de messagerie de WhatsApp. Cette int\u00e9gration permet aux entreprises d&#8217;utiliser les API et les outils de Twilio pour envoyer et recevoir des messages sur WhatsApp, ce qui permet un engagement, une assistance et une communication client plus efficaces.<\/p>\n","protected":false},"featured_media":0,"comment_status":"open","ping_status":"closed","template":"","meta":{"_acf_changed":false},"product_brand":[],"product_cat":[289],"product_tag":[],"class_list":{"0":"post-3444","1":"product","2":"type-product","3":"status-publish","5":"product_cat-whats-app-twilio","7":"first","8":"instock","9":"taxable","10":"shipping-taxable","11":"purchasable","12":"product-type-simple"},"acf":[],"yoast_head":"<!-- This site is optimized with the Yoast SEO plugin v23.9 - https:\/\/yoast.com\/wordpress\/plugins\/seo\/ -->\n<title>What\u2019s app (Twilio) -<\/title>\n<meta name=\"robots\" content=\"index, follow, max-snippet:-1, max-image-preview:large, max-video-preview:-1\" \/>\n<link rel=\"canonical\" href=\"https:\/\/picsoo.be\/produit\/whats-app-twilio\/\" \/>\n<meta property=\"og:locale\" content=\"nl_NL\" \/>\n<meta property=\"og:type\" content=\"article\" \/>\n<meta property=\"og:title\" content=\"What\u2019s app (Twilio) -\" \/>\n<meta property=\"og:description\" content=\"WhatsApp avec Twilio fait r\u00e9f\u00e9rence \u00e0 l&#039;int\u00e9gration de la plateforme de communication cloud de Twilio avec le service de messagerie de WhatsApp. Cette int\u00e9gration permet aux entreprises d&#039;utiliser les API et les outils de Twilio pour envoyer et recevoir des messages sur WhatsApp, ce qui permet un engagement, une assistance et une communication client plus efficaces.\" \/>\n<meta property=\"og:url\" content=\"https:\/\/picsoo.be\/produit\/whats-app-twilio\/\" \/>\n<meta property=\"article:publisher\" content=\"https:\/\/www.facebook.com\/PicsooAccountingSolution\" \/>\n<meta property=\"article:modified_time\" content=\"2026-03-05T16:04:40+00:00\" \/>\n<meta property=\"og:image\" content=\"https:\/\/picsoo.be\/wp-content\/uploads\/2024\/10\/Picture100.png\" \/>\n\t<meta property=\"og:image:width\" content=\"164\" \/>\n\t<meta property=\"og:image:height\" content=\"149\" \/>\n\t<meta property=\"og:image:type\" content=\"image\/png\" \/>\n<meta name=\"twitter:card\" content=\"summary_large_image\" \/>\n<meta name=\"twitter:label1\" content=\"Geschatte leestijd\" \/>\n\t<meta name=\"twitter:data1\" content=\"2 minuten\" \/>\n<script type=\"application\/ld+json\" class=\"yoast-schema-graph\">{\"@context\":\"https:\/\/schema.org\",\"@graph\":[{\"@type\":\"WebPage\",\"@id\":\"https:\/\/picsoo.be\/produit\/whats-app-twilio\/\",\"url\":\"https:\/\/picsoo.be\/produit\/whats-app-twilio\/\",\"name\":\"What\u2019s app (Twilio) -\",\"isPartOf\":{\"@id\":\"https:\/\/picsoo.be\/#website\"},\"datePublished\":\"2024-10-30T11:26:55+00:00\",\"dateModified\":\"2026-03-05T16:04:40+00:00\",\"breadcrumb\":{\"@id\":\"https:\/\/picsoo.be\/produit\/whats-app-twilio\/#breadcrumb\"},\"inLanguage\":\"nl-NL\",\"potentialAction\":[{\"@type\":\"ReadAction\",\"target\":[\"https:\/\/picsoo.be\/produit\/whats-app-twilio\/\"]}]},{\"@type\":\"BreadcrumbList\",\"@id\":\"https:\/\/picsoo.be\/produit\/whats-app-twilio\/#breadcrumb\",\"itemListElement\":[{\"@type\":\"ListItem\",\"position\":1,\"name\":\"Accueil\",\"item\":\"https:\/\/picsoo.be\/nl\/facturering-en-boekhoudsoftware\/\"},{\"@type\":\"ListItem\",\"position\":2,\"name\":\"Winkel\",\"item\":\"https:\/\/picsoo.be\/nl\/winkel\/\"},{\"@type\":\"ListItem\",\"position\":3,\"name\":\"What\u2019s app (Twilio)\"}]},{\"@type\":\"WebSite\",\"@id\":\"https:\/\/picsoo.be\/#website\",\"url\":\"https:\/\/picsoo.be\/\",\"name\":\"Picsoo\",\"description\":\"Uw oplossing voor facturatie en boekhouding\",\"publisher\":{\"@id\":\"https:\/\/picsoo.be\/#organization\"},\"potentialAction\":[{\"@type\":\"SearchAction\",\"target\":{\"@type\":\"EntryPoint\",\"urlTemplate\":\"https:\/\/picsoo.be\/?s={search_term_string}\"},\"query-input\":{\"@type\":\"PropertyValueSpecification\",\"valueRequired\":true,\"valueName\":\"search_term_string\"}}],\"inLanguage\":\"nl-NL\"},{\"@type\":\"Organization\",\"@id\":\"https:\/\/picsoo.be\/#organization\",\"name\":\"Picsoo\",\"url\":\"https:\/\/picsoo.be\/\",\"logo\":{\"@type\":\"ImageObject\",\"inLanguage\":\"nl-NL\",\"@id\":\"https:\/\/picsoo.be\/#\/schema\/logo\/image\/\",\"url\":\"https:\/\/picsoo.be\/wp-content\/uploads\/2023\/10\/Picsoo-Labels-WebDesign2-1-1.png\",\"contentUrl\":\"https:\/\/picsoo.be\/wp-content\/uploads\/2023\/10\/Picsoo-Labels-WebDesign2-1-1.png\",\"width\":508,\"height\":164,\"caption\":\"Picsoo\"},\"image\":{\"@id\":\"https:\/\/picsoo.be\/#\/schema\/logo\/image\/\"},\"sameAs\":[\"https:\/\/www.facebook.com\/PicsooAccountingSolution\"]}]}<\/script>\n<!-- \/ Yoast SEO plugin. -->","yoast_head_json":{"title":"What\u2019s app (Twilio) -","robots":{"index":"index","follow":"follow","max-snippet":"max-snippet:-1","max-image-preview":"max-image-preview:large","max-video-preview":"max-video-preview:-1"},"canonical":"https:\/\/picsoo.be\/produit\/whats-app-twilio\/","og_locale":"nl_NL","og_type":"article","og_title":"What\u2019s app (Twilio) -","og_description":"WhatsApp avec Twilio fait r\u00e9f\u00e9rence \u00e0 l'int\u00e9gration de la plateforme de communication cloud de Twilio avec le service de messagerie de WhatsApp. Cette int\u00e9gration permet aux entreprises d'utiliser les API et les outils de Twilio pour envoyer et recevoir des messages sur WhatsApp, ce qui permet un engagement, une assistance et une communication client plus efficaces.","og_url":"https:\/\/picsoo.be\/produit\/whats-app-twilio\/","article_publisher":"https:\/\/www.facebook.com\/PicsooAccountingSolution","article_modified_time":"2026-03-05T16:04:40+00:00","og_image":[{"width":164,"height":149,"url":"https:\/\/picsoo.be\/wp-content\/uploads\/2024\/10\/Picture100.png","type":"image\/png"}],"twitter_card":"summary_large_image","twitter_misc":{"Geschatte leestijd":"2 minuten"},"schema":{"@context":"https:\/\/schema.org","@graph":[{"@type":"WebPage","@id":"https:\/\/picsoo.be\/produit\/whats-app-twilio\/","url":"https:\/\/picsoo.be\/produit\/whats-app-twilio\/","name":"What\u2019s app (Twilio) -","isPartOf":{"@id":"https:\/\/picsoo.be\/#website"},"datePublished":"2024-10-30T11:26:55+00:00","dateModified":"2026-03-05T16:04:40+00:00","breadcrumb":{"@id":"https:\/\/picsoo.be\/produit\/whats-app-twilio\/#breadcrumb"},"inLanguage":"nl-NL","potentialAction":[{"@type":"ReadAction","target":["https:\/\/picsoo.be\/produit\/whats-app-twilio\/"]}]},{"@type":"BreadcrumbList","@id":"https:\/\/picsoo.be\/produit\/whats-app-twilio\/#breadcrumb","itemListElement":[{"@type":"ListItem","position":1,"name":"Accueil","item":"https:\/\/picsoo.be\/nl\/facturering-en-boekhoudsoftware\/"},{"@type":"ListItem","position":2,"name":"Winkel","item":"https:\/\/picsoo.be\/nl\/winkel\/"},{"@type":"ListItem","position":3,"name":"What\u2019s app (Twilio)"}]},{"@type":"WebSite","@id":"https:\/\/picsoo.be\/#website","url":"https:\/\/picsoo.be\/","name":"Picsoo","description":"Uw oplossing voor facturatie en boekhouding","publisher":{"@id":"https:\/\/picsoo.be\/#organization"},"potentialAction":[{"@type":"SearchAction","target":{"@type":"EntryPoint","urlTemplate":"https:\/\/picsoo.be\/?s={search_term_string}"},"query-input":{"@type":"PropertyValueSpecification","valueRequired":true,"valueName":"search_term_string"}}],"inLanguage":"nl-NL"},{"@type":"Organization","@id":"https:\/\/picsoo.be\/#organization","name":"Picsoo","url":"https:\/\/picsoo.be\/","logo":{"@type":"ImageObject","inLanguage":"nl-NL","@id":"https:\/\/picsoo.be\/#\/schema\/logo\/image\/","url":"https:\/\/picsoo.be\/wp-content\/uploads\/2023\/10\/Picsoo-Labels-WebDesign2-1-1.png","contentUrl":"https:\/\/picsoo.be\/wp-content\/uploads\/2023\/10\/Picsoo-Labels-WebDesign2-1-1.png","width":508,"height":164,"caption":"Picsoo"},"image":{"@id":"https:\/\/picsoo.be\/#\/schema\/logo\/image\/"},"sameAs":["https:\/\/www.facebook.com\/PicsooAccountingSolution"]}]}},"_links":{"self":[{"href":"https:\/\/picsoo.be\/nl\/wp-json\/wp\/v2\/product\/3444","targetHints":{"allow":["GET"]}}],"collection":[{"href":"https:\/\/picsoo.be\/nl\/wp-json\/wp\/v2\/product"}],"about":[{"href":"https:\/\/picsoo.be\/nl\/wp-json\/wp\/v2\/types\/product"}],"replies":[{"embeddable":true,"href":"https:\/\/picsoo.be\/nl\/wp-json\/wp\/v2\/comments?post=3444"}],"wp:attachment":[{"href":"https:\/\/picsoo.be\/nl\/wp-json\/wp\/v2\/media?parent=3444"}],"wp:term":[{"taxonomy":"product_brand","embeddable":true,"href":"https:\/\/picsoo.be\/nl\/wp-json\/wp\/v2\/product_brand?post=3444"},{"taxonomy":"product_cat","embeddable":true,"href":"https:\/\/picsoo.be\/nl\/wp-json\/wp\/v2\/product_cat?post=3444"},{"taxonomy":"product_tag","embeddable":true,"href":"https:\/\/picsoo.be\/nl\/wp-json\/wp\/v2\/product_tag?post=3444"}],"curies":[{"name":"wp","href":"https:\/\/api.w.org\/{rel}","templated":true}]}}