

{"id":3226,"date":"2024-10-30T10:30:34","date_gmt":"2024-10-30T09:30:34","guid":{"rendered":"https:\/\/picsoo.be\/?post_type=product&#038;p=3226"},"modified":"2026-03-05T17:11:23","modified_gmt":"2026-03-05T16:11:23","slug":"call-hub","status":"publish","type":"product","link":"https:\/\/picsoo.be\/nl\/produit\/call-hub\/","title":{"rendered":"Call Hub"},"content":{"rendered":"<p><strong>Enregistrer les d\u00e9tails d&#8217;appel suppl\u00e9mentaires<\/strong><\/p>\n<p>Choisir entre un appel ou une communication par SMS. De l&#8217;heure de d\u00e9but \u00e0 l&#8217;heure de fin, la dur\u00e9e entre ces deux heures sera automatiquement comptabilis\u00e9e. Affecter un utilisateur sp\u00e9cifique responsable de l&#8217;appel et du SMS. R\u00e9diger un message personnalis\u00e9 \u00e0 envoyer \u00e0 l&#8217;employ\u00e9, au client ou au consommateur. Cela fournit \u00e9galement une fonctionnalit\u00e9 d&#8217;appel en un clic pour joindre le contact instantan\u00e9ment et une fonctionnalit\u00e9 d&#8217;envoi de message en un clic pour une messagerie imm\u00e9diate.<\/p>\n<p><strong>Rapports<\/strong><\/p>\n<p>Call Hub offre des capacit\u00e9s de reporting robustes. Suivez le nombre d&#8217;appels et de SMS envoy\u00e9s au cours d&#8217;un mois donn\u00e9. Analysez les mod\u00e8les de communication pour une semaine sp\u00e9cifique.<\/p>\n","protected":false},"excerpt":{"rendered":"<p>Le module Call Hub est un outil puissant con\u00e7u pour rationaliser la communication et am\u00e9liorer le suivi pour les entreprises. Ce module offre une gamme de fonctionnalit\u00e9s pour aider les entreprises \u00e0 g\u00e9rer efficacement leurs interactions avec les employ\u00e9s, les clients et les clients.<\/p>\n","protected":false},"featured_media":0,"comment_status":"open","ping_status":"closed","template":"","meta":{"_acf_changed":false},"product_brand":[],"product_cat":[260,259],"product_tag":[],"class_list":{"0":"post-3226","1":"product","2":"type-product","3":"status-publish","5":"product_cat-call-hub","6":"product_cat-support-formations","8":"first","9":"instock","10":"taxable","11":"shipping-taxable","12":"purchasable","13":"product-type-simple"},"acf":[],"yoast_head":"<!-- This site is optimized with the Yoast SEO plugin v23.9 - https:\/\/yoast.com\/wordpress\/plugins\/seo\/ -->\n<title>Call Hub -<\/title>\n<meta name=\"robots\" content=\"index, follow, max-snippet:-1, max-image-preview:large, max-video-preview:-1\" \/>\n<link rel=\"canonical\" href=\"https:\/\/picsoo.be\/produit\/call-hub\/\" \/>\n<meta property=\"og:locale\" content=\"nl_NL\" \/>\n<meta property=\"og:type\" content=\"article\" \/>\n<meta property=\"og:title\" content=\"Call Hub -\" \/>\n<meta property=\"og:description\" content=\"Le module Call Hub est un outil puissant con\u00e7u pour rationaliser la communication et am\u00e9liorer le suivi pour les entreprises. Ce module offre une gamme de fonctionnalit\u00e9s pour aider les entreprises \u00e0 g\u00e9rer efficacement leurs interactions avec les employ\u00e9s, les clients et les clients.\" \/>\n<meta property=\"og:url\" content=\"https:\/\/picsoo.be\/produit\/call-hub\/\" \/>\n<meta property=\"article:publisher\" content=\"https:\/\/www.facebook.com\/PicsooAccountingSolution\" \/>\n<meta property=\"article:modified_time\" content=\"2026-03-05T16:11:23+00:00\" \/>\n<meta property=\"og:image\" content=\"https:\/\/picsoo.be\/wp-content\/uploads\/2024\/10\/Picture1-4.png\" \/>\n\t<meta property=\"og:image:width\" content=\"157\" \/>\n\t<meta property=\"og:image:height\" content=\"171\" \/>\n\t<meta property=\"og:image:type\" content=\"image\/png\" \/>\n<meta name=\"twitter:card\" content=\"summary_large_image\" \/>\n<meta name=\"twitter:label1\" content=\"Geschatte leestijd\" \/>\n\t<meta name=\"twitter:data1\" content=\"1 minuut\" \/>\n<script type=\"application\/ld+json\" class=\"yoast-schema-graph\">{\"@context\":\"https:\/\/schema.org\",\"@graph\":[{\"@type\":\"WebPage\",\"@id\":\"https:\/\/picsoo.be\/produit\/call-hub\/\",\"url\":\"https:\/\/picsoo.be\/produit\/call-hub\/\",\"name\":\"Call Hub -\",\"isPartOf\":{\"@id\":\"https:\/\/picsoo.be\/#website\"},\"datePublished\":\"2024-10-30T09:30:34+00:00\",\"dateModified\":\"2026-03-05T16:11:23+00:00\",\"breadcrumb\":{\"@id\":\"https:\/\/picsoo.be\/produit\/call-hub\/#breadcrumb\"},\"inLanguage\":\"nl-NL\",\"potentialAction\":[{\"@type\":\"ReadAction\",\"target\":[\"https:\/\/picsoo.be\/produit\/call-hub\/\"]}]},{\"@type\":\"BreadcrumbList\",\"@id\":\"https:\/\/picsoo.be\/produit\/call-hub\/#breadcrumb\",\"itemListElement\":[{\"@type\":\"ListItem\",\"position\":1,\"name\":\"Accueil\",\"item\":\"https:\/\/picsoo.be\/nl\/\"},{\"@type\":\"ListItem\",\"position\":2,\"name\":\"Winkel\",\"item\":\"https:\/\/picsoo.be\/nl\/winkel\/\"},{\"@type\":\"ListItem\",\"position\":3,\"name\":\"Call Hub\"}]},{\"@type\":\"WebSite\",\"@id\":\"https:\/\/picsoo.be\/#website\",\"url\":\"https:\/\/picsoo.be\/\",\"name\":\"Picsoo\",\"description\":\"Uw oplossing voor facturatie en boekhouding\",\"publisher\":{\"@id\":\"https:\/\/picsoo.be\/#organization\"},\"potentialAction\":[{\"@type\":\"SearchAction\",\"target\":{\"@type\":\"EntryPoint\",\"urlTemplate\":\"https:\/\/picsoo.be\/?s={search_term_string}\"},\"query-input\":{\"@type\":\"PropertyValueSpecification\",\"valueRequired\":true,\"valueName\":\"search_term_string\"}}],\"inLanguage\":\"nl-NL\"},{\"@type\":\"Organization\",\"@id\":\"https:\/\/picsoo.be\/#organization\",\"name\":\"Picsoo\",\"url\":\"https:\/\/picsoo.be\/\",\"logo\":{\"@type\":\"ImageObject\",\"inLanguage\":\"nl-NL\",\"@id\":\"https:\/\/picsoo.be\/#\/schema\/logo\/image\/\",\"url\":\"https:\/\/picsoo.be\/wp-content\/uploads\/2023\/10\/Picsoo-Labels-WebDesign2-1-1.png\",\"contentUrl\":\"https:\/\/picsoo.be\/wp-content\/uploads\/2023\/10\/Picsoo-Labels-WebDesign2-1-1.png\",\"width\":508,\"height\":164,\"caption\":\"Picsoo\"},\"image\":{\"@id\":\"https:\/\/picsoo.be\/#\/schema\/logo\/image\/\"},\"sameAs\":[\"https:\/\/www.facebook.com\/PicsooAccountingSolution\"]}]}<\/script>\n<!-- \/ Yoast SEO plugin. -->","yoast_head_json":{"title":"Call Hub -","robots":{"index":"index","follow":"follow","max-snippet":"max-snippet:-1","max-image-preview":"max-image-preview:large","max-video-preview":"max-video-preview:-1"},"canonical":"https:\/\/picsoo.be\/produit\/call-hub\/","og_locale":"nl_NL","og_type":"article","og_title":"Call Hub -","og_description":"Le module Call Hub est un outil puissant con\u00e7u pour rationaliser la communication et am\u00e9liorer le suivi pour les entreprises. Ce module offre une gamme de fonctionnalit\u00e9s pour aider les entreprises \u00e0 g\u00e9rer efficacement leurs interactions avec les employ\u00e9s, les clients et les clients.","og_url":"https:\/\/picsoo.be\/produit\/call-hub\/","article_publisher":"https:\/\/www.facebook.com\/PicsooAccountingSolution","article_modified_time":"2026-03-05T16:11:23+00:00","og_image":[{"width":157,"height":171,"url":"https:\/\/picsoo.be\/wp-content\/uploads\/2024\/10\/Picture1-4.png","type":"image\/png"}],"twitter_card":"summary_large_image","twitter_misc":{"Geschatte leestijd":"1 minuut"},"schema":{"@context":"https:\/\/schema.org","@graph":[{"@type":"WebPage","@id":"https:\/\/picsoo.be\/produit\/call-hub\/","url":"https:\/\/picsoo.be\/produit\/call-hub\/","name":"Call Hub -","isPartOf":{"@id":"https:\/\/picsoo.be\/#website"},"datePublished":"2024-10-30T09:30:34+00:00","dateModified":"2026-03-05T16:11:23+00:00","breadcrumb":{"@id":"https:\/\/picsoo.be\/produit\/call-hub\/#breadcrumb"},"inLanguage":"nl-NL","potentialAction":[{"@type":"ReadAction","target":["https:\/\/picsoo.be\/produit\/call-hub\/"]}]},{"@type":"BreadcrumbList","@id":"https:\/\/picsoo.be\/produit\/call-hub\/#breadcrumb","itemListElement":[{"@type":"ListItem","position":1,"name":"Accueil","item":"https:\/\/picsoo.be\/nl\/"},{"@type":"ListItem","position":2,"name":"Winkel","item":"https:\/\/picsoo.be\/nl\/winkel\/"},{"@type":"ListItem","position":3,"name":"Call Hub"}]},{"@type":"WebSite","@id":"https:\/\/picsoo.be\/#website","url":"https:\/\/picsoo.be\/","name":"Picsoo","description":"Uw oplossing voor facturatie en boekhouding","publisher":{"@id":"https:\/\/picsoo.be\/#organization"},"potentialAction":[{"@type":"SearchAction","target":{"@type":"EntryPoint","urlTemplate":"https:\/\/picsoo.be\/?s={search_term_string}"},"query-input":{"@type":"PropertyValueSpecification","valueRequired":true,"valueName":"search_term_string"}}],"inLanguage":"nl-NL"},{"@type":"Organization","@id":"https:\/\/picsoo.be\/#organization","name":"Picsoo","url":"https:\/\/picsoo.be\/","logo":{"@type":"ImageObject","inLanguage":"nl-NL","@id":"https:\/\/picsoo.be\/#\/schema\/logo\/image\/","url":"https:\/\/picsoo.be\/wp-content\/uploads\/2023\/10\/Picsoo-Labels-WebDesign2-1-1.png","contentUrl":"https:\/\/picsoo.be\/wp-content\/uploads\/2023\/10\/Picsoo-Labels-WebDesign2-1-1.png","width":508,"height":164,"caption":"Picsoo"},"image":{"@id":"https:\/\/picsoo.be\/#\/schema\/logo\/image\/"},"sameAs":["https:\/\/www.facebook.com\/PicsooAccountingSolution"]}]}},"_links":{"self":[{"href":"https:\/\/picsoo.be\/nl\/wp-json\/wp\/v2\/product\/3226","targetHints":{"allow":["GET"]}}],"collection":[{"href":"https:\/\/picsoo.be\/nl\/wp-json\/wp\/v2\/product"}],"about":[{"href":"https:\/\/picsoo.be\/nl\/wp-json\/wp\/v2\/types\/product"}],"replies":[{"embeddable":true,"href":"https:\/\/picsoo.be\/nl\/wp-json\/wp\/v2\/comments?post=3226"}],"wp:attachment":[{"href":"https:\/\/picsoo.be\/nl\/wp-json\/wp\/v2\/media?parent=3226"}],"wp:term":[{"taxonomy":"product_brand","embeddable":true,"href":"https:\/\/picsoo.be\/nl\/wp-json\/wp\/v2\/product_brand?post=3226"},{"taxonomy":"product_cat","embeddable":true,"href":"https:\/\/picsoo.be\/nl\/wp-json\/wp\/v2\/product_cat?post=3226"},{"taxonomy":"product_tag","embeddable":true,"href":"https:\/\/picsoo.be\/nl\/wp-json\/wp\/v2\/product_tag?post=3226"}],"curies":[{"name":"wp","href":"https:\/\/api.w.org\/{rel}","templated":true}]}}