

{"id":2912,"date":"2024-10-23T08:52:14","date_gmt":"2024-10-23T06:52:14","guid":{"rendered":"https:\/\/picsoo.be\/?post_type=product&#038;p=2912"},"modified":"2026-03-05T17:12:15","modified_gmt":"2026-03-05T16:12:15","slug":"telegram","status":"publish","type":"product","link":"https:\/\/picsoo.be\/nl\/produit\/telegram\/","title":{"rendered":"Telegram"},"content":{"rendered":"<p>Notification de t\u00e9l\u00e9gramme<br \/>\nVous pouvez utiliser des notifications Telegram efficaces. Tout d&#8217;abord, vous pouvez ajouter vos identifiants Telegram \u00e0 la page de configuration, puis vous pouvez activer\/d\u00e9sactiver les notifications selon vos choix.<\/p>\n<p>T\u00e9l\u00e9gramme avec modules<br \/>\n1. Nouvelle attribution de t\u00e2che : avertissez les membres de l\u2019\u00e9quipe lorsqu\u2019une nouvelle t\u00e2che leur est attribu\u00e9e.<br \/>\n2. Facture : informe les utilisateurs de l&#8217;heure de cr\u00e9ation, de l&#8217;heure de paiement et de l&#8217;heure de changement de statut.<br \/>\n3. Utilisateur : vous avertit lorsqu&#8217;un nouvel utilisateur est cr\u00e9\u00e9.<br \/>\n4. Nouveau revenu : vous avertit lorsqu&#8217;un nouveau revenu est cr\u00e9\u00e9.<br \/>\n5. Et plus \u2026.<\/p>\n","protected":false},"excerpt":{"rendered":"<p>L&#8217;utilisation de Telegram en tant que module compl\u00e9mentaire implique l&#8217;exploitation de la plateforme Telegram pour am\u00e9liorer ou \u00e9tendre les fonctionnalit\u00e9s d&#8217;un service ou d&#8217;une application existante. Cette int\u00e9gration peut am\u00e9liorer l&#8217;engagement des utilisateurs, fournir une communication en temps r\u00e9el et rationaliser divers processus, faisant de Telegram un ajout pr\u00e9cieux \u00e0 une large gamme d&#8217;applications, du support client \u00e0 la distribution de contenu.<\/p>\n","protected":false},"featured_media":0,"comment_status":"open","ping_status":"closed","template":"","meta":{"_acf_changed":false},"product_brand":[],"product_cat":[183],"product_tag":[],"class_list":{"0":"post-2912","1":"product","2":"type-product","3":"status-publish","5":"product_cat-telegram","7":"first","8":"instock","9":"taxable","10":"shipping-taxable","11":"purchasable","12":"product-type-simple"},"acf":[],"yoast_head":"<!-- This site is optimized with the Yoast SEO plugin v23.9 - https:\/\/yoast.com\/wordpress\/plugins\/seo\/ -->\n<title>Telegram -<\/title>\n<meta name=\"robots\" content=\"index, follow, max-snippet:-1, max-image-preview:large, max-video-preview:-1\" \/>\n<link rel=\"canonical\" href=\"https:\/\/picsoo.be\/produit\/telegram\/\" \/>\n<meta property=\"og:locale\" content=\"nl_NL\" \/>\n<meta property=\"og:type\" content=\"article\" \/>\n<meta property=\"og:title\" content=\"Telegram -\" \/>\n<meta property=\"og:description\" content=\"L&#039;utilisation de Telegram en tant que module compl\u00e9mentaire implique l&#039;exploitation de la plateforme Telegram pour am\u00e9liorer ou \u00e9tendre les fonctionnalit\u00e9s d&#039;un service ou d&#039;une application existante. Cette int\u00e9gration peut am\u00e9liorer l&#039;engagement des utilisateurs, fournir une communication en temps r\u00e9el et rationaliser divers processus, faisant de Telegram un ajout pr\u00e9cieux \u00e0 une large gamme d&#039;applications, du support client \u00e0 la distribution de contenu.\" \/>\n<meta property=\"og:url\" content=\"https:\/\/picsoo.be\/produit\/telegram\/\" \/>\n<meta property=\"article:publisher\" content=\"https:\/\/www.facebook.com\/PicsooAccountingSolution\" \/>\n<meta property=\"article:modified_time\" content=\"2026-03-05T16:12:15+00:00\" \/>\n<meta property=\"og:image\" content=\"https:\/\/picsoo.be\/wp-content\/uploads\/2024\/10\/Picture83.png\" \/>\n\t<meta property=\"og:image:width\" content=\"183\" \/>\n\t<meta property=\"og:image:height\" content=\"178\" \/>\n\t<meta property=\"og:image:type\" content=\"image\/png\" \/>\n<meta name=\"twitter:card\" content=\"summary_large_image\" \/>\n<meta name=\"twitter:label1\" content=\"Geschatte leestijd\" \/>\n\t<meta name=\"twitter:data1\" content=\"1 minuut\" \/>\n<script type=\"application\/ld+json\" class=\"yoast-schema-graph\">{\"@context\":\"https:\/\/schema.org\",\"@graph\":[{\"@type\":\"WebPage\",\"@id\":\"https:\/\/picsoo.be\/produit\/telegram\/\",\"url\":\"https:\/\/picsoo.be\/produit\/telegram\/\",\"name\":\"Telegram -\",\"isPartOf\":{\"@id\":\"https:\/\/picsoo.be\/#website\"},\"datePublished\":\"2024-10-23T06:52:14+00:00\",\"dateModified\":\"2026-03-05T16:12:15+00:00\",\"breadcrumb\":{\"@id\":\"https:\/\/picsoo.be\/produit\/telegram\/#breadcrumb\"},\"inLanguage\":\"nl-NL\",\"potentialAction\":[{\"@type\":\"ReadAction\",\"target\":[\"https:\/\/picsoo.be\/produit\/telegram\/\"]}]},{\"@type\":\"BreadcrumbList\",\"@id\":\"https:\/\/picsoo.be\/produit\/telegram\/#breadcrumb\",\"itemListElement\":[{\"@type\":\"ListItem\",\"position\":1,\"name\":\"Accueil\",\"item\":\"https:\/\/picsoo.be\/nl\/\"},{\"@type\":\"ListItem\",\"position\":2,\"name\":\"Winkel\",\"item\":\"https:\/\/picsoo.be\/nl\/winkel\/\"},{\"@type\":\"ListItem\",\"position\":3,\"name\":\"Telegram\"}]},{\"@type\":\"WebSite\",\"@id\":\"https:\/\/picsoo.be\/#website\",\"url\":\"https:\/\/picsoo.be\/\",\"name\":\"Picsoo\",\"description\":\"Uw oplossing voor facturatie en boekhouding\",\"publisher\":{\"@id\":\"https:\/\/picsoo.be\/#organization\"},\"potentialAction\":[{\"@type\":\"SearchAction\",\"target\":{\"@type\":\"EntryPoint\",\"urlTemplate\":\"https:\/\/picsoo.be\/?s={search_term_string}\"},\"query-input\":{\"@type\":\"PropertyValueSpecification\",\"valueRequired\":true,\"valueName\":\"search_term_string\"}}],\"inLanguage\":\"nl-NL\"},{\"@type\":\"Organization\",\"@id\":\"https:\/\/picsoo.be\/#organization\",\"name\":\"Picsoo\",\"url\":\"https:\/\/picsoo.be\/\",\"logo\":{\"@type\":\"ImageObject\",\"inLanguage\":\"nl-NL\",\"@id\":\"https:\/\/picsoo.be\/#\/schema\/logo\/image\/\",\"url\":\"https:\/\/picsoo.be\/wp-content\/uploads\/2023\/10\/Picsoo-Labels-WebDesign2-1-1.png\",\"contentUrl\":\"https:\/\/picsoo.be\/wp-content\/uploads\/2023\/10\/Picsoo-Labels-WebDesign2-1-1.png\",\"width\":508,\"height\":164,\"caption\":\"Picsoo\"},\"image\":{\"@id\":\"https:\/\/picsoo.be\/#\/schema\/logo\/image\/\"},\"sameAs\":[\"https:\/\/www.facebook.com\/PicsooAccountingSolution\"]}]}<\/script>\n<!-- \/ Yoast SEO plugin. -->","yoast_head_json":{"title":"Telegram -","robots":{"index":"index","follow":"follow","max-snippet":"max-snippet:-1","max-image-preview":"max-image-preview:large","max-video-preview":"max-video-preview:-1"},"canonical":"https:\/\/picsoo.be\/produit\/telegram\/","og_locale":"nl_NL","og_type":"article","og_title":"Telegram -","og_description":"L'utilisation de Telegram en tant que module compl\u00e9mentaire implique l'exploitation de la plateforme Telegram pour am\u00e9liorer ou \u00e9tendre les fonctionnalit\u00e9s d'un service ou d'une application existante. Cette int\u00e9gration peut am\u00e9liorer l'engagement des utilisateurs, fournir une communication en temps r\u00e9el et rationaliser divers processus, faisant de Telegram un ajout pr\u00e9cieux \u00e0 une large gamme d'applications, du support client \u00e0 la distribution de contenu.","og_url":"https:\/\/picsoo.be\/produit\/telegram\/","article_publisher":"https:\/\/www.facebook.com\/PicsooAccountingSolution","article_modified_time":"2026-03-05T16:12:15+00:00","og_image":[{"width":183,"height":178,"url":"https:\/\/picsoo.be\/wp-content\/uploads\/2024\/10\/Picture83.png","type":"image\/png"}],"twitter_card":"summary_large_image","twitter_misc":{"Geschatte leestijd":"1 minuut"},"schema":{"@context":"https:\/\/schema.org","@graph":[{"@type":"WebPage","@id":"https:\/\/picsoo.be\/produit\/telegram\/","url":"https:\/\/picsoo.be\/produit\/telegram\/","name":"Telegram -","isPartOf":{"@id":"https:\/\/picsoo.be\/#website"},"datePublished":"2024-10-23T06:52:14+00:00","dateModified":"2026-03-05T16:12:15+00:00","breadcrumb":{"@id":"https:\/\/picsoo.be\/produit\/telegram\/#breadcrumb"},"inLanguage":"nl-NL","potentialAction":[{"@type":"ReadAction","target":["https:\/\/picsoo.be\/produit\/telegram\/"]}]},{"@type":"BreadcrumbList","@id":"https:\/\/picsoo.be\/produit\/telegram\/#breadcrumb","itemListElement":[{"@type":"ListItem","position":1,"name":"Accueil","item":"https:\/\/picsoo.be\/nl\/"},{"@type":"ListItem","position":2,"name":"Winkel","item":"https:\/\/picsoo.be\/nl\/winkel\/"},{"@type":"ListItem","position":3,"name":"Telegram"}]},{"@type":"WebSite","@id":"https:\/\/picsoo.be\/#website","url":"https:\/\/picsoo.be\/","name":"Picsoo","description":"Uw oplossing voor facturatie en boekhouding","publisher":{"@id":"https:\/\/picsoo.be\/#organization"},"potentialAction":[{"@type":"SearchAction","target":{"@type":"EntryPoint","urlTemplate":"https:\/\/picsoo.be\/?s={search_term_string}"},"query-input":{"@type":"PropertyValueSpecification","valueRequired":true,"valueName":"search_term_string"}}],"inLanguage":"nl-NL"},{"@type":"Organization","@id":"https:\/\/picsoo.be\/#organization","name":"Picsoo","url":"https:\/\/picsoo.be\/","logo":{"@type":"ImageObject","inLanguage":"nl-NL","@id":"https:\/\/picsoo.be\/#\/schema\/logo\/image\/","url":"https:\/\/picsoo.be\/wp-content\/uploads\/2023\/10\/Picsoo-Labels-WebDesign2-1-1.png","contentUrl":"https:\/\/picsoo.be\/wp-content\/uploads\/2023\/10\/Picsoo-Labels-WebDesign2-1-1.png","width":508,"height":164,"caption":"Picsoo"},"image":{"@id":"https:\/\/picsoo.be\/#\/schema\/logo\/image\/"},"sameAs":["https:\/\/www.facebook.com\/PicsooAccountingSolution"]}]}},"_links":{"self":[{"href":"https:\/\/picsoo.be\/nl\/wp-json\/wp\/v2\/product\/2912","targetHints":{"allow":["GET"]}}],"collection":[{"href":"https:\/\/picsoo.be\/nl\/wp-json\/wp\/v2\/product"}],"about":[{"href":"https:\/\/picsoo.be\/nl\/wp-json\/wp\/v2\/types\/product"}],"replies":[{"embeddable":true,"href":"https:\/\/picsoo.be\/nl\/wp-json\/wp\/v2\/comments?post=2912"}],"wp:attachment":[{"href":"https:\/\/picsoo.be\/nl\/wp-json\/wp\/v2\/media?parent=2912"}],"wp:term":[{"taxonomy":"product_brand","embeddable":true,"href":"https:\/\/picsoo.be\/nl\/wp-json\/wp\/v2\/product_brand?post=2912"},{"taxonomy":"product_cat","embeddable":true,"href":"https:\/\/picsoo.be\/nl\/wp-json\/wp\/v2\/product_cat?post=2912"},{"taxonomy":"product_tag","embeddable":true,"href":"https:\/\/picsoo.be\/nl\/wp-json\/wp\/v2\/product_tag?post=2912"}],"curies":[{"name":"wp","href":"https:\/\/api.w.org\/{rel}","templated":true}]}}