

{"id":2898,"date":"2024-10-23T08:46:49","date_gmt":"2024-10-23T06:46:49","guid":{"rendered":"https:\/\/picsoo.be\/?post_type=product&#038;p=2898"},"modified":"2026-03-05T17:13:30","modified_gmt":"2026-03-05T16:13:30","slug":"whats-app-api","status":"publish","type":"product","link":"https:\/\/picsoo.be\/nl\/produit\/whats-app-api\/","title":{"rendered":"What\u2019s app API"},"content":{"rendered":"<p>Page de param\u00e8tres pour l&#8217;API WhatsApp<br \/>\nAm\u00e9liorez votre exp\u00e9rience Picsoo-Bee-box avec notre fonctionnalit\u00e9 de notifications d&#8217;\u00e9v\u00e9nements WhatsApp personnalisable. Personnalisez vos alertes en activant et d\u00e9sactivant les \u00e9v\u00e9nements, permettant ainsi aux utilisateurs de rester connect\u00e9s et inform\u00e9s gr\u00e2ce \u00e0 une int\u00e9gration transparente de WhatsApp. Configurez facilement les informations d&#8217;identification pour l&#8217;API WhatsApp et g\u00e9rez les pr\u00e9f\u00e9rences d&#8217;\u00e9v\u00e9nements dans la section des param\u00e8tres, garantissant ainsi un flux de communication personnalis\u00e9 et efficace au sein de votre application.<\/p>\n<p>Nouvelle attribution de t\u00e2che :<br \/>\nInformez les membres de l\u2019\u00e9quipe lorsqu\u2019une nouvelle t\u00e2che leur est attribu\u00e9e.<br \/>\nNouveaux revenus :<br \/>\nVous avertit lorsque de nouveaux revenus sont cr\u00e9\u00e9s.<br \/>\nCr\u00e9er un utilisateur:<br \/>\nAlertez instantan\u00e9ment les administrateurs et les \u00e9quipes concern\u00e9es d\u00e8s la cr\u00e9ation d\u2019un nouveau compte utilisateur.<br \/>\nNouvelle facture :<br \/>\nInformez rapidement les utilisateurs de la g\u00e9n\u00e9ration d&#8217;une nouvelle facture, garantissant ainsi une communication financi\u00e8re efficace.<br \/>\nStatut de la facture mis \u00e0 jour :<br \/>\nTenez les parties prenantes inform\u00e9es avec des mises \u00e0 jour en temps r\u00e9el sur les changements de statut des factures, am\u00e9liorant ainsi la transparence.<br \/>\nNouvelle proposition:<br \/>\nOptimisez la collaboration en informant les membres de l\u2019\u00e9quipe chaque fois qu\u2019une nouvelle proposition est ajout\u00e9e au syst\u00e8me.<br \/>\nStatut de la proposition mis \u00e0 jour :<br \/>\nRestez inform\u00e9 de l&#8217;avancement des propositions en recevant des notifications lorsque le statut d&#8217;une proposition est modifi\u00e9.<br \/>\nNouveau rendez-vous:<br \/>\nAssurez des r\u00e9ponses rapides et une planification efficace en informant instantan\u00e9ment les parties impliqu\u00e9es d&#8217;un nouveau rendez-vous programm\u00e9<br \/>\nStatut du rendez-vous :<br \/>\nTenez toutes les parties inform\u00e9es des changements de statut de rendez-vous, ce qui apporte de la clart\u00e9 et r\u00e9duit les lacunes en mati\u00e8re de communication.<\/p>\n","protected":false},"excerpt":{"rendered":"<p>Bee-box int\u00e8gre de mani\u00e8re transparente l\u2019API WhatsApp. Cette int\u00e9gration permet aux utilisateurs d\u2019envoyer des messages WhatsApp d\u00e9clench\u00e9s par des \u00e9v\u00e9nements sp\u00e9cifiques au sein de l\u2019application. Dans la section des param\u00e8tres, les utilisateurs ont la possibilit\u00e9 de personnaliser et de g\u00e9rer les notifications d\u2019\u00e9v\u00e9nements en les activant ou en les d\u00e9sactivant selon leurs pr\u00e9f\u00e9rences. Cette fonctionnalit\u00e9 am\u00e9liore l\u2019engagement des utilisateurs et facilite une communication efficace par le biais de la messagerie WhatsApp au sein de la plateforme Bee-box. <\/p>\n","protected":false},"featured_media":0,"comment_status":"open","ping_status":"closed","template":"","meta":{"_acf_changed":false},"product_brand":[],"product_cat":[181],"product_tag":[],"class_list":{"0":"post-2898","1":"product","2":"type-product","3":"status-publish","5":"product_cat-whats-app-api","7":"first","8":"instock","9":"taxable","10":"shipping-taxable","11":"purchasable","12":"product-type-simple"},"acf":[],"yoast_head":"<!-- This site is optimized with the Yoast SEO plugin v23.9 - https:\/\/yoast.com\/wordpress\/plugins\/seo\/ -->\n<title>What\u2019s app API -<\/title>\n<meta name=\"robots\" content=\"index, follow, max-snippet:-1, max-image-preview:large, max-video-preview:-1\" \/>\n<link rel=\"canonical\" href=\"https:\/\/picsoo.be\/produit\/whats-app-api\/\" \/>\n<meta property=\"og:locale\" content=\"nl_NL\" \/>\n<meta property=\"og:type\" content=\"article\" \/>\n<meta property=\"og:title\" content=\"What\u2019s app API -\" \/>\n<meta property=\"og:description\" content=\"Bee-box int\u00e8gre de mani\u00e8re transparente l\u2019API WhatsApp. Cette int\u00e9gration permet aux utilisateurs d\u2019envoyer des messages WhatsApp d\u00e9clench\u00e9s par des \u00e9v\u00e9nements sp\u00e9cifiques au sein de l\u2019application. Dans la section des param\u00e8tres, les utilisateurs ont la possibilit\u00e9 de personnaliser et de g\u00e9rer les notifications d\u2019\u00e9v\u00e9nements en les activant ou en les d\u00e9sactivant selon leurs pr\u00e9f\u00e9rences. Cette fonctionnalit\u00e9 am\u00e9liore l\u2019engagement des utilisateurs et facilite une communication efficace par le biais de la messagerie WhatsApp au sein de la plateforme Bee-box.\" \/>\n<meta property=\"og:url\" content=\"https:\/\/picsoo.be\/produit\/whats-app-api\/\" \/>\n<meta property=\"article:publisher\" content=\"https:\/\/www.facebook.com\/PicsooAccountingSolution\" \/>\n<meta property=\"article:modified_time\" content=\"2026-03-05T16:13:30+00:00\" \/>\n<meta property=\"og:image\" content=\"https:\/\/picsoo.be\/wp-content\/uploads\/2024\/10\/Picture77.png\" \/>\n\t<meta property=\"og:image:width\" content=\"174\" \/>\n\t<meta property=\"og:image:height\" content=\"169\" \/>\n\t<meta property=\"og:image:type\" content=\"image\/png\" \/>\n<meta name=\"twitter:card\" content=\"summary_large_image\" \/>\n<meta name=\"twitter:label1\" content=\"Geschatte leestijd\" \/>\n\t<meta name=\"twitter:data1\" content=\"1 minuut\" \/>\n<script type=\"application\/ld+json\" class=\"yoast-schema-graph\">{\"@context\":\"https:\/\/schema.org\",\"@graph\":[{\"@type\":\"WebPage\",\"@id\":\"https:\/\/picsoo.be\/produit\/whats-app-api\/\",\"url\":\"https:\/\/picsoo.be\/produit\/whats-app-api\/\",\"name\":\"What\u2019s app API -\",\"isPartOf\":{\"@id\":\"https:\/\/picsoo.be\/#website\"},\"datePublished\":\"2024-10-23T06:46:49+00:00\",\"dateModified\":\"2026-03-05T16:13:30+00:00\",\"breadcrumb\":{\"@id\":\"https:\/\/picsoo.be\/produit\/whats-app-api\/#breadcrumb\"},\"inLanguage\":\"nl-NL\",\"potentialAction\":[{\"@type\":\"ReadAction\",\"target\":[\"https:\/\/picsoo.be\/produit\/whats-app-api\/\"]}]},{\"@type\":\"BreadcrumbList\",\"@id\":\"https:\/\/picsoo.be\/produit\/whats-app-api\/#breadcrumb\",\"itemListElement\":[{\"@type\":\"ListItem\",\"position\":1,\"name\":\"Accueil\",\"item\":\"https:\/\/picsoo.be\/nl\/\"},{\"@type\":\"ListItem\",\"position\":2,\"name\":\"Winkel\",\"item\":\"https:\/\/picsoo.be\/nl\/winkel\/\"},{\"@type\":\"ListItem\",\"position\":3,\"name\":\"What\u2019s app API\"}]},{\"@type\":\"WebSite\",\"@id\":\"https:\/\/picsoo.be\/#website\",\"url\":\"https:\/\/picsoo.be\/\",\"name\":\"Picsoo\",\"description\":\"Uw oplossing voor facturatie en boekhouding\",\"publisher\":{\"@id\":\"https:\/\/picsoo.be\/#organization\"},\"potentialAction\":[{\"@type\":\"SearchAction\",\"target\":{\"@type\":\"EntryPoint\",\"urlTemplate\":\"https:\/\/picsoo.be\/?s={search_term_string}\"},\"query-input\":{\"@type\":\"PropertyValueSpecification\",\"valueRequired\":true,\"valueName\":\"search_term_string\"}}],\"inLanguage\":\"nl-NL\"},{\"@type\":\"Organization\",\"@id\":\"https:\/\/picsoo.be\/#organization\",\"name\":\"Picsoo\",\"url\":\"https:\/\/picsoo.be\/\",\"logo\":{\"@type\":\"ImageObject\",\"inLanguage\":\"nl-NL\",\"@id\":\"https:\/\/picsoo.be\/#\/schema\/logo\/image\/\",\"url\":\"https:\/\/picsoo.be\/wp-content\/uploads\/2023\/10\/Picsoo-Labels-WebDesign2-1-1.png\",\"contentUrl\":\"https:\/\/picsoo.be\/wp-content\/uploads\/2023\/10\/Picsoo-Labels-WebDesign2-1-1.png\",\"width\":508,\"height\":164,\"caption\":\"Picsoo\"},\"image\":{\"@id\":\"https:\/\/picsoo.be\/#\/schema\/logo\/image\/\"},\"sameAs\":[\"https:\/\/www.facebook.com\/PicsooAccountingSolution\"]}]}<\/script>\n<!-- \/ Yoast SEO plugin. -->","yoast_head_json":{"title":"What\u2019s app API -","robots":{"index":"index","follow":"follow","max-snippet":"max-snippet:-1","max-image-preview":"max-image-preview:large","max-video-preview":"max-video-preview:-1"},"canonical":"https:\/\/picsoo.be\/produit\/whats-app-api\/","og_locale":"nl_NL","og_type":"article","og_title":"What\u2019s app API -","og_description":"Bee-box int\u00e8gre de mani\u00e8re transparente l\u2019API WhatsApp. Cette int\u00e9gration permet aux utilisateurs d\u2019envoyer des messages WhatsApp d\u00e9clench\u00e9s par des \u00e9v\u00e9nements sp\u00e9cifiques au sein de l\u2019application. Dans la section des param\u00e8tres, les utilisateurs ont la possibilit\u00e9 de personnaliser et de g\u00e9rer les notifications d\u2019\u00e9v\u00e9nements en les activant ou en les d\u00e9sactivant selon leurs pr\u00e9f\u00e9rences. Cette fonctionnalit\u00e9 am\u00e9liore l\u2019engagement des utilisateurs et facilite une communication efficace par le biais de la messagerie WhatsApp au sein de la plateforme Bee-box.","og_url":"https:\/\/picsoo.be\/produit\/whats-app-api\/","article_publisher":"https:\/\/www.facebook.com\/PicsooAccountingSolution","article_modified_time":"2026-03-05T16:13:30+00:00","og_image":[{"width":174,"height":169,"url":"https:\/\/picsoo.be\/wp-content\/uploads\/2024\/10\/Picture77.png","type":"image\/png"}],"twitter_card":"summary_large_image","twitter_misc":{"Geschatte leestijd":"1 minuut"},"schema":{"@context":"https:\/\/schema.org","@graph":[{"@type":"WebPage","@id":"https:\/\/picsoo.be\/produit\/whats-app-api\/","url":"https:\/\/picsoo.be\/produit\/whats-app-api\/","name":"What\u2019s app API -","isPartOf":{"@id":"https:\/\/picsoo.be\/#website"},"datePublished":"2024-10-23T06:46:49+00:00","dateModified":"2026-03-05T16:13:30+00:00","breadcrumb":{"@id":"https:\/\/picsoo.be\/produit\/whats-app-api\/#breadcrumb"},"inLanguage":"nl-NL","potentialAction":[{"@type":"ReadAction","target":["https:\/\/picsoo.be\/produit\/whats-app-api\/"]}]},{"@type":"BreadcrumbList","@id":"https:\/\/picsoo.be\/produit\/whats-app-api\/#breadcrumb","itemListElement":[{"@type":"ListItem","position":1,"name":"Accueil","item":"https:\/\/picsoo.be\/nl\/"},{"@type":"ListItem","position":2,"name":"Winkel","item":"https:\/\/picsoo.be\/nl\/winkel\/"},{"@type":"ListItem","position":3,"name":"What\u2019s app API"}]},{"@type":"WebSite","@id":"https:\/\/picsoo.be\/#website","url":"https:\/\/picsoo.be\/","name":"Picsoo","description":"Uw oplossing voor facturatie en boekhouding","publisher":{"@id":"https:\/\/picsoo.be\/#organization"},"potentialAction":[{"@type":"SearchAction","target":{"@type":"EntryPoint","urlTemplate":"https:\/\/picsoo.be\/?s={search_term_string}"},"query-input":{"@type":"PropertyValueSpecification","valueRequired":true,"valueName":"search_term_string"}}],"inLanguage":"nl-NL"},{"@type":"Organization","@id":"https:\/\/picsoo.be\/#organization","name":"Picsoo","url":"https:\/\/picsoo.be\/","logo":{"@type":"ImageObject","inLanguage":"nl-NL","@id":"https:\/\/picsoo.be\/#\/schema\/logo\/image\/","url":"https:\/\/picsoo.be\/wp-content\/uploads\/2023\/10\/Picsoo-Labels-WebDesign2-1-1.png","contentUrl":"https:\/\/picsoo.be\/wp-content\/uploads\/2023\/10\/Picsoo-Labels-WebDesign2-1-1.png","width":508,"height":164,"caption":"Picsoo"},"image":{"@id":"https:\/\/picsoo.be\/#\/schema\/logo\/image\/"},"sameAs":["https:\/\/www.facebook.com\/PicsooAccountingSolution"]}]}},"_links":{"self":[{"href":"https:\/\/picsoo.be\/nl\/wp-json\/wp\/v2\/product\/2898","targetHints":{"allow":["GET"]}}],"collection":[{"href":"https:\/\/picsoo.be\/nl\/wp-json\/wp\/v2\/product"}],"about":[{"href":"https:\/\/picsoo.be\/nl\/wp-json\/wp\/v2\/types\/product"}],"replies":[{"embeddable":true,"href":"https:\/\/picsoo.be\/nl\/wp-json\/wp\/v2\/comments?post=2898"}],"wp:attachment":[{"href":"https:\/\/picsoo.be\/nl\/wp-json\/wp\/v2\/media?parent=2898"}],"wp:term":[{"taxonomy":"product_brand","embeddable":true,"href":"https:\/\/picsoo.be\/nl\/wp-json\/wp\/v2\/product_brand?post=2898"},{"taxonomy":"product_cat","embeddable":true,"href":"https:\/\/picsoo.be\/nl\/wp-json\/wp\/v2\/product_cat?post=2898"},{"taxonomy":"product_tag","embeddable":true,"href":"https:\/\/picsoo.be\/nl\/wp-json\/wp\/v2\/product_tag?post=2898"}],"curies":[{"name":"wp","href":"https:\/\/api.w.org\/{rel}","templated":true}]}}