

{"id":2858,"date":"2024-10-23T08:35:25","date_gmt":"2024-10-23T06:35:25","guid":{"rendered":"https:\/\/picsoo.be\/?post_type=product&#038;p=2858"},"modified":"2026-03-05T17:13:30","modified_gmt":"2026-03-05T16:13:30","slug":"slack","status":"publish","type":"product","link":"https:\/\/picsoo.be\/nl\/produit\/slack\/","title":{"rendered":"Slack"},"content":{"rendered":"<p>S\u00e9curit\u00e9 renforc\u00e9e<br \/>\nLa s\u00e9curit\u00e9 est une priorit\u00e9 absolue. En utilisant le syst\u00e8me de connexion s\u00e9curis\u00e9 de Slack, vous offrez aux utilisateurs une exp\u00e9rience d&#8217;authentification fiable et robuste. Cette int\u00e9gration r\u00e9duit les risques associ\u00e9s aux violations de donn\u00e9es et \u00e0 la gestion des mots de passe, ce qui garantit que vous et vos utilisateurs pouvez avoir l&#8217;esprit tranquille<\/p>\n<p>Profil pr\u00e9-rempli<br \/>\nLe module Sign In avec Slack offre bien plus qu&#8217;une simple facilit\u00e9 de connexion. Il peut renseigner automatiquement les profils des utilisateurs avec les informations de leurs comptes Slack, telles que le nom, l&#8217;adresse e-mail et les affiliations \u00e0 l&#8217;\u00e9quipe (avec le consentement de l&#8217;utilisateur). Cette fonctionnalit\u00e9 acc\u00e9l\u00e8re non seulement la cr\u00e9ation de profils, mais garantit \u00e9galement que les informations sont exactes et \u00e0 jour.<\/p>\n","protected":false},"excerpt":{"rendered":"<p>Simplifiez l&#8217;inscription des utilisateurs avec le module Sign In avec Slack pour Bee-box. Cette fonctionnalit\u00e9 permet aux utilisateurs de Sign In \u00e0 l&#8217;aide de leurs identifiants Slack existants, \u00e9liminant ainsi les tracas li\u00e9s \u00e0 la cr\u00e9ation de nouveaux comptes et \u00e0 la gestion de mots de passe suppl\u00e9mentaires. En tirant parti de l&#8217;authentification de Slack, vous faites gagner du temps aux utilisateurs et am\u00e9liorez leur satisfaction globale. <\/p>\n","protected":false},"featured_media":0,"comment_status":"open","ping_status":"closed","template":"","meta":{"_acf_changed":false},"product_brand":[],"product_cat":[177],"product_tag":[],"class_list":{"0":"post-2858","1":"product","2":"type-product","3":"status-publish","5":"product_cat-slack","7":"first","8":"instock","9":"taxable","10":"shipping-taxable","11":"purchasable","12":"product-type-simple"},"acf":[],"yoast_head":"<!-- This site is optimized with the Yoast SEO plugin v23.9 - https:\/\/yoast.com\/wordpress\/plugins\/seo\/ -->\n<title>Slack -<\/title>\n<meta name=\"robots\" content=\"index, follow, max-snippet:-1, max-image-preview:large, max-video-preview:-1\" \/>\n<link rel=\"canonical\" href=\"https:\/\/picsoo.be\/produit\/slack\/\" \/>\n<meta property=\"og:locale\" content=\"nl_NL\" \/>\n<meta property=\"og:type\" content=\"article\" \/>\n<meta property=\"og:title\" content=\"Slack -\" \/>\n<meta property=\"og:description\" content=\"Simplifiez l&#039;inscription des utilisateurs avec le module Sign In avec Slack pour Bee-box. Cette fonctionnalit\u00e9 permet aux utilisateurs de Sign In \u00e0 l&#039;aide de leurs identifiants Slack existants, \u00e9liminant ainsi les tracas li\u00e9s \u00e0 la cr\u00e9ation de nouveaux comptes et \u00e0 la gestion de mots de passe suppl\u00e9mentaires. En tirant parti de l&#039;authentification de Slack, vous faites gagner du temps aux utilisateurs et am\u00e9liorez leur satisfaction globale.\" \/>\n<meta property=\"og:url\" content=\"https:\/\/picsoo.be\/produit\/slack\/\" \/>\n<meta property=\"article:publisher\" content=\"https:\/\/www.facebook.com\/PicsooAccountingSolution\" \/>\n<meta property=\"article:modified_time\" content=\"2026-03-05T16:13:30+00:00\" \/>\n<meta property=\"og:image\" content=\"https:\/\/picsoo.be\/wp-content\/uploads\/2024\/10\/Picture62.png\" \/>\n\t<meta property=\"og:image:width\" content=\"130\" \/>\n\t<meta property=\"og:image:height\" content=\"134\" \/>\n\t<meta property=\"og:image:type\" content=\"image\/png\" \/>\n<meta name=\"twitter:card\" content=\"summary_large_image\" \/>\n<meta name=\"twitter:label1\" content=\"Geschatte leestijd\" \/>\n\t<meta name=\"twitter:data1\" content=\"1 minuut\" \/>\n<script type=\"application\/ld+json\" class=\"yoast-schema-graph\">{\"@context\":\"https:\/\/schema.org\",\"@graph\":[{\"@type\":\"WebPage\",\"@id\":\"https:\/\/picsoo.be\/produit\/slack\/\",\"url\":\"https:\/\/picsoo.be\/produit\/slack\/\",\"name\":\"Slack -\",\"isPartOf\":{\"@id\":\"https:\/\/picsoo.be\/#website\"},\"datePublished\":\"2024-10-23T06:35:25+00:00\",\"dateModified\":\"2026-03-05T16:13:30+00:00\",\"breadcrumb\":{\"@id\":\"https:\/\/picsoo.be\/produit\/slack\/#breadcrumb\"},\"inLanguage\":\"nl-NL\",\"potentialAction\":[{\"@type\":\"ReadAction\",\"target\":[\"https:\/\/picsoo.be\/produit\/slack\/\"]}]},{\"@type\":\"BreadcrumbList\",\"@id\":\"https:\/\/picsoo.be\/produit\/slack\/#breadcrumb\",\"itemListElement\":[{\"@type\":\"ListItem\",\"position\":1,\"name\":\"Accueil\",\"item\":\"https:\/\/picsoo.be\/nl\/\"},{\"@type\":\"ListItem\",\"position\":2,\"name\":\"Winkel\",\"item\":\"https:\/\/picsoo.be\/nl\/winkel\/\"},{\"@type\":\"ListItem\",\"position\":3,\"name\":\"Slack\"}]},{\"@type\":\"WebSite\",\"@id\":\"https:\/\/picsoo.be\/#website\",\"url\":\"https:\/\/picsoo.be\/\",\"name\":\"Picsoo\",\"description\":\"Uw oplossing voor facturatie en boekhouding\",\"publisher\":{\"@id\":\"https:\/\/picsoo.be\/#organization\"},\"potentialAction\":[{\"@type\":\"SearchAction\",\"target\":{\"@type\":\"EntryPoint\",\"urlTemplate\":\"https:\/\/picsoo.be\/?s={search_term_string}\"},\"query-input\":{\"@type\":\"PropertyValueSpecification\",\"valueRequired\":true,\"valueName\":\"search_term_string\"}}],\"inLanguage\":\"nl-NL\"},{\"@type\":\"Organization\",\"@id\":\"https:\/\/picsoo.be\/#organization\",\"name\":\"Picsoo\",\"url\":\"https:\/\/picsoo.be\/\",\"logo\":{\"@type\":\"ImageObject\",\"inLanguage\":\"nl-NL\",\"@id\":\"https:\/\/picsoo.be\/#\/schema\/logo\/image\/\",\"url\":\"https:\/\/picsoo.be\/wp-content\/uploads\/2023\/10\/Picsoo-Labels-WebDesign2-1-1.png\",\"contentUrl\":\"https:\/\/picsoo.be\/wp-content\/uploads\/2023\/10\/Picsoo-Labels-WebDesign2-1-1.png\",\"width\":508,\"height\":164,\"caption\":\"Picsoo\"},\"image\":{\"@id\":\"https:\/\/picsoo.be\/#\/schema\/logo\/image\/\"},\"sameAs\":[\"https:\/\/www.facebook.com\/PicsooAccountingSolution\"]}]}<\/script>\n<!-- \/ Yoast SEO plugin. -->","yoast_head_json":{"title":"Slack -","robots":{"index":"index","follow":"follow","max-snippet":"max-snippet:-1","max-image-preview":"max-image-preview:large","max-video-preview":"max-video-preview:-1"},"canonical":"https:\/\/picsoo.be\/produit\/slack\/","og_locale":"nl_NL","og_type":"article","og_title":"Slack -","og_description":"Simplifiez l'inscription des utilisateurs avec le module Sign In avec Slack pour Bee-box. Cette fonctionnalit\u00e9 permet aux utilisateurs de Sign In \u00e0 l'aide de leurs identifiants Slack existants, \u00e9liminant ainsi les tracas li\u00e9s \u00e0 la cr\u00e9ation de nouveaux comptes et \u00e0 la gestion de mots de passe suppl\u00e9mentaires. En tirant parti de l'authentification de Slack, vous faites gagner du temps aux utilisateurs et am\u00e9liorez leur satisfaction globale.","og_url":"https:\/\/picsoo.be\/produit\/slack\/","article_publisher":"https:\/\/www.facebook.com\/PicsooAccountingSolution","article_modified_time":"2026-03-05T16:13:30+00:00","og_image":[{"width":130,"height":134,"url":"https:\/\/picsoo.be\/wp-content\/uploads\/2024\/10\/Picture62.png","type":"image\/png"}],"twitter_card":"summary_large_image","twitter_misc":{"Geschatte leestijd":"1 minuut"},"schema":{"@context":"https:\/\/schema.org","@graph":[{"@type":"WebPage","@id":"https:\/\/picsoo.be\/produit\/slack\/","url":"https:\/\/picsoo.be\/produit\/slack\/","name":"Slack -","isPartOf":{"@id":"https:\/\/picsoo.be\/#website"},"datePublished":"2024-10-23T06:35:25+00:00","dateModified":"2026-03-05T16:13:30+00:00","breadcrumb":{"@id":"https:\/\/picsoo.be\/produit\/slack\/#breadcrumb"},"inLanguage":"nl-NL","potentialAction":[{"@type":"ReadAction","target":["https:\/\/picsoo.be\/produit\/slack\/"]}]},{"@type":"BreadcrumbList","@id":"https:\/\/picsoo.be\/produit\/slack\/#breadcrumb","itemListElement":[{"@type":"ListItem","position":1,"name":"Accueil","item":"https:\/\/picsoo.be\/nl\/"},{"@type":"ListItem","position":2,"name":"Winkel","item":"https:\/\/picsoo.be\/nl\/winkel\/"},{"@type":"ListItem","position":3,"name":"Slack"}]},{"@type":"WebSite","@id":"https:\/\/picsoo.be\/#website","url":"https:\/\/picsoo.be\/","name":"Picsoo","description":"Uw oplossing voor facturatie en boekhouding","publisher":{"@id":"https:\/\/picsoo.be\/#organization"},"potentialAction":[{"@type":"SearchAction","target":{"@type":"EntryPoint","urlTemplate":"https:\/\/picsoo.be\/?s={search_term_string}"},"query-input":{"@type":"PropertyValueSpecification","valueRequired":true,"valueName":"search_term_string"}}],"inLanguage":"nl-NL"},{"@type":"Organization","@id":"https:\/\/picsoo.be\/#organization","name":"Picsoo","url":"https:\/\/picsoo.be\/","logo":{"@type":"ImageObject","inLanguage":"nl-NL","@id":"https:\/\/picsoo.be\/#\/schema\/logo\/image\/","url":"https:\/\/picsoo.be\/wp-content\/uploads\/2023\/10\/Picsoo-Labels-WebDesign2-1-1.png","contentUrl":"https:\/\/picsoo.be\/wp-content\/uploads\/2023\/10\/Picsoo-Labels-WebDesign2-1-1.png","width":508,"height":164,"caption":"Picsoo"},"image":{"@id":"https:\/\/picsoo.be\/#\/schema\/logo\/image\/"},"sameAs":["https:\/\/www.facebook.com\/PicsooAccountingSolution"]}]}},"_links":{"self":[{"href":"https:\/\/picsoo.be\/nl\/wp-json\/wp\/v2\/product\/2858","targetHints":{"allow":["GET"]}}],"collection":[{"href":"https:\/\/picsoo.be\/nl\/wp-json\/wp\/v2\/product"}],"about":[{"href":"https:\/\/picsoo.be\/nl\/wp-json\/wp\/v2\/types\/product"}],"replies":[{"embeddable":true,"href":"https:\/\/picsoo.be\/nl\/wp-json\/wp\/v2\/comments?post=2858"}],"wp:attachment":[{"href":"https:\/\/picsoo.be\/nl\/wp-json\/wp\/v2\/media?parent=2858"}],"wp:term":[{"taxonomy":"product_brand","embeddable":true,"href":"https:\/\/picsoo.be\/nl\/wp-json\/wp\/v2\/product_brand?post=2858"},{"taxonomy":"product_cat","embeddable":true,"href":"https:\/\/picsoo.be\/nl\/wp-json\/wp\/v2\/product_cat?post=2858"},{"taxonomy":"product_tag","embeddable":true,"href":"https:\/\/picsoo.be\/nl\/wp-json\/wp\/v2\/product_tag?post=2858"}],"curies":[{"name":"wp","href":"https:\/\/api.w.org\/{rel}","templated":true}]}}