

{"id":2835,"date":"2024-10-23T08:28:49","date_gmt":"2024-10-23T06:28:49","guid":{"rendered":"https:\/\/picsoo.be\/?post_type=product&#038;p=2835"},"modified":"2026-03-05T17:25:45","modified_gmt":"2026-03-05T16:25:45","slug":"authentification-google","status":"publish","type":"product","link":"https:\/\/picsoo.be\/nl\/produit\/authentification-google\/","title":{"rendered":"Authentification Google"},"content":{"rendered":"<p>Comment d\u00e9marrer l\u2019authentification Google dans un tableau de bord<br \/>\n1. Cliquez pour g\u00e9n\u00e9rer la cl\u00e9 secr\u00e8te pour activer la 2FA.<br \/>\n2. Installez l\u2019application \u00ab Authentification Google\u00bb sur votre t\u00e9l\u00e9phone iOS ou Android.<br \/>\n3. Ouvrez l&#8217;application Authentification Google et scannez le code QR ci-dessous.<br \/>\n4. Saisissez le code d\u2019authentification Google \u00e0 6 chiffres de l\u2019application.<br \/>\n5. Cliquez pour activer 2FA.<\/p>\n<p>Comment fonctionne l\u2019authentification Google dans un tableau de bord ?<br \/>\nLorsque vous et vos utilisateurs vous connectez au site, celui-ci demandera un code d&#8217;authentification Google pour chacun, comme sur cette page. Si vous ne saisissez pas le code d&#8217;authentification Google, vous ne pourrez pas vous connecter au site.<\/p>\n","protected":false},"excerpt":{"rendered":"<p>Authentification Google est une application 2FA con\u00e7ue pour v\u00e9rifier et confirmer l&#8217;identit\u00e9 d&#8217;un utilisateur. Elle v\u00e9rifie si l&#8217;identit\u00e9 revendiqu\u00e9e par un utilisateur correspond \u00e0 son identit\u00e9 r\u00e9elle. Cet outil utilise les m\u00e9thodes de mot de passe \u00e0 usage unique bas\u00e9 sur le temps (TOTP) et de mot de passe \u00e0 usage unique bas\u00e9 sur HMAC (HOTP) pour faciliter la v\u00e9rification en deux \u00e9tapes, am\u00e9liorant ainsi la s\u00e9curit\u00e9 des processus d&#8217;authentification des utilisateurs.<\/p>\n","protected":false},"featured_media":0,"comment_status":"open","ping_status":"closed","template":"","meta":{"_acf_changed":false},"product_brand":[],"product_cat":[174],"product_tag":[],"class_list":{"0":"post-2835","1":"product","2":"type-product","3":"status-publish","5":"product_cat-authentification-google","7":"first","8":"instock","9":"taxable","10":"shipping-taxable","11":"purchasable","12":"product-type-simple"},"acf":[],"yoast_head":"<!-- This site is optimized with the Yoast SEO plugin v23.9 - https:\/\/yoast.com\/wordpress\/plugins\/seo\/ -->\n<title>Authentification Google -<\/title>\n<meta name=\"robots\" content=\"index, follow, max-snippet:-1, max-image-preview:large, max-video-preview:-1\" \/>\n<link rel=\"canonical\" href=\"https:\/\/picsoo.be\/produit\/authentification-google\/\" \/>\n<meta property=\"og:locale\" content=\"nl_NL\" \/>\n<meta property=\"og:type\" content=\"article\" \/>\n<meta property=\"og:title\" content=\"Authentification Google -\" \/>\n<meta property=\"og:description\" content=\"Authentification Google est une application 2FA con\u00e7ue pour v\u00e9rifier et confirmer l&#039;identit\u00e9 d&#039;un utilisateur. Elle v\u00e9rifie si l&#039;identit\u00e9 revendiqu\u00e9e par un utilisateur correspond \u00e0 son identit\u00e9 r\u00e9elle. Cet outil utilise les m\u00e9thodes de mot de passe \u00e0 usage unique bas\u00e9 sur le temps (TOTP) et de mot de passe \u00e0 usage unique bas\u00e9 sur HMAC (HOTP) pour faciliter la v\u00e9rification en deux \u00e9tapes, am\u00e9liorant ainsi la s\u00e9curit\u00e9 des processus d&#039;authentification des utilisateurs.\" \/>\n<meta property=\"og:url\" content=\"https:\/\/picsoo.be\/produit\/authentification-google\/\" \/>\n<meta property=\"article:publisher\" content=\"https:\/\/www.facebook.com\/PicsooAccountingSolution\" \/>\n<meta property=\"article:modified_time\" content=\"2026-03-05T16:25:45+00:00\" \/>\n<meta property=\"og:image\" content=\"https:\/\/picsoo.be\/wp-content\/uploads\/2024\/10\/Picture52.png\" \/>\n\t<meta property=\"og:image:width\" content=\"176\" \/>\n\t<meta property=\"og:image:height\" content=\"169\" \/>\n\t<meta property=\"og:image:type\" content=\"image\/png\" \/>\n<meta name=\"twitter:card\" content=\"summary_large_image\" \/>\n<meta name=\"twitter:label1\" content=\"Geschatte leestijd\" \/>\n\t<meta name=\"twitter:data1\" content=\"1 minuut\" \/>\n<script type=\"application\/ld+json\" class=\"yoast-schema-graph\">{\"@context\":\"https:\/\/schema.org\",\"@graph\":[{\"@type\":\"WebPage\",\"@id\":\"https:\/\/picsoo.be\/produit\/authentification-google\/\",\"url\":\"https:\/\/picsoo.be\/produit\/authentification-google\/\",\"name\":\"Authentification Google -\",\"isPartOf\":{\"@id\":\"https:\/\/picsoo.be\/#website\"},\"datePublished\":\"2024-10-23T06:28:49+00:00\",\"dateModified\":\"2026-03-05T16:25:45+00:00\",\"breadcrumb\":{\"@id\":\"https:\/\/picsoo.be\/produit\/authentification-google\/#breadcrumb\"},\"inLanguage\":\"nl-NL\",\"potentialAction\":[{\"@type\":\"ReadAction\",\"target\":[\"https:\/\/picsoo.be\/produit\/authentification-google\/\"]}]},{\"@type\":\"BreadcrumbList\",\"@id\":\"https:\/\/picsoo.be\/produit\/authentification-google\/#breadcrumb\",\"itemListElement\":[{\"@type\":\"ListItem\",\"position\":1,\"name\":\"Accueil\",\"item\":\"https:\/\/picsoo.be\/nl\/\"},{\"@type\":\"ListItem\",\"position\":2,\"name\":\"Winkel\",\"item\":\"https:\/\/picsoo.be\/nl\/winkel\/\"},{\"@type\":\"ListItem\",\"position\":3,\"name\":\"Authentification Google\"}]},{\"@type\":\"WebSite\",\"@id\":\"https:\/\/picsoo.be\/#website\",\"url\":\"https:\/\/picsoo.be\/\",\"name\":\"Picsoo\",\"description\":\"Uw oplossing voor facturatie en boekhouding\",\"publisher\":{\"@id\":\"https:\/\/picsoo.be\/#organization\"},\"potentialAction\":[{\"@type\":\"SearchAction\",\"target\":{\"@type\":\"EntryPoint\",\"urlTemplate\":\"https:\/\/picsoo.be\/?s={search_term_string}\"},\"query-input\":{\"@type\":\"PropertyValueSpecification\",\"valueRequired\":true,\"valueName\":\"search_term_string\"}}],\"inLanguage\":\"nl-NL\"},{\"@type\":\"Organization\",\"@id\":\"https:\/\/picsoo.be\/#organization\",\"name\":\"Picsoo\",\"url\":\"https:\/\/picsoo.be\/\",\"logo\":{\"@type\":\"ImageObject\",\"inLanguage\":\"nl-NL\",\"@id\":\"https:\/\/picsoo.be\/#\/schema\/logo\/image\/\",\"url\":\"https:\/\/picsoo.be\/wp-content\/uploads\/2023\/10\/Picsoo-Labels-WebDesign2-1-1.png\",\"contentUrl\":\"https:\/\/picsoo.be\/wp-content\/uploads\/2023\/10\/Picsoo-Labels-WebDesign2-1-1.png\",\"width\":508,\"height\":164,\"caption\":\"Picsoo\"},\"image\":{\"@id\":\"https:\/\/picsoo.be\/#\/schema\/logo\/image\/\"},\"sameAs\":[\"https:\/\/www.facebook.com\/PicsooAccountingSolution\"]}]}<\/script>\n<!-- \/ Yoast SEO plugin. -->","yoast_head_json":{"title":"Authentification Google -","robots":{"index":"index","follow":"follow","max-snippet":"max-snippet:-1","max-image-preview":"max-image-preview:large","max-video-preview":"max-video-preview:-1"},"canonical":"https:\/\/picsoo.be\/produit\/authentification-google\/","og_locale":"nl_NL","og_type":"article","og_title":"Authentification Google -","og_description":"Authentification Google est une application 2FA con\u00e7ue pour v\u00e9rifier et confirmer l'identit\u00e9 d'un utilisateur. Elle v\u00e9rifie si l'identit\u00e9 revendiqu\u00e9e par un utilisateur correspond \u00e0 son identit\u00e9 r\u00e9elle. Cet outil utilise les m\u00e9thodes de mot de passe \u00e0 usage unique bas\u00e9 sur le temps (TOTP) et de mot de passe \u00e0 usage unique bas\u00e9 sur HMAC (HOTP) pour faciliter la v\u00e9rification en deux \u00e9tapes, am\u00e9liorant ainsi la s\u00e9curit\u00e9 des processus d'authentification des utilisateurs.","og_url":"https:\/\/picsoo.be\/produit\/authentification-google\/","article_publisher":"https:\/\/www.facebook.com\/PicsooAccountingSolution","article_modified_time":"2026-03-05T16:25:45+00:00","og_image":[{"width":176,"height":169,"url":"https:\/\/picsoo.be\/wp-content\/uploads\/2024\/10\/Picture52.png","type":"image\/png"}],"twitter_card":"summary_large_image","twitter_misc":{"Geschatte leestijd":"1 minuut"},"schema":{"@context":"https:\/\/schema.org","@graph":[{"@type":"WebPage","@id":"https:\/\/picsoo.be\/produit\/authentification-google\/","url":"https:\/\/picsoo.be\/produit\/authentification-google\/","name":"Authentification Google -","isPartOf":{"@id":"https:\/\/picsoo.be\/#website"},"datePublished":"2024-10-23T06:28:49+00:00","dateModified":"2026-03-05T16:25:45+00:00","breadcrumb":{"@id":"https:\/\/picsoo.be\/produit\/authentification-google\/#breadcrumb"},"inLanguage":"nl-NL","potentialAction":[{"@type":"ReadAction","target":["https:\/\/picsoo.be\/produit\/authentification-google\/"]}]},{"@type":"BreadcrumbList","@id":"https:\/\/picsoo.be\/produit\/authentification-google\/#breadcrumb","itemListElement":[{"@type":"ListItem","position":1,"name":"Accueil","item":"https:\/\/picsoo.be\/nl\/"},{"@type":"ListItem","position":2,"name":"Winkel","item":"https:\/\/picsoo.be\/nl\/winkel\/"},{"@type":"ListItem","position":3,"name":"Authentification Google"}]},{"@type":"WebSite","@id":"https:\/\/picsoo.be\/#website","url":"https:\/\/picsoo.be\/","name":"Picsoo","description":"Uw oplossing voor facturatie en boekhouding","publisher":{"@id":"https:\/\/picsoo.be\/#organization"},"potentialAction":[{"@type":"SearchAction","target":{"@type":"EntryPoint","urlTemplate":"https:\/\/picsoo.be\/?s={search_term_string}"},"query-input":{"@type":"PropertyValueSpecification","valueRequired":true,"valueName":"search_term_string"}}],"inLanguage":"nl-NL"},{"@type":"Organization","@id":"https:\/\/picsoo.be\/#organization","name":"Picsoo","url":"https:\/\/picsoo.be\/","logo":{"@type":"ImageObject","inLanguage":"nl-NL","@id":"https:\/\/picsoo.be\/#\/schema\/logo\/image\/","url":"https:\/\/picsoo.be\/wp-content\/uploads\/2023\/10\/Picsoo-Labels-WebDesign2-1-1.png","contentUrl":"https:\/\/picsoo.be\/wp-content\/uploads\/2023\/10\/Picsoo-Labels-WebDesign2-1-1.png","width":508,"height":164,"caption":"Picsoo"},"image":{"@id":"https:\/\/picsoo.be\/#\/schema\/logo\/image\/"},"sameAs":["https:\/\/www.facebook.com\/PicsooAccountingSolution"]}]}},"_links":{"self":[{"href":"https:\/\/picsoo.be\/nl\/wp-json\/wp\/v2\/product\/2835","targetHints":{"allow":["GET"]}}],"collection":[{"href":"https:\/\/picsoo.be\/nl\/wp-json\/wp\/v2\/product"}],"about":[{"href":"https:\/\/picsoo.be\/nl\/wp-json\/wp\/v2\/types\/product"}],"replies":[{"embeddable":true,"href":"https:\/\/picsoo.be\/nl\/wp-json\/wp\/v2\/comments?post=2835"}],"wp:attachment":[{"href":"https:\/\/picsoo.be\/nl\/wp-json\/wp\/v2\/media?parent=2835"}],"wp:term":[{"taxonomy":"product_brand","embeddable":true,"href":"https:\/\/picsoo.be\/nl\/wp-json\/wp\/v2\/product_brand?post=2835"},{"taxonomy":"product_cat","embeddable":true,"href":"https:\/\/picsoo.be\/nl\/wp-json\/wp\/v2\/product_cat?post=2835"},{"taxonomy":"product_tag","embeddable":true,"href":"https:\/\/picsoo.be\/nl\/wp-json\/wp\/v2\/product_tag?post=2835"}],"curies":[{"name":"wp","href":"https:\/\/api.w.org\/{rel}","templated":true}]}}