

{"id":2830,"date":"2024-10-23T08:24:58","date_gmt":"2024-10-23T06:24:58","guid":{"rendered":"https:\/\/picsoo.be\/?post_type=product&#038;p=2830"},"modified":"2026-03-05T17:28:50","modified_gmt":"2026-03-05T16:28:50","slug":"api","status":"publish","type":"product","link":"https:\/\/picsoo.be\/nl\/produit\/api\/","title":{"rendered":"API"},"content":{"rendered":"<p>Pourquoi utiliser l&#8217;API ?<br \/>\nL&#8217;API Picsoo Bee-box vous permet d&#8217;adapter notre plateforme \u00e0 vos besoins sp\u00e9cifiques.<br \/>\nAPI<br \/>\nIl comprend une vari\u00e9t\u00e9 de commandes utiles pour contr\u00f4ler votre installation Picsoo Bee-box \u00e0 distance, cr\u00e9er des connexions tierces et acc\u00e9der aux informations Picsoo Bee-box en temps r\u00e9el !<br \/>\nCRM:<br \/>\nInt\u00e9grer les fonctionnalit\u00e9s de gestion de la relation client.<br \/>\nGRH :<br \/>\nAm\u00e9liorer les capacit\u00e9s de gestion des ressources humaines.<br \/>\nCompte:<br \/>\nAm\u00e9liorer les processus comptables et la gestion financi\u00e8re<br \/>\nVentesPos:<br \/>\nOptimisez les op\u00e9rations de point de vente et la gestion des ventes.<br \/>\nT\u00e2ches :<br \/>\nOptimisez la gestion des t\u00e2ches et la collaboration.<\/p>\n","protected":false},"excerpt":{"rendered":"<p>Avec Picsoo Bee-box API, vous disposez des outils dont vous avez besoin pour am\u00e9liorer les capacit\u00e9s de gestion des projets et des t\u00e2ches de votre application. Plongez dans la documentation, explorez les points de terminaison et d\u00e9couvrez comment Picsoo Bee-box peut am\u00e9liorer vos projets.<\/p>\n","protected":false},"featured_media":0,"comment_status":"open","ping_status":"closed","template":"","meta":{"_acf_changed":false},"product_brand":[],"product_cat":[173],"product_tag":[],"class_list":{"0":"post-2830","1":"product","2":"type-product","3":"status-publish","5":"product_cat-api","7":"first","8":"instock","9":"taxable","10":"shipping-taxable","11":"purchasable","12":"product-type-simple"},"acf":[],"yoast_head":"<!-- This site is optimized with the Yoast SEO plugin v23.9 - https:\/\/yoast.com\/wordpress\/plugins\/seo\/ -->\n<title>API -<\/title>\n<meta name=\"robots\" content=\"index, follow, max-snippet:-1, max-image-preview:large, max-video-preview:-1\" \/>\n<link rel=\"canonical\" href=\"https:\/\/picsoo.be\/produit\/api\/\" \/>\n<meta property=\"og:locale\" content=\"nl_NL\" \/>\n<meta property=\"og:type\" content=\"article\" \/>\n<meta property=\"og:title\" content=\"API -\" \/>\n<meta property=\"og:description\" content=\"Avec Picsoo Bee-box API, vous disposez des outils dont vous avez besoin pour am\u00e9liorer les capacit\u00e9s de gestion des projets et des t\u00e2ches de votre application. Plongez dans la documentation, explorez les points de terminaison et d\u00e9couvrez comment Picsoo Bee-box peut am\u00e9liorer vos projets.\" \/>\n<meta property=\"og:url\" content=\"https:\/\/picsoo.be\/produit\/api\/\" \/>\n<meta property=\"article:publisher\" content=\"https:\/\/www.facebook.com\/PicsooAccountingSolution\" \/>\n<meta property=\"article:modified_time\" content=\"2026-03-05T16:28:50+00:00\" \/>\n<meta property=\"og:image\" content=\"https:\/\/picsoo.be\/wp-content\/uploads\/2024\/10\/Picture50.png\" \/>\n\t<meta property=\"og:image:width\" content=\"184\" \/>\n\t<meta property=\"og:image:height\" content=\"194\" \/>\n\t<meta property=\"og:image:type\" content=\"image\/png\" \/>\n<meta name=\"twitter:card\" content=\"summary_large_image\" \/>\n<meta name=\"twitter:label1\" content=\"Geschatte leestijd\" \/>\n\t<meta name=\"twitter:data1\" content=\"1 minuut\" \/>\n<script type=\"application\/ld+json\" class=\"yoast-schema-graph\">{\"@context\":\"https:\/\/schema.org\",\"@graph\":[{\"@type\":\"WebPage\",\"@id\":\"https:\/\/picsoo.be\/produit\/api\/\",\"url\":\"https:\/\/picsoo.be\/produit\/api\/\",\"name\":\"API -\",\"isPartOf\":{\"@id\":\"https:\/\/picsoo.be\/#website\"},\"datePublished\":\"2024-10-23T06:24:58+00:00\",\"dateModified\":\"2026-03-05T16:28:50+00:00\",\"breadcrumb\":{\"@id\":\"https:\/\/picsoo.be\/produit\/api\/#breadcrumb\"},\"inLanguage\":\"nl-NL\",\"potentialAction\":[{\"@type\":\"ReadAction\",\"target\":[\"https:\/\/picsoo.be\/produit\/api\/\"]}]},{\"@type\":\"BreadcrumbList\",\"@id\":\"https:\/\/picsoo.be\/produit\/api\/#breadcrumb\",\"itemListElement\":[{\"@type\":\"ListItem\",\"position\":1,\"name\":\"Accueil\",\"item\":\"https:\/\/picsoo.be\/nl\/facturering-en-boekhoudsoftware\/\"},{\"@type\":\"ListItem\",\"position\":2,\"name\":\"Winkel\",\"item\":\"https:\/\/picsoo.be\/nl\/winkel\/\"},{\"@type\":\"ListItem\",\"position\":3,\"name\":\"API\"}]},{\"@type\":\"WebSite\",\"@id\":\"https:\/\/picsoo.be\/#website\",\"url\":\"https:\/\/picsoo.be\/\",\"name\":\"Picsoo\",\"description\":\"Uw oplossing voor facturatie en boekhouding\",\"publisher\":{\"@id\":\"https:\/\/picsoo.be\/#organization\"},\"potentialAction\":[{\"@type\":\"SearchAction\",\"target\":{\"@type\":\"EntryPoint\",\"urlTemplate\":\"https:\/\/picsoo.be\/?s={search_term_string}\"},\"query-input\":{\"@type\":\"PropertyValueSpecification\",\"valueRequired\":true,\"valueName\":\"search_term_string\"}}],\"inLanguage\":\"nl-NL\"},{\"@type\":\"Organization\",\"@id\":\"https:\/\/picsoo.be\/#organization\",\"name\":\"Picsoo\",\"url\":\"https:\/\/picsoo.be\/\",\"logo\":{\"@type\":\"ImageObject\",\"inLanguage\":\"nl-NL\",\"@id\":\"https:\/\/picsoo.be\/#\/schema\/logo\/image\/\",\"url\":\"https:\/\/picsoo.be\/wp-content\/uploads\/2023\/10\/Picsoo-Labels-WebDesign2-1-1.png\",\"contentUrl\":\"https:\/\/picsoo.be\/wp-content\/uploads\/2023\/10\/Picsoo-Labels-WebDesign2-1-1.png\",\"width\":508,\"height\":164,\"caption\":\"Picsoo\"},\"image\":{\"@id\":\"https:\/\/picsoo.be\/#\/schema\/logo\/image\/\"},\"sameAs\":[\"https:\/\/www.facebook.com\/PicsooAccountingSolution\"]}]}<\/script>\n<!-- \/ Yoast SEO plugin. -->","yoast_head_json":{"title":"API -","robots":{"index":"index","follow":"follow","max-snippet":"max-snippet:-1","max-image-preview":"max-image-preview:large","max-video-preview":"max-video-preview:-1"},"canonical":"https:\/\/picsoo.be\/produit\/api\/","og_locale":"nl_NL","og_type":"article","og_title":"API -","og_description":"Avec Picsoo Bee-box API, vous disposez des outils dont vous avez besoin pour am\u00e9liorer les capacit\u00e9s de gestion des projets et des t\u00e2ches de votre application. Plongez dans la documentation, explorez les points de terminaison et d\u00e9couvrez comment Picsoo Bee-box peut am\u00e9liorer vos projets.","og_url":"https:\/\/picsoo.be\/produit\/api\/","article_publisher":"https:\/\/www.facebook.com\/PicsooAccountingSolution","article_modified_time":"2026-03-05T16:28:50+00:00","og_image":[{"width":184,"height":194,"url":"https:\/\/picsoo.be\/wp-content\/uploads\/2024\/10\/Picture50.png","type":"image\/png"}],"twitter_card":"summary_large_image","twitter_misc":{"Geschatte leestijd":"1 minuut"},"schema":{"@context":"https:\/\/schema.org","@graph":[{"@type":"WebPage","@id":"https:\/\/picsoo.be\/produit\/api\/","url":"https:\/\/picsoo.be\/produit\/api\/","name":"API -","isPartOf":{"@id":"https:\/\/picsoo.be\/#website"},"datePublished":"2024-10-23T06:24:58+00:00","dateModified":"2026-03-05T16:28:50+00:00","breadcrumb":{"@id":"https:\/\/picsoo.be\/produit\/api\/#breadcrumb"},"inLanguage":"nl-NL","potentialAction":[{"@type":"ReadAction","target":["https:\/\/picsoo.be\/produit\/api\/"]}]},{"@type":"BreadcrumbList","@id":"https:\/\/picsoo.be\/produit\/api\/#breadcrumb","itemListElement":[{"@type":"ListItem","position":1,"name":"Accueil","item":"https:\/\/picsoo.be\/nl\/facturering-en-boekhoudsoftware\/"},{"@type":"ListItem","position":2,"name":"Winkel","item":"https:\/\/picsoo.be\/nl\/winkel\/"},{"@type":"ListItem","position":3,"name":"API"}]},{"@type":"WebSite","@id":"https:\/\/picsoo.be\/#website","url":"https:\/\/picsoo.be\/","name":"Picsoo","description":"Uw oplossing voor facturatie en boekhouding","publisher":{"@id":"https:\/\/picsoo.be\/#organization"},"potentialAction":[{"@type":"SearchAction","target":{"@type":"EntryPoint","urlTemplate":"https:\/\/picsoo.be\/?s={search_term_string}"},"query-input":{"@type":"PropertyValueSpecification","valueRequired":true,"valueName":"search_term_string"}}],"inLanguage":"nl-NL"},{"@type":"Organization","@id":"https:\/\/picsoo.be\/#organization","name":"Picsoo","url":"https:\/\/picsoo.be\/","logo":{"@type":"ImageObject","inLanguage":"nl-NL","@id":"https:\/\/picsoo.be\/#\/schema\/logo\/image\/","url":"https:\/\/picsoo.be\/wp-content\/uploads\/2023\/10\/Picsoo-Labels-WebDesign2-1-1.png","contentUrl":"https:\/\/picsoo.be\/wp-content\/uploads\/2023\/10\/Picsoo-Labels-WebDesign2-1-1.png","width":508,"height":164,"caption":"Picsoo"},"image":{"@id":"https:\/\/picsoo.be\/#\/schema\/logo\/image\/"},"sameAs":["https:\/\/www.facebook.com\/PicsooAccountingSolution"]}]}},"_links":{"self":[{"href":"https:\/\/picsoo.be\/nl\/wp-json\/wp\/v2\/product\/2830","targetHints":{"allow":["GET"]}}],"collection":[{"href":"https:\/\/picsoo.be\/nl\/wp-json\/wp\/v2\/product"}],"about":[{"href":"https:\/\/picsoo.be\/nl\/wp-json\/wp\/v2\/types\/product"}],"replies":[{"embeddable":true,"href":"https:\/\/picsoo.be\/nl\/wp-json\/wp\/v2\/comments?post=2830"}],"wp:attachment":[{"href":"https:\/\/picsoo.be\/nl\/wp-json\/wp\/v2\/media?parent=2830"}],"wp:term":[{"taxonomy":"product_brand","embeddable":true,"href":"https:\/\/picsoo.be\/nl\/wp-json\/wp\/v2\/product_brand?post=2830"},{"taxonomy":"product_cat","embeddable":true,"href":"https:\/\/picsoo.be\/nl\/wp-json\/wp\/v2\/product_cat?post=2830"},{"taxonomy":"product_tag","embeddable":true,"href":"https:\/\/picsoo.be\/nl\/wp-json\/wp\/v2\/product_tag?post=2830"}],"curies":[{"name":"wp","href":"https:\/\/api.w.org\/{rel}","templated":true}]}}