

{"id":5501,"date":"2024-09-09T22:29:36","date_gmt":"2024-09-09T20:29:36","guid":{"rendered":"https:\/\/picsoo.be\/services\/"},"modified":"2025-04-30T11:18:03","modified_gmt":"2025-04-30T09:18:03","slug":"services","status":"publish","type":"page","link":"https:\/\/picsoo.be\/nl\/services\/","title":{"rendered":"Services"},"content":{"rendered":"\t\t<div data-elementor-type=\"wp-page\" data-elementor-id=\"5501\" class=\"elementor elementor-5501\" data-elementor-post-type=\"page\">\r\n\t\t\t\t<div class=\"elementor-element elementor-element-d64e1ea e-flex e-con-boxed e-con e-parent\" data-id=\"d64e1ea\" data-element_type=\"container\">\r\n\t\t\t\t\t<div class=\"e-con-inner\">\r\n\t\t\t\t<div class=\"elementor-element elementor-element-7d4a155 elementor-widget elementor-widget-heading\" data-id=\"7d4a155\" data-element_type=\"widget\" data-widget_type=\"heading.default\">\r\n\t\t\t\t<div class=\"elementor-widget-container\">\r\n\t\t\t<h2 class=\"elementor-heading-title elementor-size-default\">Diensten &amp; Ondersteuning<\/h2>\t\t<\/div>\r\n\t\t\t\t<\/div>\r\n\t\t\t\t<div class=\"elementor-element elementor-element-62022dc elementor-widget elementor-widget-text-editor\" data-id=\"62022dc\" data-element_type=\"widget\" data-widget_type=\"text-editor.default\">\r\n\t\t\t\t<div class=\"elementor-widget-container\">\r\n\t\t\t\t\t\t\t<p>Diensten worden geleverd door uw verdeler\/integrator.<\/p>\n<p>Afhankelijk van uw behoeften zal hij of zij u de best mogelijke ondersteuning bieden.<\/p>\n<p>MINDOO software en modules worden uitsluitend verkocht via ons netwerk van gecertificeerde en getrainde integrators.<\/p>\n<p>Deze accreditatie garandeert dat u samenwerkt met een gekwalificeerde professional die is opgeleid in het MINDOO software-aanbod en die in staat is om een nauwkeurige diagnose te stellen van uw managementbehoeften.<\/p>\n<p>Onze integratoren staan klaar om u te adviseren en u te helpen bij uw project.<br \/>IT-beheerproject.<\/p>\n<p>Ze ondersteunen u bij de implementatie en het gebruik van de MINDOO oplossing en kunnen u met name configuratieservices, de import van bestaande gegevens, de aanpassing van documentsjablonen, opleidingen en hulp bij het gebruik van de software bieden.<\/p>\n<p>API-integratie en\/of ontwikkeling op maat zijn ook mogelijk.<br \/>Mindoo is ook een schaalbare oplossing om uw groei te ondersteunen.<br \/>Een functie die niet door Mindoo wordt gedekt ?<\/p>\n<p><strong>Praat met uw verdeler\/integrator over uw project. Vraag het hen! Zij zullen u helpen bij het opstellen van uw specificaties\/verklaring van eisen.  <\/strong><\/p>\n<p>Op basis van een offerte, zodra we uw eisen en uw akkoord hebben ontvangen, kunnen we een oplossing op maat voor u ontwikkelen.<\/p>\n\t\t\t\t\t\t<\/div>\r\n\t\t\t\t<\/div>\r\n\t\t\t\t<div class=\"elementor-element elementor-element-e6a78eb elementor-align-center elementor-widget elementor-widget-button\" data-id=\"e6a78eb\" data-element_type=\"widget\" data-widget_type=\"button.default\">\r\n\t\t\t\t<div class=\"elementor-widget-container\">\r\n\t\t\t\t\t\t\t<div class=\"elementor-button-wrapper\">\r\n\t\t\t\t\t<a class=\"elementor-button elementor-button-link elementor-size-sm\" href=\"https:\/\/picsoo.be\/#contact\">\r\n\t\t\t\t\t\t<span class=\"elementor-button-content-wrapper\">\r\n\t\t\t\t\t\t\t\t\t<span class=\"elementor-button-text\">Contacteer ons<\/span>\r\n\t\t\t\t\t<\/span>\r\n\t\t\t\t\t<\/a>\r\n\t\t\t\t<\/div>\r\n\t\t\t\t\t\t<\/div>\r\n\t\t\t\t<\/div>\r\n\t\t\t\t\t<\/div>\r\n\t\t\t\t<\/div>\r\n\t\t\t\t<\/div>\r\n\t\t","protected":false},"excerpt":{"rendered":"<p>Diensten &amp; Ondersteuning Diensten worden geleverd door uw verdeler\/integrator. Afhankelijk van uw behoeften zal hij of zij u de best mogelijke ondersteuning bieden. MINDOO software en modules worden uitsluitend verkocht via ons netwerk van gecertificeerde en getrainde integrators. Deze accreditatie garandeert dat u samenwerkt met een gekwalificeerde professional die is opgeleid in het MINDOO software-aanbod [&hellip;]<\/p>\n","protected":false},"author":1,"featured_media":0,"parent":0,"menu_order":0,"comment_status":"closed","ping_status":"closed","template":"","meta":{"_acf_changed":false,"footnotes":""},"class_list":["post-5501","page","type-page","status-publish","hentry"],"acf":[],"yoast_head":"<!-- This site is optimized with the Yoast SEO plugin v23.9 - https:\/\/yoast.com\/wordpress\/plugins\/seo\/ -->\n<title>Services &amp; Support pour la comptabilit\u00e9.<\/title>\n<meta name=\"description\" content=\"Explorez les services de Mindoo, offrant des solutions de gestion et de comptabilit\u00e9 sur mesure pour les ind\u00e9pendants et petites entreprises.\" \/>\n<meta name=\"robots\" content=\"index, follow, max-snippet:-1, max-image-preview:large, max-video-preview:-1\" \/>\n<link rel=\"canonical\" href=\"https:\/\/picsoo.be\/nl\/services\/\" \/>\n<meta property=\"og:locale\" content=\"nl_NL\" \/>\n<meta property=\"og:type\" content=\"article\" \/>\n<meta property=\"og:title\" content=\"Services &amp; Support pour la comptabilit\u00e9.\" \/>\n<meta property=\"og:description\" content=\"Explorez les services de Mindoo, offrant des solutions de gestion et de comptabilit\u00e9 sur mesure pour les ind\u00e9pendants et petites entreprises.\" \/>\n<meta property=\"og:url\" content=\"https:\/\/picsoo.be\/nl\/services\/\" \/>\n<meta property=\"article:publisher\" content=\"https:\/\/www.facebook.com\/PicsooAccountingSolution\" \/>\n<meta property=\"article:modified_time\" content=\"2025-04-30T09:18:03+00:00\" \/>\n<meta name=\"twitter:card\" content=\"summary_large_image\" \/>\n<meta name=\"twitter:label1\" content=\"Geschatte leestijd\" \/>\n\t<meta name=\"twitter:data1\" content=\"1 minuut\" \/>\n<script type=\"application\/ld+json\" class=\"yoast-schema-graph\">{\"@context\":\"https:\/\/schema.org\",\"@graph\":[{\"@type\":\"WebPage\",\"@id\":\"https:\/\/picsoo.be\/nl\/services\/\",\"url\":\"https:\/\/picsoo.be\/nl\/services\/\",\"name\":\"Services & Support pour la comptabilit\u00e9.\",\"isPartOf\":{\"@id\":\"https:\/\/picsoo.be\/#website\"},\"datePublished\":\"2024-09-09T20:29:36+00:00\",\"dateModified\":\"2025-04-30T09:18:03+00:00\",\"description\":\"Explorez les services de Mindoo, offrant des solutions de gestion et de comptabilit\u00e9 sur mesure pour les ind\u00e9pendants et petites entreprises.\",\"breadcrumb\":{\"@id\":\"https:\/\/picsoo.be\/nl\/services\/#breadcrumb\"},\"inLanguage\":\"nl-NL\",\"potentialAction\":[{\"@type\":\"ReadAction\",\"target\":[\"https:\/\/picsoo.be\/nl\/services\/\"]}]},{\"@type\":\"BreadcrumbList\",\"@id\":\"https:\/\/picsoo.be\/nl\/services\/#breadcrumb\",\"itemListElement\":[{\"@type\":\"ListItem\",\"position\":1,\"name\":\"Accueil\",\"item\":\"https:\/\/picsoo.be\/nl\/\"},{\"@type\":\"ListItem\",\"position\":2,\"name\":\"Services\"}]},{\"@type\":\"WebSite\",\"@id\":\"https:\/\/picsoo.be\/#website\",\"url\":\"https:\/\/picsoo.be\/\",\"name\":\"Picsoo\",\"description\":\"Uw oplossing voor facturatie en boekhouding\",\"publisher\":{\"@id\":\"https:\/\/picsoo.be\/#organization\"},\"potentialAction\":[{\"@type\":\"SearchAction\",\"target\":{\"@type\":\"EntryPoint\",\"urlTemplate\":\"https:\/\/picsoo.be\/?s={search_term_string}\"},\"query-input\":{\"@type\":\"PropertyValueSpecification\",\"valueRequired\":true,\"valueName\":\"search_term_string\"}}],\"inLanguage\":\"nl-NL\"},{\"@type\":\"Organization\",\"@id\":\"https:\/\/picsoo.be\/#organization\",\"name\":\"Picsoo\",\"url\":\"https:\/\/picsoo.be\/\",\"logo\":{\"@type\":\"ImageObject\",\"inLanguage\":\"nl-NL\",\"@id\":\"https:\/\/picsoo.be\/#\/schema\/logo\/image\/\",\"url\":\"https:\/\/picsoo.be\/wp-content\/uploads\/2023\/10\/Picsoo-Labels-WebDesign2-1-1.png\",\"contentUrl\":\"https:\/\/picsoo.be\/wp-content\/uploads\/2023\/10\/Picsoo-Labels-WebDesign2-1-1.png\",\"width\":508,\"height\":164,\"caption\":\"Picsoo\"},\"image\":{\"@id\":\"https:\/\/picsoo.be\/#\/schema\/logo\/image\/\"},\"sameAs\":[\"https:\/\/www.facebook.com\/PicsooAccountingSolution\"]}]}<\/script>\n<!-- \/ Yoast SEO plugin. -->","yoast_head_json":{"title":"Services & Support pour la comptabilit\u00e9.","description":"Explorez les services de Mindoo, offrant des solutions de gestion et de comptabilit\u00e9 sur mesure pour les ind\u00e9pendants et petites entreprises.","robots":{"index":"index","follow":"follow","max-snippet":"max-snippet:-1","max-image-preview":"max-image-preview:large","max-video-preview":"max-video-preview:-1"},"canonical":"https:\/\/picsoo.be\/nl\/services\/","og_locale":"nl_NL","og_type":"article","og_title":"Services & Support pour la comptabilit\u00e9.","og_description":"Explorez les services de Mindoo, offrant des solutions de gestion et de comptabilit\u00e9 sur mesure pour les ind\u00e9pendants et petites entreprises.","og_url":"https:\/\/picsoo.be\/nl\/services\/","article_publisher":"https:\/\/www.facebook.com\/PicsooAccountingSolution","article_modified_time":"2025-04-30T09:18:03+00:00","twitter_card":"summary_large_image","twitter_misc":{"Geschatte leestijd":"1 minuut"},"schema":{"@context":"https:\/\/schema.org","@graph":[{"@type":"WebPage","@id":"https:\/\/picsoo.be\/nl\/services\/","url":"https:\/\/picsoo.be\/nl\/services\/","name":"Services & Support pour la comptabilit\u00e9.","isPartOf":{"@id":"https:\/\/picsoo.be\/#website"},"datePublished":"2024-09-09T20:29:36+00:00","dateModified":"2025-04-30T09:18:03+00:00","description":"Explorez les services de Mindoo, offrant des solutions de gestion et de comptabilit\u00e9 sur mesure pour les ind\u00e9pendants et petites entreprises.","breadcrumb":{"@id":"https:\/\/picsoo.be\/nl\/services\/#breadcrumb"},"inLanguage":"nl-NL","potentialAction":[{"@type":"ReadAction","target":["https:\/\/picsoo.be\/nl\/services\/"]}]},{"@type":"BreadcrumbList","@id":"https:\/\/picsoo.be\/nl\/services\/#breadcrumb","itemListElement":[{"@type":"ListItem","position":1,"name":"Accueil","item":"https:\/\/picsoo.be\/nl\/"},{"@type":"ListItem","position":2,"name":"Services"}]},{"@type":"WebSite","@id":"https:\/\/picsoo.be\/#website","url":"https:\/\/picsoo.be\/","name":"Picsoo","description":"Uw oplossing voor facturatie en boekhouding","publisher":{"@id":"https:\/\/picsoo.be\/#organization"},"potentialAction":[{"@type":"SearchAction","target":{"@type":"EntryPoint","urlTemplate":"https:\/\/picsoo.be\/?s={search_term_string}"},"query-input":{"@type":"PropertyValueSpecification","valueRequired":true,"valueName":"search_term_string"}}],"inLanguage":"nl-NL"},{"@type":"Organization","@id":"https:\/\/picsoo.be\/#organization","name":"Picsoo","url":"https:\/\/picsoo.be\/","logo":{"@type":"ImageObject","inLanguage":"nl-NL","@id":"https:\/\/picsoo.be\/#\/schema\/logo\/image\/","url":"https:\/\/picsoo.be\/wp-content\/uploads\/2023\/10\/Picsoo-Labels-WebDesign2-1-1.png","contentUrl":"https:\/\/picsoo.be\/wp-content\/uploads\/2023\/10\/Picsoo-Labels-WebDesign2-1-1.png","width":508,"height":164,"caption":"Picsoo"},"image":{"@id":"https:\/\/picsoo.be\/#\/schema\/logo\/image\/"},"sameAs":["https:\/\/www.facebook.com\/PicsooAccountingSolution"]}]}},"_links":{"self":[{"href":"https:\/\/picsoo.be\/nl\/wp-json\/wp\/v2\/pages\/5501","targetHints":{"allow":["GET"]}}],"collection":[{"href":"https:\/\/picsoo.be\/nl\/wp-json\/wp\/v2\/pages"}],"about":[{"href":"https:\/\/picsoo.be\/nl\/wp-json\/wp\/v2\/types\/page"}],"author":[{"embeddable":true,"href":"https:\/\/picsoo.be\/nl\/wp-json\/wp\/v2\/users\/1"}],"replies":[{"embeddable":true,"href":"https:\/\/picsoo.be\/nl\/wp-json\/wp\/v2\/comments?post=5501"}],"version-history":[{"count":3,"href":"https:\/\/picsoo.be\/nl\/wp-json\/wp\/v2\/pages\/5501\/revisions"}],"predecessor-version":[{"id":5510,"href":"https:\/\/picsoo.be\/nl\/wp-json\/wp\/v2\/pages\/5501\/revisions\/5510"}],"wp:attachment":[{"href":"https:\/\/picsoo.be\/nl\/wp-json\/wp\/v2\/media?parent=5501"}],"curies":[{"name":"wp","href":"https:\/\/api.w.org\/{rel}","templated":true}]}}